{"id":2,"date":"2021-05-11T16:21:41","date_gmt":"2021-05-11T14:21:41","guid":{"rendered":"http:\/\/ericbeeharry.re\/?page_id=2"},"modified":"2022-06-17T13:57:31","modified_gmt":"2022-06-17T09:57:31","slug":"accueil","status":"publish","type":"page","link":"https:\/\/ericbeeharry.re\/","title":{"rendered":"ACCUEIL"},"content":{"rendered":"<h4 style=\"text-align: center;\"><strong><span style=\"color: blue;\"><u>\u00c9RIC BEEHARRY SE RETIRE DE LA VIE POLITIQUE R\u00c9UNIONNAISE ET ACCEPTE DES OFFRES DE CARRI\u00c8RE POLITIQUE EN FRANCE<\/u><\/span><\/strong><\/h4>\n<p style=\"text-align: center;\"><strong><span style=\"color: blue;\">\u2b07\ufe0f Son communiqu\u00e9 ci-dessous (<a href=\"https:\/\/www.facebook.com\/nouvelles.reunion\/posts\/pfbid02t12eBMGufjbLq2tvQJsW62rTHccJXnumFRBm813Cfkr9ttiJviJqhsbWiaWdoASil\" rel=\"noopener\" target=\"_blank\">cliquez sur l&rsquo;image<\/a>) \u2b07\ufe0f<\/span><\/strong><\/p>\n<p><a href=\"https:\/\/www.facebook.com\/nouvelles.reunion\/posts\/pfbid02t12eBMGufjbLq2tvQJsW62rTHccJXnumFRBm813Cfkr9ttiJviJqhsbWiaWdoASil\" target=\"_blank\" rel=\"noopener\"><img loading=\"lazy\" class=\"alignnone wp-image-855 size-full\" src=\"https:\/\/ericbeeharry.re\/wp-content\/uploads\/2022\/06\/89035923_1980315408779649_2391932720969154560_n-bis.jpg\" alt=\"\" width=\"769\" height=\"769\" srcset=\"https:\/\/ericbeeharry.re\/wp-content\/uploads\/2022\/06\/89035923_1980315408779649_2391932720969154560_n-bis.jpg 769w, https:\/\/ericbeeharry.re\/wp-content\/uploads\/2022\/06\/89035923_1980315408779649_2391932720969154560_n-bis-300x300.jpg 300w, https:\/\/ericbeeharry.re\/wp-content\/uploads\/2022\/06\/89035923_1980315408779649_2391932720969154560_n-bis-150x150.jpg 150w\" sizes=\"(max-width: 769px) 100vw, 769px\" \/><\/a><\/p>\n<p style=\"text-align: center;\"><img loading=\"lazy\" class=\"aligncenter wp-image-409 size-full\" src=\"https:\/\/ericbeeharry.re\/wp-content\/uploads\/2022\/05\/Profession-de-foi-verso.png\" alt=\"\" width=\"769\" height=\"1089\" srcset=\"https:\/\/ericbeeharry.re\/wp-content\/uploads\/2022\/05\/Profession-de-foi-verso.png 769w, https:\/\/ericbeeharry.re\/wp-content\/uploads\/2022\/05\/Profession-de-foi-verso-212x300.png 212w, https:\/\/ericbeeharry.re\/wp-content\/uploads\/2022\/05\/Profession-de-foi-verso-723x1024.png 723w\" sizes=\"(max-width: 769px) 100vw, 769px\" \/><\/p>\n<p style=\"text-align: center;\"><b>LE PROGRAMME COMPLET<\/b> \u27a1\ufe0f <a href=\"https:\/\/ericbeeharry.re\/index.php\/programme\/\" target=\"_blank\" rel=\"noopener\">ICI<\/a><\/p>\n","protected":false},"excerpt":{"rendered":"<p>\u00c9RIC BEEHARRY SE RETIRE DE LA VIE POLITIQUE R\u00c9UNIONNAISE ET ACCEPTE DES OFFRES DE CARRI\u00c8RE POLITIQUE EN FRANCE \u2b07\ufe0f Son communiqu\u00e9 ci-dessous (cliquez sur l&rsquo;image) \u2b07\ufe0f LE PROGRAMME COMPLET \u27a1\ufe0f ICI<\/p>\n","protected":false},"author":1,"featured_media":418,"parent":0,"menu_order":0,"comment_status":"closed","ping_status":"open","template":"templates\/template-cover.php","meta":[],"yoast_head":"<!-- This site is optimized with the Yoast SEO plugin v17.8 - https:\/\/yoast.com\/wordpress\/plugins\/seo\/ -->\n<title>ACCUEIL - Nouvelle R\u00e9union - \u00c9ric Beeharry<\/title>\n<meta name=\"description\" content=\"Innovations dans l&#039;\u00e9conomie, le social, l&#039;\u00e9cologie et les institutions... Ou comment r\u00e9volutionner la R\u00e9union... Eric Beeharry\" \/>\n<meta name=\"robots\" content=\"index, follow, max-snippet:-1, max-image-preview:large, max-video-preview:-1\" \/>\n<link rel=\"canonical\" href=\"https:\/\/ericbeeharry.re\/\" \/>\n<meta property=\"og:locale\" content=\"fr_FR\" \/>\n<meta property=\"og:type\" content=\"article\" \/>\n<meta property=\"og:title\" content=\"ACCUEIL - Nouvelle R\u00e9union - \u00c9ric Beeharry\" \/>\n<meta property=\"og:description\" content=\"Ou comment r\u00e9volutionner positivement la R\u00e9union en peu de temps...\" \/>\n<meta property=\"og:url\" content=\"https:\/\/ericbeeharry.re\/\" \/>\n<meta property=\"og:site_name\" content=\"Nouvelle R\u00e9union - \u00c9ric Beeharry\" \/>\n<meta property=\"article:modified_time\" content=\"2022-06-17T09:57:31+00:00\" \/>\n<meta property=\"og:image\" content=\"https:\/\/ericbeeharry.re\/wp-content\/uploads\/2021\/05\/89035923_1980315408779649_2391932720969154560_n.jpg\" \/>\n\t<meta property=\"og:image:width\" content=\"769\" \/>\n\t<meta property=\"og:image:height\" content=\"769\" \/>\n<meta name=\"twitter:card\" content=\"summary_large_image\" \/>\n<meta name=\"twitter:label1\" content=\"Dur\u00e9e de lecture estim\u00e9e\" \/>\n\t<meta name=\"twitter:data1\" content=\"1 minute\" \/>\n<script type=\"application\/ld+json\" class=\"yoast-schema-graph\">{\"@context\":\"https:\/\/schema.org\",\"@graph\":[{\"@type\":\"WebSite\",\"@id\":\"https:\/\/ericbeeharry.re\/#website\",\"url\":\"https:\/\/ericbeeharry.re\/\",\"name\":\"Nouvelle R\\u00e9union - \\u00c9ric Beeharry\",\"description\":\"\",\"potentialAction\":[{\"@type\":\"SearchAction\",\"target\":{\"@type\":\"EntryPoint\",\"urlTemplate\":\"https:\/\/ericbeeharry.re\/?s={search_term_string}\"},\"query-input\":\"required name=search_term_string\"}],\"inLanguage\":\"fr-FR\"},{\"@type\":\"ImageObject\",\"@id\":\"https:\/\/ericbeeharry.re\/#primaryimage\",\"inLanguage\":\"fr-FR\",\"url\":\"https:\/\/ericbeeharry.re\/wp-content\/uploads\/2021\/05\/89035923_1980315408779649_2391932720969154560_n.jpg\",\"contentUrl\":\"https:\/\/ericbeeharry.re\/wp-content\/uploads\/2021\/05\/89035923_1980315408779649_2391932720969154560_n.jpg\",\"width\":769,\"height\":769},{\"@type\":\"WebPage\",\"@id\":\"https:\/\/ericbeeharry.re\/#webpage\",\"url\":\"https:\/\/ericbeeharry.re\/\",\"name\":\"ACCUEIL - Nouvelle R\\u00e9union - \\u00c9ric Beeharry\",\"isPartOf\":{\"@id\":\"https:\/\/ericbeeharry.re\/#website\"},\"primaryImageOfPage\":{\"@id\":\"https:\/\/ericbeeharry.re\/#primaryimage\"},\"datePublished\":\"2021-05-11T14:21:41+00:00\",\"dateModified\":\"2022-06-17T09:57:31+00:00\",\"description\":\"Innovations dans l'\\u00e9conomie, le social, l'\\u00e9cologie et les institutions... Ou comment r\\u00e9volutionner la R\\u00e9union... Eric Beeharry\",\"breadcrumb\":{\"@id\":\"https:\/\/ericbeeharry.re\/#breadcrumb\"},\"inLanguage\":\"fr-FR\",\"potentialAction\":[{\"@type\":\"ReadAction\",\"target\":[\"https:\/\/ericbeeharry.re\/\"]}]},{\"@type\":\"BreadcrumbList\",\"@id\":\"https:\/\/ericbeeharry.re\/#breadcrumb\",\"itemListElement\":[{\"@type\":\"ListItem\",\"position\":1,\"name\":\"Accueil\",\"item\":\"https:\/\/ericbeeharry.re\/\"},{\"@type\":\"ListItem\",\"position\":2,\"name\":\"ACCUEIL\"}]}]}<\/script>\n<!-- \/ Yoast SEO plugin. -->","yoast_head_json":{"title":"ACCUEIL - Nouvelle R\u00e9union - \u00c9ric Beeharry","description":"Innovations dans l'\u00e9conomie, le social, l'\u00e9cologie et les institutions... Ou comment r\u00e9volutionner la R\u00e9union... Eric Beeharry","robots":{"index":"index","follow":"follow","max-snippet":"max-snippet:-1","max-image-preview":"max-image-preview:large","max-video-preview":"max-video-preview:-1"},"canonical":"https:\/\/ericbeeharry.re\/","og_locale":"fr_FR","og_type":"article","og_title":"ACCUEIL - Nouvelle R\u00e9union - \u00c9ric Beeharry","og_description":"Ou comment r\u00e9volutionner positivement la R\u00e9union en peu de temps...","og_url":"https:\/\/ericbeeharry.re\/","og_site_name":"Nouvelle R\u00e9union - \u00c9ric Beeharry","article_modified_time":"2022-06-17T09:57:31+00:00","og_image":[{"width":769,"height":769,"url":"https:\/\/ericbeeharry.re\/wp-content\/uploads\/2021\/05\/89035923_1980315408779649_2391932720969154560_n.jpg","type":"image\/jpeg"}],"twitter_card":"summary_large_image","twitter_misc":{"Dur\u00e9e de lecture estim\u00e9e":"1 minute"},"schema":{"@context":"https:\/\/schema.org","@graph":[{"@type":"WebSite","@id":"https:\/\/ericbeeharry.re\/#website","url":"https:\/\/ericbeeharry.re\/","name":"Nouvelle R\u00e9union - \u00c9ric Beeharry","description":"","potentialAction":[{"@type":"SearchAction","target":{"@type":"EntryPoint","urlTemplate":"https:\/\/ericbeeharry.re\/?s={search_term_string}"},"query-input":"required name=search_term_string"}],"inLanguage":"fr-FR"},{"@type":"ImageObject","@id":"https:\/\/ericbeeharry.re\/#primaryimage","inLanguage":"fr-FR","url":"https:\/\/ericbeeharry.re\/wp-content\/uploads\/2021\/05\/89035923_1980315408779649_2391932720969154560_n.jpg","contentUrl":"https:\/\/ericbeeharry.re\/wp-content\/uploads\/2021\/05\/89035923_1980315408779649_2391932720969154560_n.jpg","width":769,"height":769},{"@type":"WebPage","@id":"https:\/\/ericbeeharry.re\/#webpage","url":"https:\/\/ericbeeharry.re\/","name":"ACCUEIL - Nouvelle R\u00e9union - \u00c9ric Beeharry","isPartOf":{"@id":"https:\/\/ericbeeharry.re\/#website"},"primaryImageOfPage":{"@id":"https:\/\/ericbeeharry.re\/#primaryimage"},"datePublished":"2021-05-11T14:21:41+00:00","dateModified":"2022-06-17T09:57:31+00:00","description":"Innovations dans l'\u00e9conomie, le social, l'\u00e9cologie et les institutions... Ou comment r\u00e9volutionner la R\u00e9union... Eric Beeharry","breadcrumb":{"@id":"https:\/\/ericbeeharry.re\/#breadcrumb"},"inLanguage":"fr-FR","potentialAction":[{"@type":"ReadAction","target":["https:\/\/ericbeeharry.re\/"]}]},{"@type":"BreadcrumbList","@id":"https:\/\/ericbeeharry.re\/#breadcrumb","itemListElement":[{"@type":"ListItem","position":1,"name":"Accueil","item":"https:\/\/ericbeeharry.re\/"},{"@type":"ListItem","position":2,"name":"ACCUEIL"}]}]}},"_links":{"self":[{"href":"https:\/\/ericbeeharry.re\/index.php\/wp-json\/wp\/v2\/pages\/2"}],"collection":[{"href":"https:\/\/ericbeeharry.re\/index.php\/wp-json\/wp\/v2\/pages"}],"about":[{"href":"https:\/\/ericbeeharry.re\/index.php\/wp-json\/wp\/v2\/types\/page"}],"author":[{"embeddable":true,"href":"https:\/\/ericbeeharry.re\/index.php\/wp-json\/wp\/v2\/users\/1"}],"replies":[{"embeddable":true,"href":"https:\/\/ericbeeharry.re\/index.php\/wp-json\/wp\/v2\/comments?post=2"}],"version-history":[{"count":93,"href":"https:\/\/ericbeeharry.re\/index.php\/wp-json\/wp\/v2\/pages\/2\/revisions"}],"predecessor-version":[{"id":871,"href":"https:\/\/ericbeeharry.re\/index.php\/wp-json\/wp\/v2\/pages\/2\/revisions\/871"}],"wp:featuredmedia":[{"embeddable":true,"href":"https:\/\/ericbeeharry.re\/index.php\/wp-json\/wp\/v2\/media\/418"}],"wp:attachment":[{"href":"https:\/\/ericbeeharry.re\/index.php\/wp-json\/wp\/v2\/media?parent=2"}],"curies":[{"name":"wp","href":"https:\/\/api.w.org\/{rel}","templated":true}]}}