{"id":450,"date":"2022-05-30T12:44:34","date_gmt":"2022-05-30T08:44:34","guid":{"rendered":"https:\/\/ericbeeharry.re\/?page_id=450"},"modified":"2022-06-02T14:27:22","modified_gmt":"2022-06-02T10:27:22","slug":"economie","status":"publish","type":"page","link":"https:\/\/ericbeeharry.re\/index.php\/programme\/economie\/","title":{"rendered":"\u00c9CONOMIE"},"content":{"rendered":"<p><img loading=\"lazy\" class=\"size-full wp-image-605 aligncenter\" src=\"https:\/\/ericbeeharry.re\/wp-content\/uploads\/2022\/05\/La-Defense-1.jpg\" alt=\"\" width=\"612\" height=\"408\" srcset=\"https:\/\/ericbeeharry.re\/wp-content\/uploads\/2022\/05\/La-Defense-1.jpg 612w, https:\/\/ericbeeharry.re\/wp-content\/uploads\/2022\/05\/La-Defense-1-300x200.jpg 300w\" sizes=\"(max-width: 612px) 100vw, 612px\" \/><\/p>\n<p><strong>L\u2019\u00e9conomie r\u00e9unionnaise est sous-d\u00e9velopp\u00e9e et largement domin\u00e9e par la fonction publique et le traitement social du ch\u00f4mage (via la commande publique aux entreprises et les subventions aux associations notamment).<\/strong><\/p>\n<p><strong>Les politiciens doivent donc tenir un discours clair sur le retard \u00e9conomique de la R\u00e9union, proposer et appliquer des politiques favorisant la cr\u00e9ation de richesses.<\/strong><\/p>\n<p><strong>De m\u00eame les entrepreneurs doivent impulser ce changement de syst\u00e8me, en n\u2019h\u00e9sitant plus \u00e0 investir, \u00e0 innover et \u00e0 faire confiance aux jeunes et aux cr\u00e9opolitains sur le retour pleins de nouvelles id\u00e9es.<\/strong><\/p>\n<p style=\"text-align: center;\"><a href=\"https:\/\/ericbeeharry.re\/index.php\/programme\/economie\/pouvoir-dachat\" target=\"_blank\" rel=\"noopener\"><strong>POUVOIR D&rsquo;ACHAT<\/strong><\/a><\/p>\n<p style=\"text-align: center;\"><a href=\"https:\/\/ericbeeharry.re\/index.php\/programme\/economie\/garantie-universelle\" target=\"_blank\" rel=\"noopener\"><strong>GARANTIE UNIVERSELLE<\/strong><\/a><\/p>\n<p style=\"text-align: center;\"><a href=\"https:\/\/ericbeeharry.re\/index.php\/programme\/economie\/fonds-pour-la-creation-dentreprises\" target=\"_blank\" rel=\"noopener\"><strong>FONDS POUR LA CR\u00c9ATION D&rsquo;ENTREPRISES<\/strong><\/a><\/p>\n<p style=\"text-align: center;\"><a href=\"https:\/\/ericbeeharry.re\/index.php\/programme\/economie\/contrat-relance-emploi\" target=\"_blank\" rel=\"noopener\">CONTRAT RELANCE EMPLOI<\/a><\/p>\n<p style=\"text-align: center;\"><a href=\"https:\/\/ericbeeharry.re\/index.php\/programme\/economie\/impot-unique-de-10\" target=\"_blank\" rel=\"noopener\"><strong>IMP\u00d4T UNIQUE DE 10%<\/strong><\/a><\/p>\n<p style=\"text-align: center;\"><a href=\"https:\/\/ericbeeharry.re\/index.php\/programme\/economie\/pacte-pour-le-tourisme\" target=\"_blank\" rel=\"noopener\">PACTE POUR LE TOURISME<\/a><\/p>\n<p style=\"text-align: center;\"><a href=\"https:\/\/ericbeeharry.re\/index.php\/programme\/economie\/modele-economique-et-social\" target=\"_blank\" rel=\"noopener\">MOD\u00c8LE \u00c9CONOMIQUE ET SOCIAL<\/a><\/p>\n","protected":false},"excerpt":{"rendered":"<p>L\u2019\u00e9conomie r\u00e9unionnaise est sous-d\u00e9velopp\u00e9e et largement domin\u00e9e par la fonction publique et le traitement social du ch\u00f4mage (via la commande publique aux entreprises et les subventions aux associations notamment). Les politiciens doivent donc tenir un discours clair sur le retard \u00e9conomique de la R\u00e9union, proposer et appliquer des politiques favorisant la cr\u00e9ation de richesses. De [&hellip;]<\/p>\n","protected":false},"author":1,"featured_media":418,"parent":52,"menu_order":0,"comment_status":"closed","ping_status":"closed","template":"templates\/template-cover.php","meta":[],"yoast_head":"<!-- This site is optimized with the Yoast SEO plugin v17.8 - https:\/\/yoast.com\/wordpress\/plugins\/seo\/ -->\n<title>\u00c9CONOMIE - Nouvelle R\u00e9union - \u00c9ric Beeharry<\/title>\n<meta name=\"robots\" content=\"index, follow, max-snippet:-1, max-image-preview:large, max-video-preview:-1\" \/>\n<link rel=\"canonical\" href=\"https:\/\/ericbeeharry.re\/index.php\/programme\/economie\/\" \/>\n<meta property=\"og:locale\" content=\"fr_FR\" \/>\n<meta property=\"og:type\" content=\"article\" \/>\n<meta property=\"og:title\" content=\"\u00c9CONOMIE - Nouvelle R\u00e9union - \u00c9ric Beeharry\" \/>\n<meta property=\"og:description\" content=\"L\u2019\u00e9conomie r\u00e9unionnaise est sous-d\u00e9velopp\u00e9e et largement domin\u00e9e par la fonction publique et le traitement social du ch\u00f4mage (via la commande publique aux entreprises et les subventions aux associations notamment). Les politiciens doivent donc tenir un discours clair sur le retard \u00e9conomique de la R\u00e9union, proposer et appliquer des politiques favorisant la cr\u00e9ation de richesses. De [&hellip;]\" \/>\n<meta property=\"og:url\" content=\"https:\/\/ericbeeharry.re\/index.php\/programme\/economie\/\" \/>\n<meta property=\"og:site_name\" content=\"Nouvelle R\u00e9union - \u00c9ric Beeharry\" \/>\n<meta property=\"article:modified_time\" content=\"2022-06-02T10:27:22+00:00\" \/>\n<meta property=\"og:image\" content=\"https:\/\/ericbeeharry.re\/wp-content\/uploads\/2022\/05\/Galaxie-Photo-Bordure-General-Twitch-Banniere.png\" \/>\n\t<meta property=\"og:image:width\" content=\"900\" \/>\n\t<meta property=\"og:image:height\" content=\"480\" \/>\n<meta name=\"twitter:card\" content=\"summary_large_image\" \/>\n<meta name=\"twitter:label1\" content=\"Dur\u00e9e de lecture estim\u00e9e\" \/>\n\t<meta name=\"twitter:data1\" content=\"1 minute\" \/>\n<script type=\"application\/ld+json\" class=\"yoast-schema-graph\">{\"@context\":\"https:\/\/schema.org\",\"@graph\":[{\"@type\":\"WebSite\",\"@id\":\"https:\/\/ericbeeharry.re\/#website\",\"url\":\"https:\/\/ericbeeharry.re\/\",\"name\":\"Nouvelle R\\u00e9union - \\u00c9ric Beeharry\",\"description\":\"\",\"potentialAction\":[{\"@type\":\"SearchAction\",\"target\":{\"@type\":\"EntryPoint\",\"urlTemplate\":\"https:\/\/ericbeeharry.re\/?s={search_term_string}\"},\"query-input\":\"required name=search_term_string\"}],\"inLanguage\":\"fr-FR\"},{\"@type\":\"ImageObject\",\"@id\":\"https:\/\/ericbeeharry.re\/index.php\/programme\/economie\/#primaryimage\",\"inLanguage\":\"fr-FR\",\"url\":\"https:\/\/ericbeeharry.re\/wp-content\/uploads\/2022\/05\/Galaxie-Photo-Bordure-General-Twitch-Banniere.png\",\"contentUrl\":\"https:\/\/ericbeeharry.re\/wp-content\/uploads\/2022\/05\/Galaxie-Photo-Bordure-General-Twitch-Banniere.png\",\"width\":900,\"height\":480},{\"@type\":\"WebPage\",\"@id\":\"https:\/\/ericbeeharry.re\/index.php\/programme\/economie\/#webpage\",\"url\":\"https:\/\/ericbeeharry.re\/index.php\/programme\/economie\/\",\"name\":\"\\u00c9CONOMIE - Nouvelle R\\u00e9union - \\u00c9ric Beeharry\",\"isPartOf\":{\"@id\":\"https:\/\/ericbeeharry.re\/#website\"},\"primaryImageOfPage\":{\"@id\":\"https:\/\/ericbeeharry.re\/index.php\/programme\/economie\/#primaryimage\"},\"datePublished\":\"2022-05-30T08:44:34+00:00\",\"dateModified\":\"2022-06-02T10:27:22+00:00\",\"breadcrumb\":{\"@id\":\"https:\/\/ericbeeharry.re\/index.php\/programme\/economie\/#breadcrumb\"},\"inLanguage\":\"fr-FR\",\"potentialAction\":[{\"@type\":\"ReadAction\",\"target\":[\"https:\/\/ericbeeharry.re\/index.php\/programme\/economie\/\"]}]},{\"@type\":\"BreadcrumbList\",\"@id\":\"https:\/\/ericbeeharry.re\/index.php\/programme\/economie\/#breadcrumb\",\"itemListElement\":[{\"@type\":\"ListItem\",\"position\":1,\"name\":\"Accueil\",\"item\":\"https:\/\/ericbeeharry.re\/\"},{\"@type\":\"ListItem\",\"position\":2,\"name\":\"PROGRAMME\",\"item\":\"https:\/\/ericbeeharry.re\/index.php\/programme\/\"},{\"@type\":\"ListItem\",\"position\":3,\"name\":\"\\u00c9CONOMIE\"}]}]}<\/script>\n<!-- \/ Yoast SEO plugin. -->","yoast_head_json":{"title":"\u00c9CONOMIE - Nouvelle R\u00e9union - \u00c9ric Beeharry","robots":{"index":"index","follow":"follow","max-snippet":"max-snippet:-1","max-image-preview":"max-image-preview:large","max-video-preview":"max-video-preview:-1"},"canonical":"https:\/\/ericbeeharry.re\/index.php\/programme\/economie\/","og_locale":"fr_FR","og_type":"article","og_title":"\u00c9CONOMIE - Nouvelle R\u00e9union - \u00c9ric Beeharry","og_description":"L\u2019\u00e9conomie r\u00e9unionnaise est sous-d\u00e9velopp\u00e9e et largement domin\u00e9e par la fonction publique et le traitement social du ch\u00f4mage (via la commande publique aux entreprises et les subventions aux associations notamment). Les politiciens doivent donc tenir un discours clair sur le retard \u00e9conomique de la R\u00e9union, proposer et appliquer des politiques favorisant la cr\u00e9ation de richesses. De [&hellip;]","og_url":"https:\/\/ericbeeharry.re\/index.php\/programme\/economie\/","og_site_name":"Nouvelle R\u00e9union - \u00c9ric Beeharry","article_modified_time":"2022-06-02T10:27:22+00:00","og_image":[{"width":900,"height":480,"url":"https:\/\/ericbeeharry.re\/wp-content\/uploads\/2022\/05\/Galaxie-Photo-Bordure-General-Twitch-Banniere.png","type":"image\/png"}],"twitter_card":"summary_large_image","twitter_misc":{"Dur\u00e9e de lecture estim\u00e9e":"1 minute"},"schema":{"@context":"https:\/\/schema.org","@graph":[{"@type":"WebSite","@id":"https:\/\/ericbeeharry.re\/#website","url":"https:\/\/ericbeeharry.re\/","name":"Nouvelle R\u00e9union - \u00c9ric Beeharry","description":"","potentialAction":[{"@type":"SearchAction","target":{"@type":"EntryPoint","urlTemplate":"https:\/\/ericbeeharry.re\/?s={search_term_string}"},"query-input":"required name=search_term_string"}],"inLanguage":"fr-FR"},{"@type":"ImageObject","@id":"https:\/\/ericbeeharry.re\/index.php\/programme\/economie\/#primaryimage","inLanguage":"fr-FR","url":"https:\/\/ericbeeharry.re\/wp-content\/uploads\/2022\/05\/Galaxie-Photo-Bordure-General-Twitch-Banniere.png","contentUrl":"https:\/\/ericbeeharry.re\/wp-content\/uploads\/2022\/05\/Galaxie-Photo-Bordure-General-Twitch-Banniere.png","width":900,"height":480},{"@type":"WebPage","@id":"https:\/\/ericbeeharry.re\/index.php\/programme\/economie\/#webpage","url":"https:\/\/ericbeeharry.re\/index.php\/programme\/economie\/","name":"\u00c9CONOMIE - Nouvelle R\u00e9union - \u00c9ric Beeharry","isPartOf":{"@id":"https:\/\/ericbeeharry.re\/#website"},"primaryImageOfPage":{"@id":"https:\/\/ericbeeharry.re\/index.php\/programme\/economie\/#primaryimage"},"datePublished":"2022-05-30T08:44:34+00:00","dateModified":"2022-06-02T10:27:22+00:00","breadcrumb":{"@id":"https:\/\/ericbeeharry.re\/index.php\/programme\/economie\/#breadcrumb"},"inLanguage":"fr-FR","potentialAction":[{"@type":"ReadAction","target":["https:\/\/ericbeeharry.re\/index.php\/programme\/economie\/"]}]},{"@type":"BreadcrumbList","@id":"https:\/\/ericbeeharry.re\/index.php\/programme\/economie\/#breadcrumb","itemListElement":[{"@type":"ListItem","position":1,"name":"Accueil","item":"https:\/\/ericbeeharry.re\/"},{"@type":"ListItem","position":2,"name":"PROGRAMME","item":"https:\/\/ericbeeharry.re\/index.php\/programme\/"},{"@type":"ListItem","position":3,"name":"\u00c9CONOMIE"}]}]}},"_links":{"self":[{"href":"https:\/\/ericbeeharry.re\/index.php\/wp-json\/wp\/v2\/pages\/450"}],"collection":[{"href":"https:\/\/ericbeeharry.re\/index.php\/wp-json\/wp\/v2\/pages"}],"about":[{"href":"https:\/\/ericbeeharry.re\/index.php\/wp-json\/wp\/v2\/types\/page"}],"author":[{"embeddable":true,"href":"https:\/\/ericbeeharry.re\/index.php\/wp-json\/wp\/v2\/users\/1"}],"replies":[{"embeddable":true,"href":"https:\/\/ericbeeharry.re\/index.php\/wp-json\/wp\/v2\/comments?post=450"}],"version-history":[{"count":9,"href":"https:\/\/ericbeeharry.re\/index.php\/wp-json\/wp\/v2\/pages\/450\/revisions"}],"predecessor-version":[{"id":821,"href":"https:\/\/ericbeeharry.re\/index.php\/wp-json\/wp\/v2\/pages\/450\/revisions\/821"}],"up":[{"embeddable":true,"href":"https:\/\/ericbeeharry.re\/index.php\/wp-json\/wp\/v2\/pages\/52"}],"wp:featuredmedia":[{"embeddable":true,"href":"https:\/\/ericbeeharry.re\/index.php\/wp-json\/wp\/v2\/media\/418"}],"wp:attachment":[{"href":"https:\/\/ericbeeharry.re\/index.php\/wp-json\/wp\/v2\/media?parent=450"}],"curies":[{"name":"wp","href":"https:\/\/api.w.org\/{rel}","templated":true}]}}