{"id":480,"date":"2022-05-30T13:22:53","date_gmt":"2022-05-30T09:22:53","guid":{"rendered":"https:\/\/ericbeeharry.re\/?page_id=480"},"modified":"2022-05-30T18:39:55","modified_gmt":"2022-05-30T14:39:55","slug":"societe","status":"publish","type":"page","link":"https:\/\/ericbeeharry.re\/index.php\/programme\/societe\/","title":{"rendered":"SOCI\u00c9T\u00c9"},"content":{"rendered":"<p><strong><img loading=\"lazy\" class=\"aligncenter size-full wp-image-628\" src=\"https:\/\/ericbeeharry.re\/wp-content\/uploads\/2022\/05\/Enfants-reunionnais-1.jpg\" alt=\"\" width=\"310\" height=\"163\" srcset=\"https:\/\/ericbeeharry.re\/wp-content\/uploads\/2022\/05\/Enfants-reunionnais-1.jpg 310w, https:\/\/ericbeeharry.re\/wp-content\/uploads\/2022\/05\/Enfants-reunionnais-1-300x158.jpg 300w\" sizes=\"(max-width: 310px) 100vw, 310px\" \/><\/strong><\/p>\n<p><strong>La soci\u00e9t\u00e9 r\u00e9unionnaise est tr\u00e8s diverse : socialement, ethniquement, culturellement, intellectuellement\u2026 La maintenir ensemble rel\u00e8ve donc d\u2019un v\u00e9ritable challenge, sa coh\u00e9sion sociale constitue un grand d\u00e9fi politique. D\u2019autant plus que le repli identitaire et le populisme accentu\u00e9s ces derni\u00e8res ann\u00e9es ont bris\u00e9 le fameux vivre ensemble \u00e0 la r\u00e9unionnaise qui faisait jusque l\u00e0 notre fiert\u00e9.<\/strong><\/p>\n<p><strong>Pour parvenir \u00e0 cette coh\u00e9sion, \u00e0 cette Nouvelle R\u00e9union, il convient d\u2019harmoniser les standards de vie et les m\u0153urs. Cela passe par de l\u2019\u00e9ducation populaire, de la formation sup\u00e9rieure, de l\u2019\u00e9galit\u00e9 des chances et un boom \u00e9conomique partag\u00e9. Mais aussi par la r\u00e9pression de tout acte contraire aux Droits de l\u2019Homme. Enfin nous avons besoin de nouveaux m\u00e9dias refl\u00e9tant la R\u00e9union dans toute sa diversit\u00e9, dans toute sa modernit\u00e9.<\/strong><\/p>\n<p style=\"text-align: center;\"><strong><a href=\"https:\/\/ericbeeharry.re\/index.php\/programme\/economie\/allocation-universelle\" target=\"_blank\" rel=\"noopener\">ALLOCATION UNIVERSELLE<\/a><\/strong><\/p>\n<p style=\"text-align: center;\"><strong><a href=\"https:\/\/ericbeeharry.re\/index.php\/programme\/societe\/gratuite-des-transports\" target=\"_blank\" rel=\"noopener\">GRATUIT\u00c9 DES TRANSPORTS<\/a><\/strong><\/p>\n<p style=\"text-align: center;\"><strong><a href=\"https:\/\/ericbeeharry.re\/index.php\/programme\/societe\/harcelement-moral\" target=\"_blank\" rel=\"noopener\">HARC\u00c8LEMENT MORAL<\/a><\/strong><\/p>\n","protected":false},"excerpt":{"rendered":"<p>La soci\u00e9t\u00e9 r\u00e9unionnaise est tr\u00e8s diverse : socialement, ethniquement, culturellement, intellectuellement\u2026 La maintenir ensemble rel\u00e8ve donc d\u2019un v\u00e9ritable challenge, sa coh\u00e9sion sociale constitue un grand d\u00e9fi politique. D\u2019autant plus que le repli identitaire et le populisme accentu\u00e9s ces derni\u00e8res ann\u00e9es ont bris\u00e9 le fameux vivre ensemble \u00e0 la r\u00e9unionnaise qui faisait jusque l\u00e0 notre fiert\u00e9. [&hellip;]<\/p>\n","protected":false},"author":1,"featured_media":418,"parent":52,"menu_order":2,"comment_status":"closed","ping_status":"closed","template":"templates\/template-cover.php","meta":[],"yoast_head":"<!-- This site is optimized with the Yoast SEO plugin v17.8 - https:\/\/yoast.com\/wordpress\/plugins\/seo\/ -->\n<title>SOCI\u00c9T\u00c9 - Nouvelle R\u00e9union - \u00c9ric Beeharry<\/title>\n<meta name=\"robots\" content=\"index, follow, max-snippet:-1, max-image-preview:large, max-video-preview:-1\" \/>\n<link rel=\"canonical\" href=\"https:\/\/ericbeeharry.re\/index.php\/programme\/societe\/\" \/>\n<meta property=\"og:locale\" content=\"fr_FR\" \/>\n<meta property=\"og:type\" content=\"article\" \/>\n<meta property=\"og:title\" content=\"SOCI\u00c9T\u00c9 - Nouvelle R\u00e9union - \u00c9ric Beeharry\" \/>\n<meta property=\"og:description\" content=\"La soci\u00e9t\u00e9 r\u00e9unionnaise est tr\u00e8s diverse : socialement, ethniquement, culturellement, intellectuellement\u2026 La maintenir ensemble rel\u00e8ve donc d\u2019un v\u00e9ritable challenge, sa coh\u00e9sion sociale constitue un grand d\u00e9fi politique. D\u2019autant plus que le repli identitaire et le populisme accentu\u00e9s ces derni\u00e8res ann\u00e9es ont bris\u00e9 le fameux vivre ensemble \u00e0 la r\u00e9unionnaise qui faisait jusque l\u00e0 notre fiert\u00e9. [&hellip;]\" \/>\n<meta property=\"og:url\" content=\"https:\/\/ericbeeharry.re\/index.php\/programme\/societe\/\" \/>\n<meta property=\"og:site_name\" content=\"Nouvelle R\u00e9union - \u00c9ric Beeharry\" \/>\n<meta property=\"article:modified_time\" content=\"2022-05-30T14:39:55+00:00\" \/>\n<meta property=\"og:image\" content=\"https:\/\/ericbeeharry.re\/wp-content\/uploads\/2022\/05\/Galaxie-Photo-Bordure-General-Twitch-Banniere.png\" \/>\n\t<meta property=\"og:image:width\" content=\"900\" \/>\n\t<meta property=\"og:image:height\" content=\"480\" \/>\n<meta name=\"twitter:card\" content=\"summary_large_image\" \/>\n<meta name=\"twitter:label1\" content=\"Dur\u00e9e de lecture estim\u00e9e\" \/>\n\t<meta name=\"twitter:data1\" content=\"1 minute\" \/>\n<script type=\"application\/ld+json\" class=\"yoast-schema-graph\">{\"@context\":\"https:\/\/schema.org\",\"@graph\":[{\"@type\":\"WebSite\",\"@id\":\"https:\/\/ericbeeharry.re\/#website\",\"url\":\"https:\/\/ericbeeharry.re\/\",\"name\":\"Nouvelle R\\u00e9union - \\u00c9ric Beeharry\",\"description\":\"\",\"potentialAction\":[{\"@type\":\"SearchAction\",\"target\":{\"@type\":\"EntryPoint\",\"urlTemplate\":\"https:\/\/ericbeeharry.re\/?s={search_term_string}\"},\"query-input\":\"required name=search_term_string\"}],\"inLanguage\":\"fr-FR\"},{\"@type\":\"ImageObject\",\"@id\":\"https:\/\/ericbeeharry.re\/index.php\/programme\/societe\/#primaryimage\",\"inLanguage\":\"fr-FR\",\"url\":\"https:\/\/ericbeeharry.re\/wp-content\/uploads\/2022\/05\/Galaxie-Photo-Bordure-General-Twitch-Banniere.png\",\"contentUrl\":\"https:\/\/ericbeeharry.re\/wp-content\/uploads\/2022\/05\/Galaxie-Photo-Bordure-General-Twitch-Banniere.png\",\"width\":900,\"height\":480},{\"@type\":\"WebPage\",\"@id\":\"https:\/\/ericbeeharry.re\/index.php\/programme\/societe\/#webpage\",\"url\":\"https:\/\/ericbeeharry.re\/index.php\/programme\/societe\/\",\"name\":\"SOCI\\u00c9T\\u00c9 - Nouvelle R\\u00e9union - \\u00c9ric Beeharry\",\"isPartOf\":{\"@id\":\"https:\/\/ericbeeharry.re\/#website\"},\"primaryImageOfPage\":{\"@id\":\"https:\/\/ericbeeharry.re\/index.php\/programme\/societe\/#primaryimage\"},\"datePublished\":\"2022-05-30T09:22:53+00:00\",\"dateModified\":\"2022-05-30T14:39:55+00:00\",\"breadcrumb\":{\"@id\":\"https:\/\/ericbeeharry.re\/index.php\/programme\/societe\/#breadcrumb\"},\"inLanguage\":\"fr-FR\",\"potentialAction\":[{\"@type\":\"ReadAction\",\"target\":[\"https:\/\/ericbeeharry.re\/index.php\/programme\/societe\/\"]}]},{\"@type\":\"BreadcrumbList\",\"@id\":\"https:\/\/ericbeeharry.re\/index.php\/programme\/societe\/#breadcrumb\",\"itemListElement\":[{\"@type\":\"ListItem\",\"position\":1,\"name\":\"Accueil\",\"item\":\"https:\/\/ericbeeharry.re\/\"},{\"@type\":\"ListItem\",\"position\":2,\"name\":\"PROGRAMME\",\"item\":\"https:\/\/ericbeeharry.re\/index.php\/programme\/\"},{\"@type\":\"ListItem\",\"position\":3,\"name\":\"SOCI\\u00c9T\\u00c9\"}]}]}<\/script>\n<!-- \/ Yoast SEO plugin. -->","yoast_head_json":{"title":"SOCI\u00c9T\u00c9 - Nouvelle R\u00e9union - \u00c9ric Beeharry","robots":{"index":"index","follow":"follow","max-snippet":"max-snippet:-1","max-image-preview":"max-image-preview:large","max-video-preview":"max-video-preview:-1"},"canonical":"https:\/\/ericbeeharry.re\/index.php\/programme\/societe\/","og_locale":"fr_FR","og_type":"article","og_title":"SOCI\u00c9T\u00c9 - Nouvelle R\u00e9union - \u00c9ric Beeharry","og_description":"La soci\u00e9t\u00e9 r\u00e9unionnaise est tr\u00e8s diverse : socialement, ethniquement, culturellement, intellectuellement\u2026 La maintenir ensemble rel\u00e8ve donc d\u2019un v\u00e9ritable challenge, sa coh\u00e9sion sociale constitue un grand d\u00e9fi politique. D\u2019autant plus que le repli identitaire et le populisme accentu\u00e9s ces derni\u00e8res ann\u00e9es ont bris\u00e9 le fameux vivre ensemble \u00e0 la r\u00e9unionnaise qui faisait jusque l\u00e0 notre fiert\u00e9. [&hellip;]","og_url":"https:\/\/ericbeeharry.re\/index.php\/programme\/societe\/","og_site_name":"Nouvelle R\u00e9union - \u00c9ric Beeharry","article_modified_time":"2022-05-30T14:39:55+00:00","og_image":[{"width":900,"height":480,"url":"https:\/\/ericbeeharry.re\/wp-content\/uploads\/2022\/05\/Galaxie-Photo-Bordure-General-Twitch-Banniere.png","type":"image\/png"}],"twitter_card":"summary_large_image","twitter_misc":{"Dur\u00e9e de lecture estim\u00e9e":"1 minute"},"schema":{"@context":"https:\/\/schema.org","@graph":[{"@type":"WebSite","@id":"https:\/\/ericbeeharry.re\/#website","url":"https:\/\/ericbeeharry.re\/","name":"Nouvelle R\u00e9union - \u00c9ric Beeharry","description":"","potentialAction":[{"@type":"SearchAction","target":{"@type":"EntryPoint","urlTemplate":"https:\/\/ericbeeharry.re\/?s={search_term_string}"},"query-input":"required name=search_term_string"}],"inLanguage":"fr-FR"},{"@type":"ImageObject","@id":"https:\/\/ericbeeharry.re\/index.php\/programme\/societe\/#primaryimage","inLanguage":"fr-FR","url":"https:\/\/ericbeeharry.re\/wp-content\/uploads\/2022\/05\/Galaxie-Photo-Bordure-General-Twitch-Banniere.png","contentUrl":"https:\/\/ericbeeharry.re\/wp-content\/uploads\/2022\/05\/Galaxie-Photo-Bordure-General-Twitch-Banniere.png","width":900,"height":480},{"@type":"WebPage","@id":"https:\/\/ericbeeharry.re\/index.php\/programme\/societe\/#webpage","url":"https:\/\/ericbeeharry.re\/index.php\/programme\/societe\/","name":"SOCI\u00c9T\u00c9 - Nouvelle R\u00e9union - \u00c9ric Beeharry","isPartOf":{"@id":"https:\/\/ericbeeharry.re\/#website"},"primaryImageOfPage":{"@id":"https:\/\/ericbeeharry.re\/index.php\/programme\/societe\/#primaryimage"},"datePublished":"2022-05-30T09:22:53+00:00","dateModified":"2022-05-30T14:39:55+00:00","breadcrumb":{"@id":"https:\/\/ericbeeharry.re\/index.php\/programme\/societe\/#breadcrumb"},"inLanguage":"fr-FR","potentialAction":[{"@type":"ReadAction","target":["https:\/\/ericbeeharry.re\/index.php\/programme\/societe\/"]}]},{"@type":"BreadcrumbList","@id":"https:\/\/ericbeeharry.re\/index.php\/programme\/societe\/#breadcrumb","itemListElement":[{"@type":"ListItem","position":1,"name":"Accueil","item":"https:\/\/ericbeeharry.re\/"},{"@type":"ListItem","position":2,"name":"PROGRAMME","item":"https:\/\/ericbeeharry.re\/index.php\/programme\/"},{"@type":"ListItem","position":3,"name":"SOCI\u00c9T\u00c9"}]}]}},"_links":{"self":[{"href":"https:\/\/ericbeeharry.re\/index.php\/wp-json\/wp\/v2\/pages\/480"}],"collection":[{"href":"https:\/\/ericbeeharry.re\/index.php\/wp-json\/wp\/v2\/pages"}],"about":[{"href":"https:\/\/ericbeeharry.re\/index.php\/wp-json\/wp\/v2\/types\/page"}],"author":[{"embeddable":true,"href":"https:\/\/ericbeeharry.re\/index.php\/wp-json\/wp\/v2\/users\/1"}],"replies":[{"embeddable":true,"href":"https:\/\/ericbeeharry.re\/index.php\/wp-json\/wp\/v2\/comments?post=480"}],"version-history":[{"count":7,"href":"https:\/\/ericbeeharry.re\/index.php\/wp-json\/wp\/v2\/pages\/480\/revisions"}],"predecessor-version":[{"id":868,"href":"https:\/\/ericbeeharry.re\/index.php\/wp-json\/wp\/v2\/pages\/480\/revisions\/868"}],"up":[{"embeddable":true,"href":"https:\/\/ericbeeharry.re\/index.php\/wp-json\/wp\/v2\/pages\/52"}],"wp:featuredmedia":[{"embeddable":true,"href":"https:\/\/ericbeeharry.re\/index.php\/wp-json\/wp\/v2\/media\/418"}],"wp:attachment":[{"href":"https:\/\/ericbeeharry.re\/index.php\/wp-json\/wp\/v2\/media?parent=480"}],"curies":[{"name":"wp","href":"https:\/\/api.w.org\/{rel}","templated":true}]}}