{"id":52,"date":"2021-05-16T18:17:05","date_gmt":"2021-05-16T14:17:05","guid":{"rendered":"https:\/\/ericbeeharry.re\/?page_id=52"},"modified":"2022-06-17T12:29:19","modified_gmt":"2022-06-17T08:29:19","slug":"programme","status":"publish","type":"page","link":"https:\/\/ericbeeharry.re\/index.php\/programme\/","title":{"rendered":"PROGRAMME"},"content":{"rendered":"<p><img loading=\"lazy\" class=\"aligncenter size-full wp-image-601\" src=\"https:\/\/ericbeeharry.re\/wp-content\/uploads\/2022\/05\/Programme-2022.png\" alt=\"\" width=\"1200\" height=\"628\" srcset=\"https:\/\/ericbeeharry.re\/wp-content\/uploads\/2022\/05\/Programme-2022.png 1200w, https:\/\/ericbeeharry.re\/wp-content\/uploads\/2022\/05\/Programme-2022-300x157.png 300w, https:\/\/ericbeeharry.re\/wp-content\/uploads\/2022\/05\/Programme-2022-1024x536.png 1024w, https:\/\/ericbeeharry.re\/wp-content\/uploads\/2022\/05\/Programme-2022-768x402.png 768w\" sizes=\"(max-width: 1200px) 100vw, 1200px\" \/><\/p>\n<p style=\"text-align: left;\"><b>Ce programme \u00e9conomique, social, \u00e9cologique et d\u00e9mocratique, vise \u00e0 am\u00e9liorer la vie des R\u00e9unionnais. Il r\u00e9sout tous les grands probl\u00e8mes de la R\u00e9union.<\/b><\/p>\n<p style=\"text-align: left;\"><b>Eric Beeharry, <a href=\"http:\/\/www.economiematin.fr\/auteur-1034-Eric-Beeharry\" target=\"_blank\" rel=\"noopener\">expert reconnu dans des revues internationales<\/a>, est le penseur de cet ensemble de propositions valid\u00e9 par des chefs d&rsquo;entreprise, des demandeurs d&#8217;emploi, des parents d&rsquo;\u00e9l\u00e8ve, des professeurs et des experts des domaines concern\u00e9s. Bien que tr\u00e8s ambitieuse, cette suite de solutions est rapidement applicable.<\/b><\/p>\n<p style=\"text-align: center;\"><a href=\"https:\/\/ericbeeharry.re\/index.php\/programme\/economie\" target=\"_blank\" rel=\"noopener\"><strong>\u00c9CONOMIE<\/strong><\/a><\/p>\n<p style=\"text-align: center;\"><a href=\"https:\/\/ericbeeharry.re\/index.php\/programme\/societe\" target=\"_blank\" rel=\"noopener\"><strong>SOCI\u00c9T\u00c9<\/strong><\/a><\/p>\n<p style=\"text-align: center;\"><a href=\"https:\/\/ericbeeharry.re\/index.php\/programme\/institutions\" target=\"_blank\" rel=\"noopener\"><strong>INSTITUTIONS<\/strong><\/a><\/p>\n<p style=\"text-align: center;\"><a href=\"https:\/\/ericbeeharry.re\/index.php\/programme\/conseil-departemental\" target=\"_blank\" rel=\"noopener\"><strong>CONSEIL D\u00c9PARTEMENTAL<\/strong><\/a><\/p>\n","protected":false},"excerpt":{"rendered":"<p>Ce programme \u00e9conomique, social, \u00e9cologique et d\u00e9mocratique, vise \u00e0 am\u00e9liorer la vie des R\u00e9unionnais. Il r\u00e9sout tous les grands probl\u00e8mes de la R\u00e9union. Eric Beeharry, expert reconnu dans des revues internationales, est le penseur de cet ensemble de propositions valid\u00e9 par des chefs d&rsquo;entreprise, des demandeurs d&#8217;emploi, des parents d&rsquo;\u00e9l\u00e8ve, des professeurs et des experts [&hellip;]<\/p>\n","protected":false},"author":1,"featured_media":418,"parent":0,"menu_order":0,"comment_status":"closed","ping_status":"closed","template":"templates\/template-cover.php","meta":[],"yoast_head":"<!-- This site is optimized with the Yoast SEO plugin v17.8 - https:\/\/yoast.com\/wordpress\/plugins\/seo\/ -->\n<title>PROGRAMME - Nouvelle R\u00e9union - \u00c9ric Beeharry<\/title>\n<meta name=\"description\" content=\"Innovations dans l&#039;\u00e9conomie, le social, l&#039;\u00e9cologie et les institutions... Ou comment r\u00e9volutionner la R\u00e9union... Eric Beeharry\" \/>\n<meta name=\"robots\" content=\"index, follow, max-snippet:-1, max-image-preview:large, max-video-preview:-1\" \/>\n<link rel=\"canonical\" href=\"https:\/\/ericbeeharry.re\/index.php\/programme\/\" \/>\n<meta property=\"og:locale\" content=\"fr_FR\" \/>\n<meta property=\"og:type\" content=\"article\" \/>\n<meta property=\"og:title\" content=\"PROGRAMME - Nouvelle R\u00e9union - \u00c9ric Beeharry\" \/>\n<meta property=\"og:description\" content=\"Ou comment r\u00e9volutionner positivement la R\u00e9union en peu de temps...\" \/>\n<meta property=\"og:url\" content=\"https:\/\/ericbeeharry.re\/index.php\/programme\/\" \/>\n<meta property=\"og:site_name\" content=\"Nouvelle R\u00e9union - \u00c9ric Beeharry\" \/>\n<meta property=\"article:modified_time\" content=\"2022-06-17T08:29:19+00:00\" \/>\n<meta property=\"og:image\" content=\"https:\/\/ericbeeharry.re\/wp-content\/uploads\/2021\/05\/89035923_1980315408779649_2391932720969154560_n.jpg\" \/>\n\t<meta property=\"og:image:width\" content=\"769\" \/>\n\t<meta property=\"og:image:height\" content=\"769\" \/>\n<meta name=\"twitter:card\" content=\"summary_large_image\" \/>\n<meta name=\"twitter:label1\" content=\"Dur\u00e9e de lecture estim\u00e9e\" \/>\n\t<meta name=\"twitter:data1\" content=\"1 minute\" \/>\n<script type=\"application\/ld+json\" class=\"yoast-schema-graph\">{\"@context\":\"https:\/\/schema.org\",\"@graph\":[{\"@type\":\"WebSite\",\"@id\":\"https:\/\/ericbeeharry.re\/#website\",\"url\":\"https:\/\/ericbeeharry.re\/\",\"name\":\"Nouvelle R\\u00e9union - \\u00c9ric Beeharry\",\"description\":\"\",\"potentialAction\":[{\"@type\":\"SearchAction\",\"target\":{\"@type\":\"EntryPoint\",\"urlTemplate\":\"https:\/\/ericbeeharry.re\/?s={search_term_string}\"},\"query-input\":\"required name=search_term_string\"}],\"inLanguage\":\"fr-FR\"},{\"@type\":\"ImageObject\",\"@id\":\"https:\/\/ericbeeharry.re\/index.php\/programme\/#primaryimage\",\"inLanguage\":\"fr-FR\",\"url\":\"https:\/\/ericbeeharry.re\/wp-content\/uploads\/2021\/05\/89035923_1980315408779649_2391932720969154560_n.jpg\",\"contentUrl\":\"https:\/\/ericbeeharry.re\/wp-content\/uploads\/2021\/05\/89035923_1980315408779649_2391932720969154560_n.jpg\",\"width\":769,\"height\":769},{\"@type\":\"WebPage\",\"@id\":\"https:\/\/ericbeeharry.re\/index.php\/programme\/#webpage\",\"url\":\"https:\/\/ericbeeharry.re\/index.php\/programme\/\",\"name\":\"PROGRAMME - Nouvelle R\\u00e9union - \\u00c9ric Beeharry\",\"isPartOf\":{\"@id\":\"https:\/\/ericbeeharry.re\/#website\"},\"primaryImageOfPage\":{\"@id\":\"https:\/\/ericbeeharry.re\/index.php\/programme\/#primaryimage\"},\"datePublished\":\"2021-05-16T14:17:05+00:00\",\"dateModified\":\"2022-06-17T08:29:19+00:00\",\"description\":\"Innovations dans l'\\u00e9conomie, le social, l'\\u00e9cologie et les institutions... Ou comment r\\u00e9volutionner la R\\u00e9union... Eric Beeharry\",\"breadcrumb\":{\"@id\":\"https:\/\/ericbeeharry.re\/index.php\/programme\/#breadcrumb\"},\"inLanguage\":\"fr-FR\",\"potentialAction\":[{\"@type\":\"ReadAction\",\"target\":[\"https:\/\/ericbeeharry.re\/index.php\/programme\/\"]}]},{\"@type\":\"BreadcrumbList\",\"@id\":\"https:\/\/ericbeeharry.re\/index.php\/programme\/#breadcrumb\",\"itemListElement\":[{\"@type\":\"ListItem\",\"position\":1,\"name\":\"Accueil\",\"item\":\"https:\/\/ericbeeharry.re\/\"},{\"@type\":\"ListItem\",\"position\":2,\"name\":\"PROGRAMME\"}]}]}<\/script>\n<!-- \/ Yoast SEO plugin. -->","yoast_head_json":{"title":"PROGRAMME - Nouvelle R\u00e9union - \u00c9ric Beeharry","description":"Innovations dans l'\u00e9conomie, le social, l'\u00e9cologie et les institutions... Ou comment r\u00e9volutionner la R\u00e9union... Eric Beeharry","robots":{"index":"index","follow":"follow","max-snippet":"max-snippet:-1","max-image-preview":"max-image-preview:large","max-video-preview":"max-video-preview:-1"},"canonical":"https:\/\/ericbeeharry.re\/index.php\/programme\/","og_locale":"fr_FR","og_type":"article","og_title":"PROGRAMME - Nouvelle R\u00e9union - \u00c9ric Beeharry","og_description":"Ou comment r\u00e9volutionner positivement la R\u00e9union en peu de temps...","og_url":"https:\/\/ericbeeharry.re\/index.php\/programme\/","og_site_name":"Nouvelle R\u00e9union - \u00c9ric Beeharry","article_modified_time":"2022-06-17T08:29:19+00:00","og_image":[{"width":769,"height":769,"url":"https:\/\/ericbeeharry.re\/wp-content\/uploads\/2021\/05\/89035923_1980315408779649_2391932720969154560_n.jpg","type":"image\/jpeg"}],"twitter_card":"summary_large_image","twitter_misc":{"Dur\u00e9e de lecture estim\u00e9e":"1 minute"},"schema":{"@context":"https:\/\/schema.org","@graph":[{"@type":"WebSite","@id":"https:\/\/ericbeeharry.re\/#website","url":"https:\/\/ericbeeharry.re\/","name":"Nouvelle R\u00e9union - \u00c9ric Beeharry","description":"","potentialAction":[{"@type":"SearchAction","target":{"@type":"EntryPoint","urlTemplate":"https:\/\/ericbeeharry.re\/?s={search_term_string}"},"query-input":"required name=search_term_string"}],"inLanguage":"fr-FR"},{"@type":"ImageObject","@id":"https:\/\/ericbeeharry.re\/index.php\/programme\/#primaryimage","inLanguage":"fr-FR","url":"https:\/\/ericbeeharry.re\/wp-content\/uploads\/2021\/05\/89035923_1980315408779649_2391932720969154560_n.jpg","contentUrl":"https:\/\/ericbeeharry.re\/wp-content\/uploads\/2021\/05\/89035923_1980315408779649_2391932720969154560_n.jpg","width":769,"height":769},{"@type":"WebPage","@id":"https:\/\/ericbeeharry.re\/index.php\/programme\/#webpage","url":"https:\/\/ericbeeharry.re\/index.php\/programme\/","name":"PROGRAMME - Nouvelle R\u00e9union - \u00c9ric Beeharry","isPartOf":{"@id":"https:\/\/ericbeeharry.re\/#website"},"primaryImageOfPage":{"@id":"https:\/\/ericbeeharry.re\/index.php\/programme\/#primaryimage"},"datePublished":"2021-05-16T14:17:05+00:00","dateModified":"2022-06-17T08:29:19+00:00","description":"Innovations dans l'\u00e9conomie, le social, l'\u00e9cologie et les institutions... Ou comment r\u00e9volutionner la R\u00e9union... Eric Beeharry","breadcrumb":{"@id":"https:\/\/ericbeeharry.re\/index.php\/programme\/#breadcrumb"},"inLanguage":"fr-FR","potentialAction":[{"@type":"ReadAction","target":["https:\/\/ericbeeharry.re\/index.php\/programme\/"]}]},{"@type":"BreadcrumbList","@id":"https:\/\/ericbeeharry.re\/index.php\/programme\/#breadcrumb","itemListElement":[{"@type":"ListItem","position":1,"name":"Accueil","item":"https:\/\/ericbeeharry.re\/"},{"@type":"ListItem","position":2,"name":"PROGRAMME"}]}]}},"_links":{"self":[{"href":"https:\/\/ericbeeharry.re\/index.php\/wp-json\/wp\/v2\/pages\/52"}],"collection":[{"href":"https:\/\/ericbeeharry.re\/index.php\/wp-json\/wp\/v2\/pages"}],"about":[{"href":"https:\/\/ericbeeharry.re\/index.php\/wp-json\/wp\/v2\/types\/page"}],"author":[{"embeddable":true,"href":"https:\/\/ericbeeharry.re\/index.php\/wp-json\/wp\/v2\/users\/1"}],"replies":[{"embeddable":true,"href":"https:\/\/ericbeeharry.re\/index.php\/wp-json\/wp\/v2\/comments?post=52"}],"version-history":[{"count":143,"href":"https:\/\/ericbeeharry.re\/index.php\/wp-json\/wp\/v2\/pages\/52\/revisions"}],"predecessor-version":[{"id":602,"href":"https:\/\/ericbeeharry.re\/index.php\/wp-json\/wp\/v2\/pages\/52\/revisions\/602"}],"wp:featuredmedia":[{"embeddable":true,"href":"https:\/\/ericbeeharry.re\/index.php\/wp-json\/wp\/v2\/media\/418"}],"wp:attachment":[{"href":"https:\/\/ericbeeharry.re\/index.php\/wp-json\/wp\/v2\/media?parent=52"}],"curies":[{"name":"wp","href":"https:\/\/api.w.org\/{rel}","templated":true}]}}