{"id":536,"date":"2022-05-30T15:26:09","date_gmt":"2022-05-30T11:26:09","guid":{"rendered":"https:\/\/ericbeeharry.re\/?page_id=536"},"modified":"2022-05-30T18:33:48","modified_gmt":"2022-05-30T14:33:48","slug":"impot-unique-de-10","status":"publish","type":"page","link":"https:\/\/ericbeeharry.re\/index.php\/programme\/economie\/impot-unique-de-10\/","title":{"rendered":"IMP\u00d4T UNIQUE DE 10%"},"content":{"rendered":"<p><strong><img loading=\"lazy\" class=\"aligncenter size-full wp-image-623\" src=\"https:\/\/ericbeeharry.re\/wp-content\/uploads\/2022\/05\/Impots-1.jpg\" alt=\"\" width=\"279\" height=\"180\" \/><\/strong><\/p>\n<p style=\"text-align: left;\"><strong>En 2014 l\u2019imp\u00f4t sur le revenu concerne 468 201 foyers, impos\u00e9s en moyenne pour 2 689 \u20ac, soit un taux moyen de 15,54%. Rapportant ainsi 1,258 milliard d\u2019\u20ac. Il suffit donc de trouver 448 millions d\u2019\u20ac d\u2019\u00e9conomies pour ramener l\u2019imp\u00f4t sur le revenu \u00e0 10%. Calcul des \u00e9conomies : 1, 258 milliard \u2013 (1,258 milliard X 10 \/ 15,54) = 448 millions<\/strong><\/p>\n<p><strong>A chaque nouvelle mandature l\u2019\u00c9tat augmente ses dotations aux collectivit\u00e9s de la R\u00e9union (R\u00e9gion, D\u00e9partement, communes, etc.). Par exemple, le budget de la R\u00e9gion est pass\u00e9 de 800 millions d\u2019\u20ac en 2011 \u00e0 1 milliard d\u2019\u20ac en 2016, soit + 200 millions d\u2019\u20ac. Il suffirait donc de geler une partie de ces dotations pour que l\u2019\u00c9tat Fran\u00e7ais compense les pertes fiscales induites par le nouveau taux unique d\u2019imp\u00f4t sur le revenu de 10%.<\/strong><\/p>\n<table border=\"1\">\n<tbody>\n<tr>\n<td style=\"text-align: center;\"><strong>\u00c9conomies sur la prochaine dotation \u00e0 la R\u00e9gion<\/strong><\/td>\n<td style=\"text-align: center;\"><strong>+ 200 millions d\u2019\u20ac<\/strong><\/td>\n<\/tr>\n<tr>\n<td style=\"text-align: center;\"><strong>\u00c9conomies sur la prochaine dotation au D\u00e9partement<\/strong><\/td>\n<td style=\"text-align: center;\"><strong>+ 100 millions d\u2019\u20ac<\/strong><\/td>\n<\/tr>\n<tr>\n<td style=\"text-align: center;\"><strong>\u00c9conomies sur la prochaine dotation aux 24 communes<\/strong><\/td>\n<td style=\"text-align: center;\"><strong>+ 148 millions d\u2019\u20ac<\/strong><\/td>\n<\/tr>\n<tr>\n<td style=\"text-align: center;\"><strong>Pertes fiscales sur l\u2019imp\u00f4t sur le revenu r\u00e9duit \u00e0 10%<\/strong><\/td>\n<td style=\"text-align: center;\"><strong>\u2013 448 millions d\u2019\u20ac<\/strong><\/td>\n<\/tr>\n<tr>\n<td style=\"text-align: center;\"><strong><span style=\"color: #04b404;\">\u00c9QUILIBRE FINANCIER POUR L\u2019\u00c9TAT<\/span><\/strong><\/td>\n<td style=\"text-align: center;\"><strong><span style=\"color: #04b404;\">\u2013<\/span><\/strong><\/td>\n<\/tr>\n<\/tbody>\n<\/table>\n<p><strong>Ce taux de 10% est possible \u00e9galement pour l\u2019imp\u00f4t sur les soci\u00e9t\u00e9s, qui concerne beaucoup moins de cotisants et de finances que l\u2019imp\u00f4t sur le revenu et donc beaucoup moins de fonds publics \u00e0 \u00e9conomiser dans la gabegie.<\/strong><\/p>\n<p><strong><img loading=\"lazy\" class=\"aligncenter size-full wp-image-624\" src=\"https:\/\/ericbeeharry.re\/wp-content\/uploads\/2022\/05\/10-1.jpg\" alt=\"\" width=\"235\" height=\"129\" \/><\/strong><\/p>\n<p><strong><span style=\"color: #0000ff;\"><u>UNE INNOVATION FISCALE AUX EFFETS POSITIFS INCOMMENSURABLES<\/u><\/span><\/strong><\/p>\n<p><strong>\u2013 La lib\u00e9ration des cr\u00e9ateurs d\u2019entreprise h\u00e9sitant \u00e0 cause des charges confiscatoires<\/strong><br \/>\n<strong>\u2013 La chute du nombre de ch\u00f4meurs mu\u00e9s en entrepreneurs et employ\u00e9s d\u2019entreprises<\/strong><br \/>\n<strong>\u2013 La chute des d\u00e9penses sociales (RSA, allocations de ch\u00f4mage, aides sociales diverses\u2026)<\/strong><br \/>\n<strong>\u2013 Un gain de pouvoir d\u2019achat et la hausse de la consommation profitant aux entreprises<\/strong><br \/>\n<strong>\u2013 Une nouvelle tr\u00e9sorerie pour les entreprises dopant leurs investissements \u00e0 la R\u00e9union<\/strong><br \/>\n<strong>\u2013 La croissance \u00e9conomique et par cons\u00e9quent la hausse des recettes fiscales et sociales<\/strong><br \/>\n<strong>\u2013 Des comptes publics exc\u00e9dentaires pouvant financer de nouvelles politiques publiques<\/strong><\/p>\n<p><strong>Ainsi on passe d\u2019une logique de perfusion des collectivit\u00e9s r\u00e9unionnaises perdante pour tous, \u00e0 une logique de d\u00e9veloppement de l\u2019\u00e9conomie locale et d\u2019enrichissement des individus. Les budgets publics ainsi grandement am\u00e9lior\u00e9s permettant d\u2019aider les exclus (demandeurs d\u2019emploi, handicap\u00e9s, retrait\u00e9s \u00e0 petite pension, etc.).<\/strong><\/p>\n<p><strong><img loading=\"lazy\" class=\"aligncenter size-full wp-image-625\" src=\"https:\/\/ericbeeharry.re\/wp-content\/uploads\/2022\/05\/Gestion-de-croissance-1.jpg\" alt=\"\" width=\"382\" height=\"132\" srcset=\"https:\/\/ericbeeharry.re\/wp-content\/uploads\/2022\/05\/Gestion-de-croissance-1.jpg 382w, https:\/\/ericbeeharry.re\/wp-content\/uploads\/2022\/05\/Gestion-de-croissance-1-300x104.jpg 300w\" sizes=\"(max-width: 382px) 100vw, 382px\" \/><\/strong><\/p>\n<p><strong>Enfin on ne rappellera jamais assez que le meilleur moyen de lutter contre la fraude fiscale (estim\u00e9e autour de 400 millions d\u2019\u20ac \u00e0 la R\u00e9union) et l\u2019\u00e9vasion fiscale est d\u2019abaisser le taux d\u2019imposition et de donner un cadre de d\u00e9veloppement favorable : faibles charges sociales, infrastructures efficaces, s\u00e9curit\u00e9, etc. Ainsi on retient les entreprises et les m\u00e9nages de quitter l\u2019\u00eele, on rapatrie ceux partis, on encourage la cr\u00e9ation et l\u2019investissement et on attire les capitaux \u00e9trangers, g\u00e9n\u00e9rant alors de nouvelles recettes fiscales et sociales.<\/strong><\/p>\n<p><strong><u>PR\u00c9CISIONS DIVERSES<\/u> :<\/strong><\/p>\n<p><strong>\u2013 Ce taux unique d\u2019imp\u00f4t de 10% n\u2019induit pas de changement pour les foyers non imposables et la fiscalit\u00e9 en g\u00e9n\u00e9ral \u00e0 la R\u00e9union. En outre les actuels dispositifs de d\u00e9fiscalisation m\u00e9ritent d\u00e9bat et pourraient \u00eatre r\u00e9organis\u00e9s plus efficacement, pour booster la construction immobili\u00e8re et <a href=\"https:\/\/ericbeeharry.re\/index.php\/programme\/economie\/garantie-universelle\" target=\"_blank\" rel=\"noopener\">r\u00e9pondre au manque de logements<\/a>.<\/strong><br \/>\n<strong>\u2013 Cette innovation fiscale fonctionnera d\u2019autant mieux si elle s\u2019accompagne de <a href=\"https:\/\/ericbeeharry.re\/index.php\/programme\/economie\/allocation-universelle\" target=\"_blank\" rel=\"noopener\">l\u2019allocation universelle qui provoque la chute des charges sociales via la concurrence entre assureurs.<\/a><\/strong><\/p>\n","protected":false},"excerpt":{"rendered":"<p>En 2014 l\u2019imp\u00f4t sur le revenu concerne 468 201 foyers, impos\u00e9s en moyenne pour 2 689 \u20ac, soit un taux moyen de 15,54%. Rapportant ainsi 1,258 milliard d\u2019\u20ac. Il suffit donc de trouver 448 millions d\u2019\u20ac d\u2019\u00e9conomies pour ramener l\u2019imp\u00f4t sur le revenu \u00e0 10%. Calcul des \u00e9conomies : 1, 258 milliard \u2013 (1,258 milliard [&hellip;]<\/p>\n","protected":false},"author":1,"featured_media":418,"parent":450,"menu_order":0,"comment_status":"closed","ping_status":"closed","template":"templates\/template-cover.php","meta":[],"yoast_head":"<!-- This site is optimized with the Yoast SEO plugin v17.8 - https:\/\/yoast.com\/wordpress\/plugins\/seo\/ -->\n<title>IMP\u00d4T UNIQUE DE 10% - Nouvelle R\u00e9union - \u00c9ric Beeharry<\/title>\n<meta name=\"robots\" content=\"index, follow, max-snippet:-1, max-image-preview:large, max-video-preview:-1\" \/>\n<link rel=\"canonical\" href=\"https:\/\/ericbeeharry.re\/index.php\/programme\/economie\/impot-unique-de-10\/\" \/>\n<meta property=\"og:locale\" content=\"fr_FR\" \/>\n<meta property=\"og:type\" content=\"article\" \/>\n<meta property=\"og:title\" content=\"IMP\u00d4T UNIQUE DE 10% - Nouvelle R\u00e9union - \u00c9ric Beeharry\" \/>\n<meta property=\"og:description\" content=\"En 2014 l\u2019imp\u00f4t sur le revenu concerne 468 201 foyers, impos\u00e9s en moyenne pour 2 689 \u20ac, soit un taux moyen de 15,54%. Rapportant ainsi 1,258 milliard d\u2019\u20ac. Il suffit donc de trouver 448 millions d\u2019\u20ac d\u2019\u00e9conomies pour ramener l\u2019imp\u00f4t sur le revenu \u00e0 10%. Calcul des \u00e9conomies : 1, 258 milliard \u2013 (1,258 milliard [&hellip;]\" \/>\n<meta property=\"og:url\" content=\"https:\/\/ericbeeharry.re\/index.php\/programme\/economie\/impot-unique-de-10\/\" \/>\n<meta property=\"og:site_name\" content=\"Nouvelle R\u00e9union - \u00c9ric Beeharry\" \/>\n<meta property=\"article:modified_time\" content=\"2022-05-30T14:33:48+00:00\" \/>\n<meta property=\"og:image\" content=\"https:\/\/ericbeeharry.re\/wp-content\/uploads\/2022\/05\/Galaxie-Photo-Bordure-General-Twitch-Banniere.png\" \/>\n\t<meta property=\"og:image:width\" content=\"900\" \/>\n\t<meta property=\"og:image:height\" content=\"480\" \/>\n<meta name=\"twitter:card\" content=\"summary_large_image\" \/>\n<meta name=\"twitter:label1\" content=\"Dur\u00e9e de lecture estim\u00e9e\" \/>\n\t<meta name=\"twitter:data1\" content=\"4 minutes\" \/>\n<script type=\"application\/ld+json\" class=\"yoast-schema-graph\">{\"@context\":\"https:\/\/schema.org\",\"@graph\":[{\"@type\":\"WebSite\",\"@id\":\"https:\/\/ericbeeharry.re\/#website\",\"url\":\"https:\/\/ericbeeharry.re\/\",\"name\":\"Nouvelle R\\u00e9union - \\u00c9ric Beeharry\",\"description\":\"\",\"potentialAction\":[{\"@type\":\"SearchAction\",\"target\":{\"@type\":\"EntryPoint\",\"urlTemplate\":\"https:\/\/ericbeeharry.re\/?s={search_term_string}\"},\"query-input\":\"required name=search_term_string\"}],\"inLanguage\":\"fr-FR\"},{\"@type\":\"ImageObject\",\"@id\":\"https:\/\/ericbeeharry.re\/index.php\/programme\/economie\/impot-unique-de-10\/#primaryimage\",\"inLanguage\":\"fr-FR\",\"url\":\"https:\/\/ericbeeharry.re\/wp-content\/uploads\/2022\/05\/Galaxie-Photo-Bordure-General-Twitch-Banniere.png\",\"contentUrl\":\"https:\/\/ericbeeharry.re\/wp-content\/uploads\/2022\/05\/Galaxie-Photo-Bordure-General-Twitch-Banniere.png\",\"width\":900,\"height\":480},{\"@type\":\"WebPage\",\"@id\":\"https:\/\/ericbeeharry.re\/index.php\/programme\/economie\/impot-unique-de-10\/#webpage\",\"url\":\"https:\/\/ericbeeharry.re\/index.php\/programme\/economie\/impot-unique-de-10\/\",\"name\":\"IMP\\u00d4T UNIQUE DE 10% - Nouvelle R\\u00e9union - \\u00c9ric Beeharry\",\"isPartOf\":{\"@id\":\"https:\/\/ericbeeharry.re\/#website\"},\"primaryImageOfPage\":{\"@id\":\"https:\/\/ericbeeharry.re\/index.php\/programme\/economie\/impot-unique-de-10\/#primaryimage\"},\"datePublished\":\"2022-05-30T11:26:09+00:00\",\"dateModified\":\"2022-05-30T14:33:48+00:00\",\"breadcrumb\":{\"@id\":\"https:\/\/ericbeeharry.re\/index.php\/programme\/economie\/impot-unique-de-10\/#breadcrumb\"},\"inLanguage\":\"fr-FR\",\"potentialAction\":[{\"@type\":\"ReadAction\",\"target\":[\"https:\/\/ericbeeharry.re\/index.php\/programme\/economie\/impot-unique-de-10\/\"]}]},{\"@type\":\"BreadcrumbList\",\"@id\":\"https:\/\/ericbeeharry.re\/index.php\/programme\/economie\/impot-unique-de-10\/#breadcrumb\",\"itemListElement\":[{\"@type\":\"ListItem\",\"position\":1,\"name\":\"Accueil\",\"item\":\"https:\/\/ericbeeharry.re\/\"},{\"@type\":\"ListItem\",\"position\":2,\"name\":\"PROGRAMME\",\"item\":\"https:\/\/ericbeeharry.re\/index.php\/programme\/\"},{\"@type\":\"ListItem\",\"position\":3,\"name\":\"\\u00c9CONOMIE\",\"item\":\"https:\/\/ericbeeharry.re\/index.php\/programme\/economie\/\"},{\"@type\":\"ListItem\",\"position\":4,\"name\":\"IMP\\u00d4T UNIQUE DE 10%\"}]}]}<\/script>\n<!-- \/ Yoast SEO plugin. -->","yoast_head_json":{"title":"IMP\u00d4T UNIQUE DE 10% - Nouvelle R\u00e9union - \u00c9ric Beeharry","robots":{"index":"index","follow":"follow","max-snippet":"max-snippet:-1","max-image-preview":"max-image-preview:large","max-video-preview":"max-video-preview:-1"},"canonical":"https:\/\/ericbeeharry.re\/index.php\/programme\/economie\/impot-unique-de-10\/","og_locale":"fr_FR","og_type":"article","og_title":"IMP\u00d4T UNIQUE DE 10% - Nouvelle R\u00e9union - \u00c9ric Beeharry","og_description":"En 2014 l\u2019imp\u00f4t sur le revenu concerne 468 201 foyers, impos\u00e9s en moyenne pour 2 689 \u20ac, soit un taux moyen de 15,54%. Rapportant ainsi 1,258 milliard d\u2019\u20ac. Il suffit donc de trouver 448 millions d\u2019\u20ac d\u2019\u00e9conomies pour ramener l\u2019imp\u00f4t sur le revenu \u00e0 10%. Calcul des \u00e9conomies : 1, 258 milliard \u2013 (1,258 milliard [&hellip;]","og_url":"https:\/\/ericbeeharry.re\/index.php\/programme\/economie\/impot-unique-de-10\/","og_site_name":"Nouvelle R\u00e9union - \u00c9ric Beeharry","article_modified_time":"2022-05-30T14:33:48+00:00","og_image":[{"width":900,"height":480,"url":"https:\/\/ericbeeharry.re\/wp-content\/uploads\/2022\/05\/Galaxie-Photo-Bordure-General-Twitch-Banniere.png","type":"image\/png"}],"twitter_card":"summary_large_image","twitter_misc":{"Dur\u00e9e de lecture estim\u00e9e":"4 minutes"},"schema":{"@context":"https:\/\/schema.org","@graph":[{"@type":"WebSite","@id":"https:\/\/ericbeeharry.re\/#website","url":"https:\/\/ericbeeharry.re\/","name":"Nouvelle R\u00e9union - \u00c9ric Beeharry","description":"","potentialAction":[{"@type":"SearchAction","target":{"@type":"EntryPoint","urlTemplate":"https:\/\/ericbeeharry.re\/?s={search_term_string}"},"query-input":"required name=search_term_string"}],"inLanguage":"fr-FR"},{"@type":"ImageObject","@id":"https:\/\/ericbeeharry.re\/index.php\/programme\/economie\/impot-unique-de-10\/#primaryimage","inLanguage":"fr-FR","url":"https:\/\/ericbeeharry.re\/wp-content\/uploads\/2022\/05\/Galaxie-Photo-Bordure-General-Twitch-Banniere.png","contentUrl":"https:\/\/ericbeeharry.re\/wp-content\/uploads\/2022\/05\/Galaxie-Photo-Bordure-General-Twitch-Banniere.png","width":900,"height":480},{"@type":"WebPage","@id":"https:\/\/ericbeeharry.re\/index.php\/programme\/economie\/impot-unique-de-10\/#webpage","url":"https:\/\/ericbeeharry.re\/index.php\/programme\/economie\/impot-unique-de-10\/","name":"IMP\u00d4T UNIQUE DE 10% - Nouvelle R\u00e9union - \u00c9ric Beeharry","isPartOf":{"@id":"https:\/\/ericbeeharry.re\/#website"},"primaryImageOfPage":{"@id":"https:\/\/ericbeeharry.re\/index.php\/programme\/economie\/impot-unique-de-10\/#primaryimage"},"datePublished":"2022-05-30T11:26:09+00:00","dateModified":"2022-05-30T14:33:48+00:00","breadcrumb":{"@id":"https:\/\/ericbeeharry.re\/index.php\/programme\/economie\/impot-unique-de-10\/#breadcrumb"},"inLanguage":"fr-FR","potentialAction":[{"@type":"ReadAction","target":["https:\/\/ericbeeharry.re\/index.php\/programme\/economie\/impot-unique-de-10\/"]}]},{"@type":"BreadcrumbList","@id":"https:\/\/ericbeeharry.re\/index.php\/programme\/economie\/impot-unique-de-10\/#breadcrumb","itemListElement":[{"@type":"ListItem","position":1,"name":"Accueil","item":"https:\/\/ericbeeharry.re\/"},{"@type":"ListItem","position":2,"name":"PROGRAMME","item":"https:\/\/ericbeeharry.re\/index.php\/programme\/"},{"@type":"ListItem","position":3,"name":"\u00c9CONOMIE","item":"https:\/\/ericbeeharry.re\/index.php\/programme\/economie\/"},{"@type":"ListItem","position":4,"name":"IMP\u00d4T UNIQUE DE 10%"}]}]}},"_links":{"self":[{"href":"https:\/\/ericbeeharry.re\/index.php\/wp-json\/wp\/v2\/pages\/536"}],"collection":[{"href":"https:\/\/ericbeeharry.re\/index.php\/wp-json\/wp\/v2\/pages"}],"about":[{"href":"https:\/\/ericbeeharry.re\/index.php\/wp-json\/wp\/v2\/types\/page"}],"author":[{"embeddable":true,"href":"https:\/\/ericbeeharry.re\/index.php\/wp-json\/wp\/v2\/users\/1"}],"replies":[{"embeddable":true,"href":"https:\/\/ericbeeharry.re\/index.php\/wp-json\/wp\/v2\/comments?post=536"}],"version-history":[{"count":10,"href":"https:\/\/ericbeeharry.re\/index.php\/wp-json\/wp\/v2\/pages\/536\/revisions"}],"predecessor-version":[{"id":863,"href":"https:\/\/ericbeeharry.re\/index.php\/wp-json\/wp\/v2\/pages\/536\/revisions\/863"}],"up":[{"embeddable":true,"href":"https:\/\/ericbeeharry.re\/index.php\/wp-json\/wp\/v2\/pages\/450"}],"wp:featuredmedia":[{"embeddable":true,"href":"https:\/\/ericbeeharry.re\/index.php\/wp-json\/wp\/v2\/media\/418"}],"wp:attachment":[{"href":"https:\/\/ericbeeharry.re\/index.php\/wp-json\/wp\/v2\/media?parent=536"}],"curies":[{"name":"wp","href":"https:\/\/api.w.org\/{rel}","templated":true}]}}