{"id":546,"date":"2022-05-30T15:41:29","date_gmt":"2022-05-30T11:41:29","guid":{"rendered":"https:\/\/ericbeeharry.re\/?page_id=546"},"modified":"2022-05-30T19:12:00","modified_gmt":"2022-05-30T15:12:00","slug":"justice","status":"publish","type":"page","link":"https:\/\/ericbeeharry.re\/index.php\/programme\/institutions\/justice\/","title":{"rendered":"JUSTICE"},"content":{"rendered":"<p><strong><img loading=\"lazy\" class=\"aligncenter size-full wp-image-655\" src=\"https:\/\/ericbeeharry.re\/wp-content\/uploads\/2022\/05\/Justice-4.jpg\" alt=\"\" width=\"275\" height=\"183\" \/><\/strong><\/p>\n<p><strong>La Justice de la R\u00e9union est connue pour son taux anormalement \u00e9lev\u00e9 d\u2019erreurs judiciaires. Des victimes passant pour des coupables et vice versa. Ces d\u00e9cisions iniques appellent une r\u00e9forme de nos institutions.<\/strong><\/p>\n<p><strong><span style=\"color: #0000ff;\"><u>AUDIT COMPLET<\/u><\/span><\/strong><\/p>\n<p><strong>Pour remettre de l\u2019ordre et de l\u2019efficacit\u00e9 dans les institutions judiciaire et polici\u00e8re, il est indispensable de recruter des experts ind\u00e9pendants et sans rapport avec la R\u00e9union : en m\u00e9tropole et \u00e0 l\u2019\u00e9tranger. R\u00e9put\u00e9s pour leur honn\u00eatet\u00e9 et leur comp\u00e9tence, ils m\u00e8neront un audit complet dans la Police et la Justice de la R\u00e9union.<\/strong><\/p>\n<p><strong>Ces superviseurs devront :<\/strong><\/p>\n<p><strong>\u2013 Enqu\u00eater et d\u00e9nicher tous les dysfonctionnements<\/strong><br \/>\n<strong>\u2013 D\u00e9tecter les mauvais fonctionnaires, les r\u00e9voquer et en recruter de nouveaux<\/strong><br \/>\n<strong>\u2013 Revoir tout le processus, de la plainte \u00e0 la Police au jugement du tribunal en passant par l\u2019enqu\u00eate, pour identifier les moyens manquants et acc\u00e9l\u00e9rer les proc\u00e9dures<\/strong><br \/>\n<b>\u2013 Chiffrer ces besoins et les demander \u00e0 l\u2019Etat qui les financera via les \u00e9conomies de gestion permises par la r\u00e9forme des proc\u00e9dures, elles-m\u00eames r\u00e9duisant le temps de traitement des affaires, le nombre de personnels n\u00e9cessaires et donc les budgets d\u00e9di\u00e9s<\/b><br \/>\n<strong>\u2013 Multiplier les conciliateurs de Justice, les faire conna\u00eetre dans chaque quartier, afin de d\u00e9sengorger les commissariats et tribunaux des affaires mineures : petits conflits de voisinage, de famille, l\u00e9g\u00e8res d\u00e9gradations de biens, diffamations, injures publiques, etc. Travaillant \u00e0 temps partiel et dans l\u2019int\u00e9r\u00eat g\u00e9n\u00e9ral, <a href=\"https:\/\/ericbeeharry.re\/index.php\/programme\/economie\/allocation-universelle\" target=\"_blank\" rel=\"noopener\">l\u2019allocation universelle les financera<\/a>.<\/strong><\/p>\n<p><strong><img loading=\"lazy\" class=\"aligncenter size-full wp-image-656\" src=\"https:\/\/ericbeeharry.re\/wp-content\/uploads\/2022\/05\/Audit-1.jpg\" alt=\"\" width=\"225\" height=\"225\" srcset=\"https:\/\/ericbeeharry.re\/wp-content\/uploads\/2022\/05\/Audit-1.jpg 225w, https:\/\/ericbeeharry.re\/wp-content\/uploads\/2022\/05\/Audit-1-150x150.jpg 150w\" sizes=\"(max-width: 225px) 100vw, 225px\" \/><\/strong><\/p>\n<p><strong><span style=\"color: #0000ff;\"><u>R\u00c9VISION DES INJUSTICES<\/u><\/span><\/strong><\/p>\n<p><strong>D\u2019autre part toute condamnation sans preuve doit \u00eatre annul\u00e9e, \u00e0 la demande de tout condamn\u00e9 ou de son avocat. Selon le principe du doute qui doit toujours b\u00e9n\u00e9ficier \u00e0 l\u2019accus\u00e9, de la pr\u00e9somption d\u2019innocence qui pr\u00e9vaut dans tout \u00c9tat de Droit.<\/strong><\/p>\n<p><strong>De m\u00eame les affaires tra\u00eenant \u00e9trangement en longueur, doivent passer en priorit\u00e9 dans les enqu\u00eates et en jugement. Cette fois avec des services de Police et de Justice r\u00e9form\u00e9s et donc plus rapides et plus justes.<\/strong><\/p>\n<p><strong>Parall\u00e8lement il faut relever le nom des fonctionnaires de Police et de Justice revenant souvent dans les erreurs judiciaires et les anomalies proc\u00e9durales. Des enqu\u00eates seront men\u00e9es sur leur train de vie, leurs finances, leurs autres fonctions, leurs relations afin de trouver d\u2019\u00e9ventuels conflits d\u2019int\u00e9r\u00eats, de possibles corruptions les d\u00e9tournant de leurs missions officielles. Les fautes prouv\u00e9es, il faudra les r\u00e9voquer et les condamner.<\/strong><\/p>\n<p><strong>En outre, un d\u00e9bat approfondi sur le jury populaire doit \u00eatre men\u00e9. En effet le caract\u00e8re unique du juge statuant sur l\u2019innocence ou la culpabilit\u00e9 d\u2019un justiciable rev\u00eat un aspect arbitraire contraire \u00e0 la Justice. Le jury populaire semble moins risqu\u00e9 et pourrait donc aussi s\u2019appliquer au-del\u00e0 de la Cour d\u2019Assises, notamment aux proc\u00e8s passant en Cour Correctionnelle et susceptibles d\u2019entra\u00eener des peines de prison.<\/strong><\/p>\n<p><strong><img loading=\"lazy\" class=\"aligncenter size-full wp-image-657\" src=\"https:\/\/ericbeeharry.re\/wp-content\/uploads\/2022\/05\/Corruption-2.jpg\" alt=\"\" width=\"300\" height=\"166\" \/><\/strong><\/p>\n<p><strong><span style=\"color: #0000ff;\"><u>NOUVEAU DROIT<\/u><\/span><\/strong><\/p>\n<p><strong>Le Droit fran\u00e7ais regorge de dispositions, de r\u00e8gles contraires aux Droits de l\u2019Homme et souffre d\u2019insuffisances. La France a de tr\u00e8s nombreuses fois \u00e9t\u00e9 condamn\u00e9e par diff\u00e9rentes instances droits-de-l\u2019hommistes comme le Conseil de l\u2019Europe. Ces failles fran\u00e7aises sont exploit\u00e9es par des cr\u00e9oles traditionnels, des fonctionnaires corrompus, aboutissant \u00e0 une horreur institutionnelle : la destruction d\u2019honn\u00eates gens par de cruels barbares.<\/strong><\/p>\n<p><strong>Profitons du statut d\u2019outre-mer de la R\u00e9union afin de r\u00e9nover notre Droit dans le sens des Droits de l\u2019Homme et l\u2019adapter aux r\u00e9alit\u00e9s r\u00e9unionnaises <a href=\"https:\/\/ericbeeharry.re\/index.php\/programme\/societe\/harcelement-moral\" target=\"_blank\" rel=\"noopener\">(avec des lois p\u00e9i comme sur le harc\u00e8lement moral par exemple).<\/a>\u00a0Mais aussi dans le but de le simplifier en r\u00e9duisant la quantit\u00e9 incroyable de lois fran\u00e7aises. Cette r\u00e9volution juridique sera d\u00e9battue avec des juristes, des associations de victimes, des professionnels de la Police et de la Justice.<\/strong><\/p>\n<p><strong>Ce grand d\u00e9bat sur le Droit d\u00e9bouchera sur un nouveau mod\u00e8le \u00e9conomique et social, ainsi qu\u2019une Constitution pour la R\u00e9union. Laquelle nouvelle Constitution civilisera le mod\u00e8le de soci\u00e9t\u00e9 et modernisera les institutions.<\/strong><\/p>\n<p><strong><img loading=\"lazy\" class=\"aligncenter size-full wp-image-658\" src=\"https:\/\/ericbeeharry.re\/wp-content\/uploads\/2022\/05\/Constitution-americaine-2.jpg\" alt=\"\" width=\"275\" height=\"183\" \/><\/strong><\/p>\n<p><strong><u>PR\u00c9CISIONS DIVERSES<\/u>\u00a0:<\/strong><\/p>\n<p><strong>\u2013 Concr\u00e8tement cette mini-Constitution pourrait s\u2019adosser \u00e0 la Constitution Fran\u00e7aise, comme une annexe. Sinon cela pourrait \u00eatre le texte fondateur d\u2019une Nouvelle R\u00e9union, zone fran\u00e7aise autonome. Il ne s\u2019agit pas de rendre la R\u00e9union ind\u00e9pendante, elle n\u2019en a pas les moyens financiers (\u00e9conomie encore sous perfusion des fonds publics fran\u00e7ais).<\/strong><br \/>\n<strong>\u2013 De m\u00eame pour les lois p\u00e9i et le Droit all\u00e9g\u00e9 \u00e0 la R\u00e9union, ils pourraient s\u2019adosser en tant qu\u2019annexes des textes de r\u00e9f\u00e9rence fran\u00e7ais (Code Civil, Code P\u00e9nal, Code du Travail, \u2026).<\/strong><br \/>\n<strong>\u2013 Le grand d\u00e9bat public peut \u00eatre facilit\u00e9 par des m\u00e9dias libres relatant et rassemblant les exp\u00e9riences malheureuses des citoyens avec les institutions r\u00e9unionnaises, via des articles, des reportages vid\u00e9o, puis des d\u00e9bats film\u00e9s et mis en ligne. Cette m\u00e9diatisation rassurant et attirant toutes les victimes dans le cercle vertueux de la r\u00e9v\u00e9lation de la v\u00e9rit\u00e9 et des solutions, peut-\u00eatre au cours d\u2019un Printemps salvateur pour la R\u00e9union.<\/strong><\/p>\n","protected":false},"excerpt":{"rendered":"<p>La Justice de la R\u00e9union est connue pour son taux anormalement \u00e9lev\u00e9 d\u2019erreurs judiciaires. Des victimes passant pour des coupables et vice versa. Ces d\u00e9cisions iniques appellent une r\u00e9forme de nos institutions. AUDIT COMPLET Pour remettre de l\u2019ordre et de l\u2019efficacit\u00e9 dans les institutions judiciaire et polici\u00e8re, il est indispensable de recruter des experts ind\u00e9pendants [&hellip;]<\/p>\n","protected":false},"author":1,"featured_media":418,"parent":494,"menu_order":0,"comment_status":"closed","ping_status":"closed","template":"templates\/template-cover.php","meta":[],"yoast_head":"<!-- This site is optimized with the Yoast SEO plugin v17.8 - https:\/\/yoast.com\/wordpress\/plugins\/seo\/ -->\n<title>JUSTICE - Nouvelle R\u00e9union - \u00c9ric Beeharry<\/title>\n<meta name=\"robots\" content=\"index, follow, max-snippet:-1, max-image-preview:large, max-video-preview:-1\" \/>\n<link rel=\"canonical\" href=\"https:\/\/ericbeeharry.re\/index.php\/programme\/institutions\/justice\/\" \/>\n<meta property=\"og:locale\" content=\"fr_FR\" \/>\n<meta property=\"og:type\" content=\"article\" \/>\n<meta property=\"og:title\" content=\"JUSTICE - Nouvelle R\u00e9union - \u00c9ric Beeharry\" \/>\n<meta property=\"og:description\" content=\"La Justice de la R\u00e9union est connue pour son taux anormalement \u00e9lev\u00e9 d\u2019erreurs judiciaires. Des victimes passant pour des coupables et vice versa. Ces d\u00e9cisions iniques appellent une r\u00e9forme de nos institutions. AUDIT COMPLET Pour remettre de l\u2019ordre et de l\u2019efficacit\u00e9 dans les institutions judiciaire et polici\u00e8re, il est indispensable de recruter des experts ind\u00e9pendants [&hellip;]\" \/>\n<meta property=\"og:url\" content=\"https:\/\/ericbeeharry.re\/index.php\/programme\/institutions\/justice\/\" \/>\n<meta property=\"og:site_name\" content=\"Nouvelle R\u00e9union - \u00c9ric Beeharry\" \/>\n<meta property=\"article:modified_time\" content=\"2022-05-30T15:12:00+00:00\" \/>\n<meta property=\"og:image\" content=\"https:\/\/ericbeeharry.re\/wp-content\/uploads\/2022\/05\/Galaxie-Photo-Bordure-General-Twitch-Banniere.png\" \/>\n\t<meta property=\"og:image:width\" content=\"900\" \/>\n\t<meta property=\"og:image:height\" content=\"480\" \/>\n<meta name=\"twitter:card\" content=\"summary_large_image\" \/>\n<meta name=\"twitter:label1\" content=\"Dur\u00e9e de lecture estim\u00e9e\" \/>\n\t<meta name=\"twitter:data1\" content=\"5 minutes\" \/>\n<script type=\"application\/ld+json\" class=\"yoast-schema-graph\">{\"@context\":\"https:\/\/schema.org\",\"@graph\":[{\"@type\":\"WebSite\",\"@id\":\"https:\/\/ericbeeharry.re\/#website\",\"url\":\"https:\/\/ericbeeharry.re\/\",\"name\":\"Nouvelle R\\u00e9union - \\u00c9ric Beeharry\",\"description\":\"\",\"potentialAction\":[{\"@type\":\"SearchAction\",\"target\":{\"@type\":\"EntryPoint\",\"urlTemplate\":\"https:\/\/ericbeeharry.re\/?s={search_term_string}\"},\"query-input\":\"required name=search_term_string\"}],\"inLanguage\":\"fr-FR\"},{\"@type\":\"ImageObject\",\"@id\":\"https:\/\/ericbeeharry.re\/index.php\/programme\/institutions\/justice\/#primaryimage\",\"inLanguage\":\"fr-FR\",\"url\":\"https:\/\/ericbeeharry.re\/wp-content\/uploads\/2022\/05\/Galaxie-Photo-Bordure-General-Twitch-Banniere.png\",\"contentUrl\":\"https:\/\/ericbeeharry.re\/wp-content\/uploads\/2022\/05\/Galaxie-Photo-Bordure-General-Twitch-Banniere.png\",\"width\":900,\"height\":480},{\"@type\":\"WebPage\",\"@id\":\"https:\/\/ericbeeharry.re\/index.php\/programme\/institutions\/justice\/#webpage\",\"url\":\"https:\/\/ericbeeharry.re\/index.php\/programme\/institutions\/justice\/\",\"name\":\"JUSTICE - Nouvelle R\\u00e9union - \\u00c9ric Beeharry\",\"isPartOf\":{\"@id\":\"https:\/\/ericbeeharry.re\/#website\"},\"primaryImageOfPage\":{\"@id\":\"https:\/\/ericbeeharry.re\/index.php\/programme\/institutions\/justice\/#primaryimage\"},\"datePublished\":\"2022-05-30T11:41:29+00:00\",\"dateModified\":\"2022-05-30T15:12:00+00:00\",\"breadcrumb\":{\"@id\":\"https:\/\/ericbeeharry.re\/index.php\/programme\/institutions\/justice\/#breadcrumb\"},\"inLanguage\":\"fr-FR\",\"potentialAction\":[{\"@type\":\"ReadAction\",\"target\":[\"https:\/\/ericbeeharry.re\/index.php\/programme\/institutions\/justice\/\"]}]},{\"@type\":\"BreadcrumbList\",\"@id\":\"https:\/\/ericbeeharry.re\/index.php\/programme\/institutions\/justice\/#breadcrumb\",\"itemListElement\":[{\"@type\":\"ListItem\",\"position\":1,\"name\":\"Accueil\",\"item\":\"https:\/\/ericbeeharry.re\/\"},{\"@type\":\"ListItem\",\"position\":2,\"name\":\"PROGRAMME\",\"item\":\"https:\/\/ericbeeharry.re\/index.php\/programme\/\"},{\"@type\":\"ListItem\",\"position\":3,\"name\":\"INSTITUTIONS\",\"item\":\"https:\/\/ericbeeharry.re\/index.php\/programme\/institutions\/\"},{\"@type\":\"ListItem\",\"position\":4,\"name\":\"JUSTICE\"}]}]}<\/script>\n<!-- \/ Yoast SEO plugin. -->","yoast_head_json":{"title":"JUSTICE - Nouvelle R\u00e9union - \u00c9ric Beeharry","robots":{"index":"index","follow":"follow","max-snippet":"max-snippet:-1","max-image-preview":"max-image-preview:large","max-video-preview":"max-video-preview:-1"},"canonical":"https:\/\/ericbeeharry.re\/index.php\/programme\/institutions\/justice\/","og_locale":"fr_FR","og_type":"article","og_title":"JUSTICE - Nouvelle R\u00e9union - \u00c9ric Beeharry","og_description":"La Justice de la R\u00e9union est connue pour son taux anormalement \u00e9lev\u00e9 d\u2019erreurs judiciaires. Des victimes passant pour des coupables et vice versa. Ces d\u00e9cisions iniques appellent une r\u00e9forme de nos institutions. AUDIT COMPLET Pour remettre de l\u2019ordre et de l\u2019efficacit\u00e9 dans les institutions judiciaire et polici\u00e8re, il est indispensable de recruter des experts ind\u00e9pendants [&hellip;]","og_url":"https:\/\/ericbeeharry.re\/index.php\/programme\/institutions\/justice\/","og_site_name":"Nouvelle R\u00e9union - \u00c9ric Beeharry","article_modified_time":"2022-05-30T15:12:00+00:00","og_image":[{"width":900,"height":480,"url":"https:\/\/ericbeeharry.re\/wp-content\/uploads\/2022\/05\/Galaxie-Photo-Bordure-General-Twitch-Banniere.png","type":"image\/png"}],"twitter_card":"summary_large_image","twitter_misc":{"Dur\u00e9e de lecture estim\u00e9e":"5 minutes"},"schema":{"@context":"https:\/\/schema.org","@graph":[{"@type":"WebSite","@id":"https:\/\/ericbeeharry.re\/#website","url":"https:\/\/ericbeeharry.re\/","name":"Nouvelle R\u00e9union - \u00c9ric Beeharry","description":"","potentialAction":[{"@type":"SearchAction","target":{"@type":"EntryPoint","urlTemplate":"https:\/\/ericbeeharry.re\/?s={search_term_string}"},"query-input":"required name=search_term_string"}],"inLanguage":"fr-FR"},{"@type":"ImageObject","@id":"https:\/\/ericbeeharry.re\/index.php\/programme\/institutions\/justice\/#primaryimage","inLanguage":"fr-FR","url":"https:\/\/ericbeeharry.re\/wp-content\/uploads\/2022\/05\/Galaxie-Photo-Bordure-General-Twitch-Banniere.png","contentUrl":"https:\/\/ericbeeharry.re\/wp-content\/uploads\/2022\/05\/Galaxie-Photo-Bordure-General-Twitch-Banniere.png","width":900,"height":480},{"@type":"WebPage","@id":"https:\/\/ericbeeharry.re\/index.php\/programme\/institutions\/justice\/#webpage","url":"https:\/\/ericbeeharry.re\/index.php\/programme\/institutions\/justice\/","name":"JUSTICE - Nouvelle R\u00e9union - \u00c9ric Beeharry","isPartOf":{"@id":"https:\/\/ericbeeharry.re\/#website"},"primaryImageOfPage":{"@id":"https:\/\/ericbeeharry.re\/index.php\/programme\/institutions\/justice\/#primaryimage"},"datePublished":"2022-05-30T11:41:29+00:00","dateModified":"2022-05-30T15:12:00+00:00","breadcrumb":{"@id":"https:\/\/ericbeeharry.re\/index.php\/programme\/institutions\/justice\/#breadcrumb"},"inLanguage":"fr-FR","potentialAction":[{"@type":"ReadAction","target":["https:\/\/ericbeeharry.re\/index.php\/programme\/institutions\/justice\/"]}]},{"@type":"BreadcrumbList","@id":"https:\/\/ericbeeharry.re\/index.php\/programme\/institutions\/justice\/#breadcrumb","itemListElement":[{"@type":"ListItem","position":1,"name":"Accueil","item":"https:\/\/ericbeeharry.re\/"},{"@type":"ListItem","position":2,"name":"PROGRAMME","item":"https:\/\/ericbeeharry.re\/index.php\/programme\/"},{"@type":"ListItem","position":3,"name":"INSTITUTIONS","item":"https:\/\/ericbeeharry.re\/index.php\/programme\/institutions\/"},{"@type":"ListItem","position":4,"name":"JUSTICE"}]}]}},"_links":{"self":[{"href":"https:\/\/ericbeeharry.re\/index.php\/wp-json\/wp\/v2\/pages\/546"}],"collection":[{"href":"https:\/\/ericbeeharry.re\/index.php\/wp-json\/wp\/v2\/pages"}],"about":[{"href":"https:\/\/ericbeeharry.re\/index.php\/wp-json\/wp\/v2\/types\/page"}],"author":[{"embeddable":true,"href":"https:\/\/ericbeeharry.re\/index.php\/wp-json\/wp\/v2\/users\/1"}],"replies":[{"embeddable":true,"href":"https:\/\/ericbeeharry.re\/index.php\/wp-json\/wp\/v2\/comments?post=546"}],"version-history":[{"count":10,"href":"https:\/\/ericbeeharry.re\/index.php\/wp-json\/wp\/v2\/pages\/546\/revisions"}],"predecessor-version":[{"id":659,"href":"https:\/\/ericbeeharry.re\/index.php\/wp-json\/wp\/v2\/pages\/546\/revisions\/659"}],"up":[{"embeddable":true,"href":"https:\/\/ericbeeharry.re\/index.php\/wp-json\/wp\/v2\/pages\/494"}],"wp:featuredmedia":[{"embeddable":true,"href":"https:\/\/ericbeeharry.re\/index.php\/wp-json\/wp\/v2\/media\/418"}],"wp:attachment":[{"href":"https:\/\/ericbeeharry.re\/index.php\/wp-json\/wp\/v2\/media?parent=546"}],"curies":[{"name":"wp","href":"https:\/\/api.w.org\/{rel}","templated":true}]}}