{"id":567,"date":"2022-05-30T16:11:02","date_gmt":"2022-05-30T12:11:02","guid":{"rendered":"https:\/\/ericbeeharry.re\/?page_id=567"},"modified":"2022-05-30T21:32:49","modified_gmt":"2022-05-30T17:32:49","slug":"fonds-pour-la-creation-dentreprises","status":"publish","type":"page","link":"https:\/\/ericbeeharry.re\/index.php\/programme\/economie\/fonds-pour-la-creation-dentreprises\/","title":{"rendered":"FONDS POUR LA CR\u00c9ATION D\u2019ENTREPRISES"},"content":{"rendered":"<p><strong><img loading=\"lazy\" class=\"aligncenter size-full wp-image-619\" src=\"https:\/\/ericbeeharry.re\/wp-content\/uploads\/2022\/05\/Immobilier-dentreprises-1.jpg\" alt=\"\" width=\"604\" height=\"340\" srcset=\"https:\/\/ericbeeharry.re\/wp-content\/uploads\/2022\/05\/Immobilier-dentreprises-1.jpg 604w, https:\/\/ericbeeharry.re\/wp-content\/uploads\/2022\/05\/Immobilier-dentreprises-1-300x169.jpg 300w\" sizes=\"(max-width: 604px) 100vw, 604px\" \/><\/strong><\/p>\n<p><strong>La cr\u00e9ation d\u2019entreprises est un pr\u00e9alable \u00e0 tout d\u00e9veloppement d\u2019un pays, \u00e0 sa cr\u00e9ation de richesses. Or beaucoup de r\u00e9unionnais ne manquent pas d\u2019id\u00e9es, mais de capital pour les lancer. Le Fonds pour la cr\u00e9ation d\u2019entreprises permet de r\u00e9tablir l\u2019\u00e9galit\u00e9 des chances et la libert\u00e9 d\u2019entreprendre, de s\u2019enrichir.<\/strong><\/p>\n<p><strong>Aliment\u00e9 par le Conseil R\u00e9gional qui dispose d\u2019un budget annuel d\u20191 milliard d\u2019\u20ac et dont c\u2019est la responsabilit\u00e9 de soutenir le d\u00e9veloppement \u00e9conomique, le fonds donnera 10 000 \u20ac \u00e0 chaque cr\u00e9ateur d\u2019entreprise. De quoi permettre les investissements n\u00e9cessaires aux projets de petite et moyenne taille (premiers loyers, mobilier, \u00e9quipements, publicit\u00e9, commerciaux, etc.). Il en d\u00e9coulera naturellement des cr\u00e9ations d\u2019emploi.<\/strong><\/p>\n<p><img loading=\"lazy\" src=\"https:\/\/ericbeeharry.re\/wp-content\/uploads\/2022\/05\/Creation-demplois-1.jpg\" alt=\"\" width=\"249\" height=\"202\" class=\"aligncenter size-full wp-image-616\" \/><\/p>\n<p><strong>La cr\u00e9ation d\u2019entreprises \u00e0 la R\u00e9union se r\u00e9alise au rythme de 6 000 par an. Avec cette nouvelle politique \u00e9conomique, fortement incitative, on peut esp\u00e9rer le doublement de ce chiffre. Du reste, l\u2019impact sur l\u2019emploi et le niveau de vie sera tel qu\u2019il installera la culture de l\u2019entrepreneuriat et la philosophie de libert\u00e9 \u00e0 la R\u00e9union.<\/strong><\/p>\n<p><strong>Exemple avec un fonds de 60 millions d\u2019\u20ac : 6 000 subventions de 10 000 \u20ac (en moyenne) par an. Consid\u00e9rant le taux de survie de 88% apr\u00e8s 1 an, 72% apr\u00e8s 2 ans, 61% apr\u00e8s 3 ans, 51% apr\u00e8s 4 ans et 46% apr\u00e8s 5 ans, consid\u00e9rant les emplois cr\u00e9\u00e9s au nombre moyen de 1 au bout d\u20191 an, 1,5 au bout de 2 ans, 2 au bout de 3 ans, 2,5 au bout de 4 ans et 3 au bout de 5 ans, on obtiendra en 5 ans les cr\u00e9ations d\u2019emploi suivantes :<\/strong><\/p>\n<table border=\"1\">\n<tbody>\n<tr>\n<td style=\"text-align: center;\"><strong><u>ANN\u00c9E DE CR\u00c9ATION<\/u><\/strong><\/td>\n<td style=\"text-align: center;\"><strong><u>TAUX DE SURVIE<\/u><\/strong><\/td>\n<td style=\"text-align: center;\"><strong><u>EMPLOIS PAR ENTREPRISE<\/u><\/strong><\/td>\n<td style=\"text-align: center;\"><strong><u>EMPLOIS CR\u00c9\u00c9S<\/u><\/strong><\/td>\n<\/tr>\n<tr>\n<td style=\"text-align: center;\"><strong>6 000 Ann\u00e9e N<\/strong><\/td>\n<td style=\"text-align: center;\"><strong>46%<\/strong><\/td>\n<td style=\"text-align: center;\"><strong>3<\/strong><\/td>\n<td style=\"text-align: center;\"><strong>8 280<\/strong><\/td>\n<\/tr>\n<tr>\n<td style=\"text-align: center;\"><strong>6 000 Ann\u00e9e N+1<\/strong><\/td>\n<td style=\"text-align: center;\"><strong>51%<\/strong><\/td>\n<td style=\"text-align: center;\"><strong>2,5<\/strong><\/td>\n<td style=\"text-align: center;\"><strong>7 650<\/strong><\/td>\n<\/tr>\n<tr>\n<td style=\"text-align: center;\"><strong>6 000 Ann\u00e9e N+2<\/strong><\/td>\n<td style=\"text-align: center;\"><strong>61%<\/strong><\/td>\n<td style=\"text-align: center;\"><strong>2<\/strong><\/td>\n<td style=\"text-align: center;\"><strong>7 320<\/strong><\/td>\n<\/tr>\n<tr>\n<td style=\"text-align: center;\"><strong>6 000 Ann\u00e9e N+3<\/strong><\/td>\n<td style=\"text-align: center;\"><strong>72%<\/strong><\/td>\n<td style=\"text-align: center;\"><strong>1,5<\/strong><\/td>\n<td style=\"text-align: center;\"><strong>6 480<\/strong><\/td>\n<\/tr>\n<tr>\n<td style=\"text-align: center;\"><strong>6 000 Ann\u00e9e N+4<\/strong><\/td>\n<td style=\"text-align: center;\"><strong>88%<\/strong><\/td>\n<td style=\"text-align: center;\"><strong>1<\/strong><\/td>\n<td style=\"text-align: center;\"><strong>5 280<\/strong><\/td>\n<\/tr>\n<tr>\n<td style=\"text-align: center;\"><strong>TOTAL 5 ANS<\/strong><\/td>\n<td style=\"text-align: center;\"><strong>\u2013<\/strong><\/td>\n<td style=\"text-align: center;\"><strong>\u2013<\/strong><\/td>\n<td style=\"text-align: center;\"><strong>35 010<\/strong><\/td>\n<\/tr>\n<tr>\n<td style=\"text-align: center;\"><strong>DOUBLEMENT FEDER<\/strong><\/td>\n<td style=\"text-align: center;\"><strong>\u2013<\/strong><\/td>\n<td style=\"text-align: center;\"><strong>\u2013<\/strong><\/td>\n<td style=\"text-align: center;\"><strong><span style=\"color: #04b404;\">70 020<\/span><\/strong><\/td>\n<\/tr>\n<\/tbody>\n<\/table>\n<p><strong>Adoss\u00e9 au FEDER (3 milliards d\u2019\u20ac de cr\u00e9dits europ\u00e9ens donn\u00e9s \u00e0 la R\u00e9gion R\u00e9union tous les 6 ans), ce fonds peut \u00eatre doubl\u00e9 pour le m\u00eame montant de 60 millions d\u2019\u20ac. Donc plus de 70 000 cr\u00e9ations d\u2019emploi en 5 ans, soit plus de 14 000 en moyenne annuelle. De plus cette nouvelle \u00e9conomie d\u00e9veloppera l\u2019actuelle : fournisseurs, services aux entreprises, nouveaux salaires distribu\u00e9s et consomm\u00e9s localement, \u2026, cr\u00e9ant encore des emplois.<\/strong><\/p>\n<p><b>En outre, cette incitation financi\u00e8re et inconditionnelle aura l\u2019avantage de simplifier l&rsquo;incroyable et long labyrinthe d\u2019aides et de bureaucratie auquel se heurtent les cr\u00e9ateurs d\u2019entreprise. Remettant ainsi l\u2019entrepreneur au c\u0153ur de la cr\u00e9ation d\u2019entreprise, ma\u00eetre de son destin.<\/b><\/p>\n<p><strong><img loading=\"lazy\" class=\"aligncenter size-full wp-image-621\" src=\"https:\/\/ericbeeharry.re\/wp-content\/uploads\/2022\/05\/Croissance-dans-une-main-1.jpg\" alt=\"\" width=\"267\" height=\"189\" \/><\/strong><\/p>\n<p><strong>Le cas \u00e9ch\u00e9ant, un guichet unique pourra orienter les porteurs de projet en panne d\u2019id\u00e9es vers une liste de niches \u00e9conomiques \u00e0 d\u00e9velopper \u00e0 la R\u00e9union. Celle-ci \u00e9tant \u00e9labor\u00e9e par des \u00e9conomistes connaissant bien l\u2019\u00eele de la R\u00e9union et ses marges de progression.<\/strong><\/p>\n<p><strong><u>PR\u00c9CISIONS DIVERSES<\/u> :<\/strong><\/p>\n<p><strong>\u2013 Les statistiques sur la cr\u00e9ation et la survie des entreprises viennent de l\u2019INSEE.<\/strong><br \/>\n<strong>\u2013 Les fonds d\u00e9di\u00e9s par la R\u00e9gion \u00e0 l\u2019\u00e9conomie r\u00e9unionnaise sont tr\u00e8s largement sup\u00e9rieurs \u00e0 ce Fonds pour la cr\u00e9ation d\u2019entreprises et sans impact sur l\u2019emploi durable. L\u2019essentiel allant aux contrats aid\u00e9s, aux chantiers publics ne g\u00e9n\u00e9rant pas d\u2019activit\u00e9 p\u00e9renne et aux appels d\u2019offres douteux et co\u00fbteux. Idem pour le FEDER.<\/strong><\/p>\n","protected":false},"excerpt":{"rendered":"<p>La cr\u00e9ation d\u2019entreprises est un pr\u00e9alable \u00e0 tout d\u00e9veloppement d\u2019un pays, \u00e0 sa cr\u00e9ation de richesses. Or beaucoup de r\u00e9unionnais ne manquent pas d\u2019id\u00e9es, mais de capital pour les lancer. Le Fonds pour la cr\u00e9ation d\u2019entreprises permet de r\u00e9tablir l\u2019\u00e9galit\u00e9 des chances et la libert\u00e9 d\u2019entreprendre, de s\u2019enrichir. Aliment\u00e9 par le Conseil R\u00e9gional qui dispose [&hellip;]<\/p>\n","protected":false},"author":1,"featured_media":418,"parent":450,"menu_order":0,"comment_status":"closed","ping_status":"closed","template":"templates\/template-cover.php","meta":[],"yoast_head":"<!-- This site is optimized with the Yoast SEO plugin v17.8 - https:\/\/yoast.com\/wordpress\/plugins\/seo\/ -->\n<title>FONDS POUR LA CR\u00c9ATION D\u2019ENTREPRISES - Nouvelle R\u00e9union - \u00c9ric Beeharry<\/title>\n<meta name=\"robots\" content=\"index, follow, max-snippet:-1, max-image-preview:large, max-video-preview:-1\" \/>\n<link rel=\"canonical\" href=\"https:\/\/ericbeeharry.re\/index.php\/programme\/economie\/fonds-pour-la-creation-dentreprises\/\" \/>\n<meta property=\"og:locale\" content=\"fr_FR\" \/>\n<meta property=\"og:type\" content=\"article\" \/>\n<meta property=\"og:title\" content=\"FONDS POUR LA CR\u00c9ATION D\u2019ENTREPRISES - Nouvelle R\u00e9union - \u00c9ric Beeharry\" \/>\n<meta property=\"og:description\" content=\"La cr\u00e9ation d\u2019entreprises est un pr\u00e9alable \u00e0 tout d\u00e9veloppement d\u2019un pays, \u00e0 sa cr\u00e9ation de richesses. Or beaucoup de r\u00e9unionnais ne manquent pas d\u2019id\u00e9es, mais de capital pour les lancer. Le Fonds pour la cr\u00e9ation d\u2019entreprises permet de r\u00e9tablir l\u2019\u00e9galit\u00e9 des chances et la libert\u00e9 d\u2019entreprendre, de s\u2019enrichir. Aliment\u00e9 par le Conseil R\u00e9gional qui dispose [&hellip;]\" \/>\n<meta property=\"og:url\" content=\"https:\/\/ericbeeharry.re\/index.php\/programme\/economie\/fonds-pour-la-creation-dentreprises\/\" \/>\n<meta property=\"og:site_name\" content=\"Nouvelle R\u00e9union - \u00c9ric Beeharry\" \/>\n<meta property=\"article:modified_time\" content=\"2022-05-30T17:32:49+00:00\" \/>\n<meta property=\"og:image\" content=\"https:\/\/ericbeeharry.re\/wp-content\/uploads\/2022\/05\/Galaxie-Photo-Bordure-General-Twitch-Banniere.png\" \/>\n\t<meta property=\"og:image:width\" content=\"900\" \/>\n\t<meta property=\"og:image:height\" content=\"480\" \/>\n<meta name=\"twitter:card\" content=\"summary_large_image\" \/>\n<meta name=\"twitter:label1\" content=\"Dur\u00e9e de lecture estim\u00e9e\" \/>\n\t<meta name=\"twitter:data1\" content=\"4 minutes\" \/>\n<script type=\"application\/ld+json\" class=\"yoast-schema-graph\">{\"@context\":\"https:\/\/schema.org\",\"@graph\":[{\"@type\":\"WebSite\",\"@id\":\"https:\/\/ericbeeharry.re\/#website\",\"url\":\"https:\/\/ericbeeharry.re\/\",\"name\":\"Nouvelle R\\u00e9union - \\u00c9ric Beeharry\",\"description\":\"\",\"potentialAction\":[{\"@type\":\"SearchAction\",\"target\":{\"@type\":\"EntryPoint\",\"urlTemplate\":\"https:\/\/ericbeeharry.re\/?s={search_term_string}\"},\"query-input\":\"required name=search_term_string\"}],\"inLanguage\":\"fr-FR\"},{\"@type\":\"ImageObject\",\"@id\":\"https:\/\/ericbeeharry.re\/index.php\/programme\/economie\/fonds-pour-la-creation-dentreprises\/#primaryimage\",\"inLanguage\":\"fr-FR\",\"url\":\"https:\/\/ericbeeharry.re\/wp-content\/uploads\/2022\/05\/Galaxie-Photo-Bordure-General-Twitch-Banniere.png\",\"contentUrl\":\"https:\/\/ericbeeharry.re\/wp-content\/uploads\/2022\/05\/Galaxie-Photo-Bordure-General-Twitch-Banniere.png\",\"width\":900,\"height\":480},{\"@type\":\"WebPage\",\"@id\":\"https:\/\/ericbeeharry.re\/index.php\/programme\/economie\/fonds-pour-la-creation-dentreprises\/#webpage\",\"url\":\"https:\/\/ericbeeharry.re\/index.php\/programme\/economie\/fonds-pour-la-creation-dentreprises\/\",\"name\":\"FONDS POUR LA CR\\u00c9ATION D\\u2019ENTREPRISES - Nouvelle R\\u00e9union - \\u00c9ric Beeharry\",\"isPartOf\":{\"@id\":\"https:\/\/ericbeeharry.re\/#website\"},\"primaryImageOfPage\":{\"@id\":\"https:\/\/ericbeeharry.re\/index.php\/programme\/economie\/fonds-pour-la-creation-dentreprises\/#primaryimage\"},\"datePublished\":\"2022-05-30T12:11:02+00:00\",\"dateModified\":\"2022-05-30T17:32:49+00:00\",\"breadcrumb\":{\"@id\":\"https:\/\/ericbeeharry.re\/index.php\/programme\/economie\/fonds-pour-la-creation-dentreprises\/#breadcrumb\"},\"inLanguage\":\"fr-FR\",\"potentialAction\":[{\"@type\":\"ReadAction\",\"target\":[\"https:\/\/ericbeeharry.re\/index.php\/programme\/economie\/fonds-pour-la-creation-dentreprises\/\"]}]},{\"@type\":\"BreadcrumbList\",\"@id\":\"https:\/\/ericbeeharry.re\/index.php\/programme\/economie\/fonds-pour-la-creation-dentreprises\/#breadcrumb\",\"itemListElement\":[{\"@type\":\"ListItem\",\"position\":1,\"name\":\"Accueil\",\"item\":\"https:\/\/ericbeeharry.re\/\"},{\"@type\":\"ListItem\",\"position\":2,\"name\":\"PROGRAMME\",\"item\":\"https:\/\/ericbeeharry.re\/index.php\/programme\/\"},{\"@type\":\"ListItem\",\"position\":3,\"name\":\"\\u00c9CONOMIE\",\"item\":\"https:\/\/ericbeeharry.re\/index.php\/programme\/economie\/\"},{\"@type\":\"ListItem\",\"position\":4,\"name\":\"FONDS POUR LA CR\\u00c9ATION D\\u2019ENTREPRISES\"}]}]}<\/script>\n<!-- \/ Yoast SEO plugin. -->","yoast_head_json":{"title":"FONDS POUR LA CR\u00c9ATION D\u2019ENTREPRISES - Nouvelle R\u00e9union - \u00c9ric Beeharry","robots":{"index":"index","follow":"follow","max-snippet":"max-snippet:-1","max-image-preview":"max-image-preview:large","max-video-preview":"max-video-preview:-1"},"canonical":"https:\/\/ericbeeharry.re\/index.php\/programme\/economie\/fonds-pour-la-creation-dentreprises\/","og_locale":"fr_FR","og_type":"article","og_title":"FONDS POUR LA CR\u00c9ATION D\u2019ENTREPRISES - Nouvelle R\u00e9union - \u00c9ric Beeharry","og_description":"La cr\u00e9ation d\u2019entreprises est un pr\u00e9alable \u00e0 tout d\u00e9veloppement d\u2019un pays, \u00e0 sa cr\u00e9ation de richesses. Or beaucoup de r\u00e9unionnais ne manquent pas d\u2019id\u00e9es, mais de capital pour les lancer. Le Fonds pour la cr\u00e9ation d\u2019entreprises permet de r\u00e9tablir l\u2019\u00e9galit\u00e9 des chances et la libert\u00e9 d\u2019entreprendre, de s\u2019enrichir. Aliment\u00e9 par le Conseil R\u00e9gional qui dispose [&hellip;]","og_url":"https:\/\/ericbeeharry.re\/index.php\/programme\/economie\/fonds-pour-la-creation-dentreprises\/","og_site_name":"Nouvelle R\u00e9union - \u00c9ric Beeharry","article_modified_time":"2022-05-30T17:32:49+00:00","og_image":[{"width":900,"height":480,"url":"https:\/\/ericbeeharry.re\/wp-content\/uploads\/2022\/05\/Galaxie-Photo-Bordure-General-Twitch-Banniere.png","type":"image\/png"}],"twitter_card":"summary_large_image","twitter_misc":{"Dur\u00e9e de lecture estim\u00e9e":"4 minutes"},"schema":{"@context":"https:\/\/schema.org","@graph":[{"@type":"WebSite","@id":"https:\/\/ericbeeharry.re\/#website","url":"https:\/\/ericbeeharry.re\/","name":"Nouvelle R\u00e9union - \u00c9ric Beeharry","description":"","potentialAction":[{"@type":"SearchAction","target":{"@type":"EntryPoint","urlTemplate":"https:\/\/ericbeeharry.re\/?s={search_term_string}"},"query-input":"required name=search_term_string"}],"inLanguage":"fr-FR"},{"@type":"ImageObject","@id":"https:\/\/ericbeeharry.re\/index.php\/programme\/economie\/fonds-pour-la-creation-dentreprises\/#primaryimage","inLanguage":"fr-FR","url":"https:\/\/ericbeeharry.re\/wp-content\/uploads\/2022\/05\/Galaxie-Photo-Bordure-General-Twitch-Banniere.png","contentUrl":"https:\/\/ericbeeharry.re\/wp-content\/uploads\/2022\/05\/Galaxie-Photo-Bordure-General-Twitch-Banniere.png","width":900,"height":480},{"@type":"WebPage","@id":"https:\/\/ericbeeharry.re\/index.php\/programme\/economie\/fonds-pour-la-creation-dentreprises\/#webpage","url":"https:\/\/ericbeeharry.re\/index.php\/programme\/economie\/fonds-pour-la-creation-dentreprises\/","name":"FONDS POUR LA CR\u00c9ATION D\u2019ENTREPRISES - Nouvelle R\u00e9union - \u00c9ric Beeharry","isPartOf":{"@id":"https:\/\/ericbeeharry.re\/#website"},"primaryImageOfPage":{"@id":"https:\/\/ericbeeharry.re\/index.php\/programme\/economie\/fonds-pour-la-creation-dentreprises\/#primaryimage"},"datePublished":"2022-05-30T12:11:02+00:00","dateModified":"2022-05-30T17:32:49+00:00","breadcrumb":{"@id":"https:\/\/ericbeeharry.re\/index.php\/programme\/economie\/fonds-pour-la-creation-dentreprises\/#breadcrumb"},"inLanguage":"fr-FR","potentialAction":[{"@type":"ReadAction","target":["https:\/\/ericbeeharry.re\/index.php\/programme\/economie\/fonds-pour-la-creation-dentreprises\/"]}]},{"@type":"BreadcrumbList","@id":"https:\/\/ericbeeharry.re\/index.php\/programme\/economie\/fonds-pour-la-creation-dentreprises\/#breadcrumb","itemListElement":[{"@type":"ListItem","position":1,"name":"Accueil","item":"https:\/\/ericbeeharry.re\/"},{"@type":"ListItem","position":2,"name":"PROGRAMME","item":"https:\/\/ericbeeharry.re\/index.php\/programme\/"},{"@type":"ListItem","position":3,"name":"\u00c9CONOMIE","item":"https:\/\/ericbeeharry.re\/index.php\/programme\/economie\/"},{"@type":"ListItem","position":4,"name":"FONDS POUR LA CR\u00c9ATION D\u2019ENTREPRISES"}]}]}},"_links":{"self":[{"href":"https:\/\/ericbeeharry.re\/index.php\/wp-json\/wp\/v2\/pages\/567"}],"collection":[{"href":"https:\/\/ericbeeharry.re\/index.php\/wp-json\/wp\/v2\/pages"}],"about":[{"href":"https:\/\/ericbeeharry.re\/index.php\/wp-json\/wp\/v2\/types\/page"}],"author":[{"embeddable":true,"href":"https:\/\/ericbeeharry.re\/index.php\/wp-json\/wp\/v2\/users\/1"}],"replies":[{"embeddable":true,"href":"https:\/\/ericbeeharry.re\/index.php\/wp-json\/wp\/v2\/comments?post=567"}],"version-history":[{"count":9,"href":"https:\/\/ericbeeharry.re\/index.php\/wp-json\/wp\/v2\/pages\/567\/revisions"}],"predecessor-version":[{"id":717,"href":"https:\/\/ericbeeharry.re\/index.php\/wp-json\/wp\/v2\/pages\/567\/revisions\/717"}],"up":[{"embeddable":true,"href":"https:\/\/ericbeeharry.re\/index.php\/wp-json\/wp\/v2\/pages\/450"}],"wp:featuredmedia":[{"embeddable":true,"href":"https:\/\/ericbeeharry.re\/index.php\/wp-json\/wp\/v2\/media\/418"}],"wp:attachment":[{"href":"https:\/\/ericbeeharry.re\/index.php\/wp-json\/wp\/v2\/media?parent=567"}],"curies":[{"name":"wp","href":"https:\/\/api.w.org\/{rel}","templated":true}]}}