{"id":578,"date":"2022-05-30T16:26:53","date_gmt":"2022-05-30T12:26:53","guid":{"rendered":"https:\/\/ericbeeharry.re\/?page_id=578"},"modified":"2022-05-30T21:25:58","modified_gmt":"2022-05-30T17:25:58","slug":"modernisation","status":"publish","type":"page","link":"https:\/\/ericbeeharry.re\/index.php\/programme\/institutions\/modernisation\/","title":{"rendered":"MODERNISATION"},"content":{"rendered":"<p><strong><img loading=\"lazy\" class=\"aligncenter size-full wp-image-651\" src=\"https:\/\/ericbeeharry.re\/wp-content\/uploads\/2022\/05\/Informatisation-1.webp\" alt=\"\" width=\"510\" height=\"340\" srcset=\"https:\/\/ericbeeharry.re\/wp-content\/uploads\/2022\/05\/Informatisation-1.webp 510w, https:\/\/ericbeeharry.re\/wp-content\/uploads\/2022\/05\/Informatisation-1-300x200.webp 300w\" sizes=\"(max-width: 510px) 100vw, 510px\" \/><\/strong><\/p>\n<p><strong>Les administrations et services publics de l\u2019\u00eele sont connus pour leur lenteur dans le traitement des dossiers de leurs usagers. Il en r\u00e9sulte des blocages de vie pour les particuliers, des arr\u00eats voire des faillites pour les entreprises et donc globalement un ralentissement, un d\u00e9clin de la R\u00e9union. Pourtant des solutions existent.<\/strong><\/p>\n<p><strong><span style=\"color: #0000ff;\"><u>NUM\u00c9RISATION<\/u><\/span><\/strong><\/p>\n<p><strong>Par l\u2019innovation num\u00e9rique nous pouvons grandement am\u00e9liorer le rapport des r\u00e9unionnais avec leurs institutions et leur faciliter la vie.<\/strong><\/p>\n<p><strong>Par l\u2019informatisation accrue des administrations et la t\u00e9l\u00e9transmission des documents via Internet, la cr\u00e9ation et la r\u00e9gularisation des papiers, des dossiers des usagers peut s\u2019\u00e9tablir plus beaucoup rapidement et \u00e9liminer les files d\u2019attente physiques aux guichets. Gain de temps et d&rsquo;argent pour tous.<\/strong><\/p>\n<p><strong>Par le community management, le renseignement des r\u00e9unionnais sur les d\u00e9marches \u00e0 suivre, on va aussi plus vite dans la relation et on r\u00e9duit les co\u00fbts pour l\u2019usager comme pour l\u2019administration. Les agents online auront aussi acc\u00e8s aux aux dossiers personnels, ce qui acc\u00e9l\u00e9rera nettement tout le processus.<\/strong><\/p>\n<p><strong>Par la mise \u00e0 disposition gratuite de scanners dans les administrations, chacun peut num\u00e9riser, sauvegarder et envoyer ses justificatifs, sans avoir \u00e0 acheter un appareil cher ou en louer un chez un professionnel (centre de secr\u00e9tariat, cybercaf\u00e9, etc.)<\/strong><\/p>\n<p><img loading=\"lazy\" class=\"aligncenter size-full wp-image-653\" src=\"https:\/\/ericbeeharry.re\/wp-content\/uploads\/2022\/05\/Numerisation-3.jpg\" alt=\"\" width=\"275\" height=\"183\" \/><\/p>\n<p><strong><span style=\"color: #0000ff;\"><u>SIMPLIFICATION<\/u><\/span><\/strong><\/p>\n<p><strong>Un audit des d\u00e9marches administratives supprimera tous les justificatifs excessivement demand\u00e9s aux usagers, sans rapport avec la demande de l\u2019int\u00e9ress\u00e9. Ainsi on raccourcira l\u2019\u00e9tablissement de la requ\u00eate comme son traitement. Du reste nous devons profiter du statut d\u2019outre-mer de la R\u00e9union pour obtenir une d\u00e9rogation de simplification dans les collectivit\u00e9s territoriales, comme dans les administrations et la fonction publique d\u2019Etat.<\/strong><\/p>\n<p><strong><span style=\"color: #0000ff;\"><u>SOUS-TRAITANCE<\/u><\/span><\/strong><\/p>\n<p><strong>Le recours aux entreprises pour les t\u00e2ches non-essentielles des services publics doit \u00eatre syst\u00e9matique. Cette sous-traitance au priv\u00e9 professionnalisera ces activit\u00e9s gr\u00e2ce \u00e0 un meilleur rapport qualit\u00e9\/prix, via les appels d\u2019offres et la concurrence. Cela \u00e9conomisera des co\u00fbts de fonctionnement : emplois permanents remplac\u00e9s par des contrats de mission aux entreprises. Exemples d\u2019activit\u00e9 \u00e0 sous-traiter : entretien des espaces verts, nettoyage des locaux, maintenance informatique, community management, etc.<\/strong><\/p>\n<p><strong><img loading=\"lazy\" class=\"aligncenter size-full wp-image-652\" src=\"https:\/\/ericbeeharry.re\/wp-content\/uploads\/2022\/05\/Community-manager-1.jpg\" alt=\"\" width=\"510\" height=\"340\" srcset=\"https:\/\/ericbeeharry.re\/wp-content\/uploads\/2022\/05\/Community-manager-1.jpg 510w, https:\/\/ericbeeharry.re\/wp-content\/uploads\/2022\/05\/Community-manager-1-300x200.jpg 300w\" sizes=\"(max-width: 510px) 100vw, 510px\" \/><\/strong><\/p>\n<p><strong><span style=\"color: #0000ff;\"><u>EFFETS POSITIFS<\/u><\/span><\/strong><\/p>\n<p><strong>Les b\u00e9n\u00e9fices seront tr\u00e8s importants et gagnants pour tous :<\/strong><\/p>\n<p><strong>\u2013 La fin des d\u00e9placements inutiles et des longues files d\u2019attente sur place<\/strong><br \/>\n<strong>\u2013 Un gain de temps pour les particuliers, les entreprises et les administrations<\/strong><br \/>\n<strong>\u2013 La chute du nombre des employ\u00e9s aux guichets, au t\u00e9l\u00e9phone et en back office<\/strong><br \/>\n<strong>\u2013 La diminution des co\u00fbts de fonctionnement : employ\u00e9s, fournitures et immobilier<\/strong><\/p>\n<p><strong>Tous ces changements utiles \u00e9conomiseront donc des millions d\u2019\u20ac aux collectivit\u00e9s et aux administrations, fonds \u00e0 rediriger dans <a href=\"https:\/\/ericbeeharry.re\/index.php\/programme\/institutions\/fonction-publique-territoriale\" target=\"_blank\" rel=\"noopener noreferrer\">la r\u00e9duction de l\u2019octroi de mer<\/a> et des taxes locales.<\/strong><\/p>\n<p><strong>Enfin l\u2019\u00e9ternelle pol\u00e9mique sur la sur-r\u00e9mun\u00e9ration des fonctionnaires peut devenir un lointain souvenir en la substituant par <a href=\"https:\/\/ericbeeharry.re\/index.php\/programme\/economie\/allocation-universelle\" target=\"_blank\" rel=\"noopener\">l&rsquo;allocation universelle.<\/a><\/strong><\/p>\n<p>&nbsp;<\/p>\n","protected":false},"excerpt":{"rendered":"<p>Les administrations et services publics de l\u2019\u00eele sont connus pour leur lenteur dans le traitement des dossiers de leurs usagers. Il en r\u00e9sulte des blocages de vie pour les particuliers, des arr\u00eats voire des faillites pour les entreprises et donc globalement un ralentissement, un d\u00e9clin de la R\u00e9union. Pourtant des solutions existent. NUM\u00c9RISATION Par l\u2019innovation [&hellip;]<\/p>\n","protected":false},"author":1,"featured_media":418,"parent":494,"menu_order":0,"comment_status":"closed","ping_status":"closed","template":"templates\/template-cover.php","meta":[],"yoast_head":"<!-- This site is optimized with the Yoast SEO plugin v17.8 - https:\/\/yoast.com\/wordpress\/plugins\/seo\/ -->\n<title>MODERNISATION - Nouvelle R\u00e9union - \u00c9ric Beeharry<\/title>\n<meta name=\"robots\" content=\"index, follow, max-snippet:-1, max-image-preview:large, max-video-preview:-1\" \/>\n<link rel=\"canonical\" href=\"https:\/\/ericbeeharry.re\/index.php\/programme\/institutions\/modernisation\/\" \/>\n<meta property=\"og:locale\" content=\"fr_FR\" \/>\n<meta property=\"og:type\" content=\"article\" \/>\n<meta property=\"og:title\" content=\"MODERNISATION - Nouvelle R\u00e9union - \u00c9ric Beeharry\" \/>\n<meta property=\"og:description\" content=\"Les administrations et services publics de l\u2019\u00eele sont connus pour leur lenteur dans le traitement des dossiers de leurs usagers. Il en r\u00e9sulte des blocages de vie pour les particuliers, des arr\u00eats voire des faillites pour les entreprises et donc globalement un ralentissement, un d\u00e9clin de la R\u00e9union. Pourtant des solutions existent. NUM\u00c9RISATION Par l\u2019innovation [&hellip;]\" \/>\n<meta property=\"og:url\" content=\"https:\/\/ericbeeharry.re\/index.php\/programme\/institutions\/modernisation\/\" \/>\n<meta property=\"og:site_name\" content=\"Nouvelle R\u00e9union - \u00c9ric Beeharry\" \/>\n<meta property=\"article:modified_time\" content=\"2022-05-30T17:25:58+00:00\" \/>\n<meta property=\"og:image\" content=\"https:\/\/ericbeeharry.re\/wp-content\/uploads\/2022\/05\/Galaxie-Photo-Bordure-General-Twitch-Banniere.png\" \/>\n\t<meta property=\"og:image:width\" content=\"900\" \/>\n\t<meta property=\"og:image:height\" content=\"480\" \/>\n<meta name=\"twitter:card\" content=\"summary_large_image\" \/>\n<meta name=\"twitter:label1\" content=\"Dur\u00e9e de lecture estim\u00e9e\" \/>\n\t<meta name=\"twitter:data1\" content=\"3 minutes\" \/>\n<script type=\"application\/ld+json\" class=\"yoast-schema-graph\">{\"@context\":\"https:\/\/schema.org\",\"@graph\":[{\"@type\":\"WebSite\",\"@id\":\"https:\/\/ericbeeharry.re\/#website\",\"url\":\"https:\/\/ericbeeharry.re\/\",\"name\":\"Nouvelle R\\u00e9union - \\u00c9ric Beeharry\",\"description\":\"\",\"potentialAction\":[{\"@type\":\"SearchAction\",\"target\":{\"@type\":\"EntryPoint\",\"urlTemplate\":\"https:\/\/ericbeeharry.re\/?s={search_term_string}\"},\"query-input\":\"required name=search_term_string\"}],\"inLanguage\":\"fr-FR\"},{\"@type\":\"ImageObject\",\"@id\":\"https:\/\/ericbeeharry.re\/index.php\/programme\/institutions\/modernisation\/#primaryimage\",\"inLanguage\":\"fr-FR\",\"url\":\"https:\/\/ericbeeharry.re\/wp-content\/uploads\/2022\/05\/Galaxie-Photo-Bordure-General-Twitch-Banniere.png\",\"contentUrl\":\"https:\/\/ericbeeharry.re\/wp-content\/uploads\/2022\/05\/Galaxie-Photo-Bordure-General-Twitch-Banniere.png\",\"width\":900,\"height\":480},{\"@type\":\"WebPage\",\"@id\":\"https:\/\/ericbeeharry.re\/index.php\/programme\/institutions\/modernisation\/#webpage\",\"url\":\"https:\/\/ericbeeharry.re\/index.php\/programme\/institutions\/modernisation\/\",\"name\":\"MODERNISATION - Nouvelle R\\u00e9union - \\u00c9ric Beeharry\",\"isPartOf\":{\"@id\":\"https:\/\/ericbeeharry.re\/#website\"},\"primaryImageOfPage\":{\"@id\":\"https:\/\/ericbeeharry.re\/index.php\/programme\/institutions\/modernisation\/#primaryimage\"},\"datePublished\":\"2022-05-30T12:26:53+00:00\",\"dateModified\":\"2022-05-30T17:25:58+00:00\",\"breadcrumb\":{\"@id\":\"https:\/\/ericbeeharry.re\/index.php\/programme\/institutions\/modernisation\/#breadcrumb\"},\"inLanguage\":\"fr-FR\",\"potentialAction\":[{\"@type\":\"ReadAction\",\"target\":[\"https:\/\/ericbeeharry.re\/index.php\/programme\/institutions\/modernisation\/\"]}]},{\"@type\":\"BreadcrumbList\",\"@id\":\"https:\/\/ericbeeharry.re\/index.php\/programme\/institutions\/modernisation\/#breadcrumb\",\"itemListElement\":[{\"@type\":\"ListItem\",\"position\":1,\"name\":\"Accueil\",\"item\":\"https:\/\/ericbeeharry.re\/\"},{\"@type\":\"ListItem\",\"position\":2,\"name\":\"PROGRAMME\",\"item\":\"https:\/\/ericbeeharry.re\/index.php\/programme\/\"},{\"@type\":\"ListItem\",\"position\":3,\"name\":\"INSTITUTIONS\",\"item\":\"https:\/\/ericbeeharry.re\/index.php\/programme\/institutions\/\"},{\"@type\":\"ListItem\",\"position\":4,\"name\":\"MODERNISATION\"}]}]}<\/script>\n<!-- \/ Yoast SEO plugin. -->","yoast_head_json":{"title":"MODERNISATION - Nouvelle R\u00e9union - \u00c9ric Beeharry","robots":{"index":"index","follow":"follow","max-snippet":"max-snippet:-1","max-image-preview":"max-image-preview:large","max-video-preview":"max-video-preview:-1"},"canonical":"https:\/\/ericbeeharry.re\/index.php\/programme\/institutions\/modernisation\/","og_locale":"fr_FR","og_type":"article","og_title":"MODERNISATION - Nouvelle R\u00e9union - \u00c9ric Beeharry","og_description":"Les administrations et services publics de l\u2019\u00eele sont connus pour leur lenteur dans le traitement des dossiers de leurs usagers. Il en r\u00e9sulte des blocages de vie pour les particuliers, des arr\u00eats voire des faillites pour les entreprises et donc globalement un ralentissement, un d\u00e9clin de la R\u00e9union. Pourtant des solutions existent. NUM\u00c9RISATION Par l\u2019innovation [&hellip;]","og_url":"https:\/\/ericbeeharry.re\/index.php\/programme\/institutions\/modernisation\/","og_site_name":"Nouvelle R\u00e9union - \u00c9ric Beeharry","article_modified_time":"2022-05-30T17:25:58+00:00","og_image":[{"width":900,"height":480,"url":"https:\/\/ericbeeharry.re\/wp-content\/uploads\/2022\/05\/Galaxie-Photo-Bordure-General-Twitch-Banniere.png","type":"image\/png"}],"twitter_card":"summary_large_image","twitter_misc":{"Dur\u00e9e de lecture estim\u00e9e":"3 minutes"},"schema":{"@context":"https:\/\/schema.org","@graph":[{"@type":"WebSite","@id":"https:\/\/ericbeeharry.re\/#website","url":"https:\/\/ericbeeharry.re\/","name":"Nouvelle R\u00e9union - \u00c9ric Beeharry","description":"","potentialAction":[{"@type":"SearchAction","target":{"@type":"EntryPoint","urlTemplate":"https:\/\/ericbeeharry.re\/?s={search_term_string}"},"query-input":"required name=search_term_string"}],"inLanguage":"fr-FR"},{"@type":"ImageObject","@id":"https:\/\/ericbeeharry.re\/index.php\/programme\/institutions\/modernisation\/#primaryimage","inLanguage":"fr-FR","url":"https:\/\/ericbeeharry.re\/wp-content\/uploads\/2022\/05\/Galaxie-Photo-Bordure-General-Twitch-Banniere.png","contentUrl":"https:\/\/ericbeeharry.re\/wp-content\/uploads\/2022\/05\/Galaxie-Photo-Bordure-General-Twitch-Banniere.png","width":900,"height":480},{"@type":"WebPage","@id":"https:\/\/ericbeeharry.re\/index.php\/programme\/institutions\/modernisation\/#webpage","url":"https:\/\/ericbeeharry.re\/index.php\/programme\/institutions\/modernisation\/","name":"MODERNISATION - Nouvelle R\u00e9union - \u00c9ric Beeharry","isPartOf":{"@id":"https:\/\/ericbeeharry.re\/#website"},"primaryImageOfPage":{"@id":"https:\/\/ericbeeharry.re\/index.php\/programme\/institutions\/modernisation\/#primaryimage"},"datePublished":"2022-05-30T12:26:53+00:00","dateModified":"2022-05-30T17:25:58+00:00","breadcrumb":{"@id":"https:\/\/ericbeeharry.re\/index.php\/programme\/institutions\/modernisation\/#breadcrumb"},"inLanguage":"fr-FR","potentialAction":[{"@type":"ReadAction","target":["https:\/\/ericbeeharry.re\/index.php\/programme\/institutions\/modernisation\/"]}]},{"@type":"BreadcrumbList","@id":"https:\/\/ericbeeharry.re\/index.php\/programme\/institutions\/modernisation\/#breadcrumb","itemListElement":[{"@type":"ListItem","position":1,"name":"Accueil","item":"https:\/\/ericbeeharry.re\/"},{"@type":"ListItem","position":2,"name":"PROGRAMME","item":"https:\/\/ericbeeharry.re\/index.php\/programme\/"},{"@type":"ListItem","position":3,"name":"INSTITUTIONS","item":"https:\/\/ericbeeharry.re\/index.php\/programme\/institutions\/"},{"@type":"ListItem","position":4,"name":"MODERNISATION"}]}]}},"_links":{"self":[{"href":"https:\/\/ericbeeharry.re\/index.php\/wp-json\/wp\/v2\/pages\/578"}],"collection":[{"href":"https:\/\/ericbeeharry.re\/index.php\/wp-json\/wp\/v2\/pages"}],"about":[{"href":"https:\/\/ericbeeharry.re\/index.php\/wp-json\/wp\/v2\/types\/page"}],"author":[{"embeddable":true,"href":"https:\/\/ericbeeharry.re\/index.php\/wp-json\/wp\/v2\/users\/1"}],"replies":[{"embeddable":true,"href":"https:\/\/ericbeeharry.re\/index.php\/wp-json\/wp\/v2\/comments?post=578"}],"version-history":[{"count":9,"href":"https:\/\/ericbeeharry.re\/index.php\/wp-json\/wp\/v2\/pages\/578\/revisions"}],"predecessor-version":[{"id":714,"href":"https:\/\/ericbeeharry.re\/index.php\/wp-json\/wp\/v2\/pages\/578\/revisions\/714"}],"up":[{"embeddable":true,"href":"https:\/\/ericbeeharry.re\/index.php\/wp-json\/wp\/v2\/pages\/494"}],"wp:featuredmedia":[{"embeddable":true,"href":"https:\/\/ericbeeharry.re\/index.php\/wp-json\/wp\/v2\/media\/418"}],"wp:attachment":[{"href":"https:\/\/ericbeeharry.re\/index.php\/wp-json\/wp\/v2\/media?parent=578"}],"curies":[{"name":"wp","href":"https:\/\/api.w.org\/{rel}","templated":true}]}}