{"id":587,"date":"2022-05-30T16:41:48","date_gmt":"2022-05-30T12:41:48","guid":{"rendered":"https:\/\/ericbeeharry.re\/?page_id=587"},"modified":"2022-05-30T21:06:04","modified_gmt":"2022-05-30T17:06:04","slug":"pouvoir-dachat","status":"publish","type":"page","link":"https:\/\/ericbeeharry.re\/index.php\/programme\/economie\/pouvoir-dachat\/","title":{"rendered":"POUVOIR D\u2019ACHAT"},"content":{"rendered":"<p><strong><img loading=\"lazy\" class=\"aligncenter size-full wp-image-609\" src=\"https:\/\/ericbeeharry.re\/wp-content\/uploads\/2022\/05\/Consommation-1.jpg\" alt=\"\" width=\"496\" height=\"340\" srcset=\"https:\/\/ericbeeharry.re\/wp-content\/uploads\/2022\/05\/Consommation-1.jpg 496w, https:\/\/ericbeeharry.re\/wp-content\/uploads\/2022\/05\/Consommation-1-300x206.jpg 300w\" sizes=\"(max-width: 496px) 100vw, 496px\" \/><\/strong><\/p>\n<p><strong>L&rsquo;\u00eele de la R\u00e9union est une terre bard\u00e9e de monopoles et d\u2019oligopoles. Ils gonflent les prix pour s\u2019enrichir sur le dos des consommateurs, les privant de pouvoir d\u2019achat. Heureusement plusieurs leviers existent pour lib\u00e9rer les R\u00e9unionnais de cette pr\u00e9dation financi\u00e8re.<\/strong><\/p>\n<p><strong><span style=\"color: #0000ff;\"><u>LA CONCURRENCE<\/u><\/span><\/strong><\/p>\n<p><strong>Pour activer la concurrence et r\u00e9tablir des prix raisonnables on peut :<\/strong><\/p>\n<p><strong>\u2013 Soutenir la cr\u00e9ation d\u2019entreprises dans le fret, l\u2019importation, la distribution et la production de biens et services, avec <a href=\"https:\/\/ericbeeharry.re\/index.php\/programme\/economie\/fonds-pour-la-creation-dentreprises\" target=\"_blank\" rel=\"noopener noreferrer\">le Fonds pour la cr\u00e9ation d\u2019entreprises<\/a>.<\/strong><br \/>\n<strong>\u2013 Faire venir de nouvelles compagnies a\u00e9riennes. <a href=\"https:\/\/ericbeeharry.re\/index.php\/programme\/institutions\" target=\"_blank\" rel=\"noopener noreferrer\">Notre r\u00e9forme institutionnelle<\/a> facilitera cette ouverture du ciel \u00e0 la concurrence qui g\u00e9n\u00e9rera la chute des tarifs du fret par avion.<\/strong><br \/>\n<strong>\u2013 Diversifier nos approvisionnements, trop d\u00e9pendants de la m\u00e9tropole, pour profiter des prix souvent plus bas des pays de notre zone (Oc\u00e9an Indien, Afrique, Australie, \u2026)<\/strong><br \/>\n<strong>\u2013 \u00c9laborer une loi anti-trust sp\u00e9cifique \u00e0 l&rsquo;\u00eele de la R\u00e9union et y installer une antenne locale de l&rsquo;Autorit\u00e9 de la Concurrence, afin d\u2019obliger les monopoles et oligopoles \u00e0 vendre une partie de leurs actifs \u00e0 la concurrence et ainsi relancer la bataille des prix.<\/strong><br \/>\n<strong>\u2013 Lancer des sites web de comparaison des prix en ligne pour faire jouer la concurrence. G\u00e9r\u00e9s par des associations de consommateurs, ces plateformes pourront \u00eatre financ\u00e9es par <a href=\"https:\/\/ericbeeharry.re\/index.php\/programme\/economie\/allocation-universelle\" target=\"_blank\" rel=\"noopener noreferrer\">l\u2019allocation universelle.<\/a><\/strong><\/p>\n<p><iframe loading=\"lazy\" src=\"https:\/\/www.youtube.com\/embed\/-ONiNQWRG1w?feature=oembed\" width=\"640\" height=\"360\" frameborder=\"0\" allowfullscreen=\"allowfullscreen\"><\/iframe><\/p>\n<p><strong><span style=\"color: #0000ff;\"><u>LA R\u00c9FORME DE L&rsquo;OCTROI DE MER<\/u><\/span><\/strong><\/p>\n<p><b>L\u2019octroi de mer, cens\u00e9 prot\u00e9ger la production locale, ne se justifie pas sur les biens non produits \u00e0 la R\u00e9union. Il faut donc le supprimer sur ces importations. Pour le d\u00e9fendre, on dit qu\u2019il finance les collectivit\u00e9s r\u00e9unionnaises. Mais celles de m\u00e9tropole vivent-elles d\u2019un octroi de mer ? Pas du tout. <\/b><a style=\"font-weight: bold;\" href=\"https:\/\/ericbeeharry.re\/index.php\/programme\/institutions\/fonction-publique-territoriale\" target=\"_blank\" rel=\"noopener noreferrer\">Un plan de rationalisation des effectifs de la fonction publique territoriale<\/a><b> doit \u00eatre men\u00e9, il \u00e9conomisera la moiti\u00e9 des 400 millions d\u2019\u20ac de l\u2019octroi de mer et rendra ainsi 200 millions d\u2019\u20ac de pouvoir d\u2019achat aux consommateurs r\u00e9unionnais.<\/b><\/p>\n<p><strong><span style=\"color: #0000ff;\"><u>LE COMMERCE DIRECT<\/u><\/span><\/strong><\/p>\n<p><strong>Un moyen de contourner la grande distribution, c\u2019est le commerce direct. Avec un r\u00e9seau de distributeurs se fournissant directement avec les producteurs, on \u00e9tablit la concurrence et la baisse des prix. Car les \u00e9carts de tarifs entre la grande distribution et ses fournisseurs sont si exorbitants, qu\u2019il existe une v\u00e9ritable place \u00e0 prendre pour le commerce direct. Le num\u00e9rique et le e-commerce favoriseront cette nouvelle d\u00e9marche concurrentielle.<\/strong><\/p>\n<p><strong><img loading=\"lazy\" class=\"aligncenter size-full wp-image-698\" src=\"https:\/\/ericbeeharry.re\/wp-content\/uploads\/2022\/05\/Main-avec-images-web.jpg\" alt=\"\" width=\"275\" height=\"183\" \/><\/strong><\/p>\n<p><strong><span style=\"color: #0000ff;\"><u>LE MARKETING ET LA PUBLICIT\u00c9<\/u><\/span><\/strong><\/p>\n<p><strong>D\u2019autre part de nombreuses techniques de marketing et de publicit\u00e9 peuvent redonner du pouvoir d\u2019achat aux consommateurs. C\u2019est du ressort des entreprises de ce secteur, mais les \u00e9lus peuvent y contribuer <a href=\"https:\/\/ericbeeharry.re\/index.php\/programme\/economie\/fonds-pour-la-creation-dentreprises\" target=\"_blank\" rel=\"noopener noreferrer\">en soutenant la cr\u00e9ation d\u2019entreprises<\/a> dans ce domaine. Les garants de l\u2019int\u00e9r\u00eat g\u00e9n\u00e9ral y auront d\u2019autant plus int\u00e9r\u00eat que le marketing et la publicit\u00e9 sont des activit\u00e9s-cl\u00e9 pour booster la croissance \u00e9conomique et l\u2019emploi.<\/strong><\/p>\n<p><strong><span style=\"color: #0000ff;\"><u>LE D\u00c9VELOPPEMENT DE L&rsquo;\u00c9CONOMIE ET SON NOUVEAU CADRE SOCIAL ET FISCAL<\/u><\/span><\/strong><\/p>\n<p><strong>En outre, le d\u00e9veloppement \u00e9conomique pourvoira de nouveaux emplois aux R\u00e9unionnais, leur octroyant ainsi de nouveaux salaires et par cons\u00e9quent un nouveau pouvoir d\u2019achat. Nouveau pouvoir d\u2019achat global qui g\u00e9n\u00e9rera \u00e0 son tour le d\u00e9veloppement \u00e9conomique.<\/strong><\/p>\n<p><strong>Parall\u00e8lement la restauration des marges des entreprises facilitera aussi la chute de leurs prix, via <a href=\"https:\/\/ericbeeharry.re\/index.php\/programme\/economie\/allocation-universelle\" target=\"_blank\" rel=\"noopener\">la diminution de leurs charges sociales<\/a> et <a href=\"https:\/\/ericbeeharry.re\/index.php\/programme\/economie\/impot-unique-de-10\" target=\"_blank\" rel=\"noopener\">la r\u00e9duction de leurs imp\u00f4ts<\/a>. De m\u00eame pour le revenu des salari\u00e9s, impact\u00e9s aussi par ces baisses de pr\u00e9l\u00e8vements obligatoires.<\/strong><\/p>\n<p><strong><img loading=\"lazy\" class=\"aligncenter size-full wp-image-633\" src=\"https:\/\/ericbeeharry.re\/wp-content\/uploads\/2022\/05\/Allocation-universelle-1.jpg\" alt=\"\" width=\"311\" height=\"162\" srcset=\"https:\/\/ericbeeharry.re\/wp-content\/uploads\/2022\/05\/Allocation-universelle-1.jpg 311w, https:\/\/ericbeeharry.re\/wp-content\/uploads\/2022\/05\/Allocation-universelle-1-300x156.jpg 300w\" sizes=\"(max-width: 311px) 100vw, 311px\" \/><\/strong><\/p>\n<p><strong><span style=\"color: #0000ff;\"><u>L&rsquo;ALLOCATION UNIVERSELLE<\/u><\/span><\/strong><\/p>\n<p><strong>Enfin <a href=\"https:\/\/ericbeeharry.re\/index.php\/programme\/economie\/allocation-universelle\" target=\"_blank\" rel=\"noopener\">l\u2019allocation universelle<\/a> constituera un gain de pouvoir d\u2019achat important, puisque r\u00e9duisant le co\u00fbt de la protection sociale et redistribuant la diff\u00e9rence \u00e0 chaque individu.<\/strong><\/p>\n","protected":false},"excerpt":{"rendered":"<p>L&rsquo;\u00eele de la R\u00e9union est une terre bard\u00e9e de monopoles et d\u2019oligopoles. Ils gonflent les prix pour s\u2019enrichir sur le dos des consommateurs, les privant de pouvoir d\u2019achat. Heureusement plusieurs leviers existent pour lib\u00e9rer les R\u00e9unionnais de cette pr\u00e9dation financi\u00e8re. LA CONCURRENCE Pour activer la concurrence et r\u00e9tablir des prix raisonnables on peut : \u2013 [&hellip;]<\/p>\n","protected":false},"author":1,"featured_media":418,"parent":450,"menu_order":0,"comment_status":"closed","ping_status":"closed","template":"templates\/template-cover.php","meta":[],"yoast_head":"<!-- This site is optimized with the Yoast SEO plugin v17.8 - https:\/\/yoast.com\/wordpress\/plugins\/seo\/ -->\n<title>POUVOIR D\u2019ACHAT - Nouvelle R\u00e9union - \u00c9ric Beeharry<\/title>\n<meta name=\"robots\" content=\"index, follow, max-snippet:-1, max-image-preview:large, max-video-preview:-1\" \/>\n<link rel=\"canonical\" href=\"https:\/\/ericbeeharry.re\/index.php\/programme\/economie\/pouvoir-dachat\/\" \/>\n<meta property=\"og:locale\" content=\"fr_FR\" \/>\n<meta property=\"og:type\" content=\"article\" \/>\n<meta property=\"og:title\" content=\"POUVOIR D\u2019ACHAT - Nouvelle R\u00e9union - \u00c9ric Beeharry\" \/>\n<meta property=\"og:description\" content=\"L&rsquo;\u00eele de la R\u00e9union est une terre bard\u00e9e de monopoles et d\u2019oligopoles. Ils gonflent les prix pour s\u2019enrichir sur le dos des consommateurs, les privant de pouvoir d\u2019achat. Heureusement plusieurs leviers existent pour lib\u00e9rer les R\u00e9unionnais de cette pr\u00e9dation financi\u00e8re. LA CONCURRENCE Pour activer la concurrence et r\u00e9tablir des prix raisonnables on peut : \u2013 [&hellip;]\" \/>\n<meta property=\"og:url\" content=\"https:\/\/ericbeeharry.re\/index.php\/programme\/economie\/pouvoir-dachat\/\" \/>\n<meta property=\"og:site_name\" content=\"Nouvelle R\u00e9union - \u00c9ric Beeharry\" \/>\n<meta property=\"article:modified_time\" content=\"2022-05-30T17:06:04+00:00\" \/>\n<meta property=\"og:image\" content=\"https:\/\/ericbeeharry.re\/wp-content\/uploads\/2022\/05\/Galaxie-Photo-Bordure-General-Twitch-Banniere.png\" \/>\n\t<meta property=\"og:image:width\" content=\"900\" \/>\n\t<meta property=\"og:image:height\" content=\"480\" \/>\n<meta name=\"twitter:card\" content=\"summary_large_image\" \/>\n<meta name=\"twitter:label1\" content=\"Dur\u00e9e de lecture estim\u00e9e\" \/>\n\t<meta name=\"twitter:data1\" content=\"4 minutes\" \/>\n<script type=\"application\/ld+json\" class=\"yoast-schema-graph\">{\"@context\":\"https:\/\/schema.org\",\"@graph\":[{\"@type\":\"WebSite\",\"@id\":\"https:\/\/ericbeeharry.re\/#website\",\"url\":\"https:\/\/ericbeeharry.re\/\",\"name\":\"Nouvelle R\\u00e9union - \\u00c9ric Beeharry\",\"description\":\"\",\"potentialAction\":[{\"@type\":\"SearchAction\",\"target\":{\"@type\":\"EntryPoint\",\"urlTemplate\":\"https:\/\/ericbeeharry.re\/?s={search_term_string}\"},\"query-input\":\"required name=search_term_string\"}],\"inLanguage\":\"fr-FR\"},{\"@type\":\"ImageObject\",\"@id\":\"https:\/\/ericbeeharry.re\/index.php\/programme\/economie\/pouvoir-dachat\/#primaryimage\",\"inLanguage\":\"fr-FR\",\"url\":\"https:\/\/ericbeeharry.re\/wp-content\/uploads\/2022\/05\/Galaxie-Photo-Bordure-General-Twitch-Banniere.png\",\"contentUrl\":\"https:\/\/ericbeeharry.re\/wp-content\/uploads\/2022\/05\/Galaxie-Photo-Bordure-General-Twitch-Banniere.png\",\"width\":900,\"height\":480},{\"@type\":\"WebPage\",\"@id\":\"https:\/\/ericbeeharry.re\/index.php\/programme\/economie\/pouvoir-dachat\/#webpage\",\"url\":\"https:\/\/ericbeeharry.re\/index.php\/programme\/economie\/pouvoir-dachat\/\",\"name\":\"POUVOIR D\\u2019ACHAT - Nouvelle R\\u00e9union - \\u00c9ric Beeharry\",\"isPartOf\":{\"@id\":\"https:\/\/ericbeeharry.re\/#website\"},\"primaryImageOfPage\":{\"@id\":\"https:\/\/ericbeeharry.re\/index.php\/programme\/economie\/pouvoir-dachat\/#primaryimage\"},\"datePublished\":\"2022-05-30T12:41:48+00:00\",\"dateModified\":\"2022-05-30T17:06:04+00:00\",\"breadcrumb\":{\"@id\":\"https:\/\/ericbeeharry.re\/index.php\/programme\/economie\/pouvoir-dachat\/#breadcrumb\"},\"inLanguage\":\"fr-FR\",\"potentialAction\":[{\"@type\":\"ReadAction\",\"target\":[\"https:\/\/ericbeeharry.re\/index.php\/programme\/economie\/pouvoir-dachat\/\"]}]},{\"@type\":\"BreadcrumbList\",\"@id\":\"https:\/\/ericbeeharry.re\/index.php\/programme\/economie\/pouvoir-dachat\/#breadcrumb\",\"itemListElement\":[{\"@type\":\"ListItem\",\"position\":1,\"name\":\"Accueil\",\"item\":\"https:\/\/ericbeeharry.re\/\"},{\"@type\":\"ListItem\",\"position\":2,\"name\":\"PROGRAMME\",\"item\":\"https:\/\/ericbeeharry.re\/index.php\/programme\/\"},{\"@type\":\"ListItem\",\"position\":3,\"name\":\"\\u00c9CONOMIE\",\"item\":\"https:\/\/ericbeeharry.re\/index.php\/programme\/economie\/\"},{\"@type\":\"ListItem\",\"position\":4,\"name\":\"POUVOIR D\\u2019ACHAT\"}]}]}<\/script>\n<!-- \/ Yoast SEO plugin. -->","yoast_head_json":{"title":"POUVOIR D\u2019ACHAT - Nouvelle R\u00e9union - \u00c9ric Beeharry","robots":{"index":"index","follow":"follow","max-snippet":"max-snippet:-1","max-image-preview":"max-image-preview:large","max-video-preview":"max-video-preview:-1"},"canonical":"https:\/\/ericbeeharry.re\/index.php\/programme\/economie\/pouvoir-dachat\/","og_locale":"fr_FR","og_type":"article","og_title":"POUVOIR D\u2019ACHAT - Nouvelle R\u00e9union - \u00c9ric Beeharry","og_description":"L&rsquo;\u00eele de la R\u00e9union est une terre bard\u00e9e de monopoles et d\u2019oligopoles. Ils gonflent les prix pour s\u2019enrichir sur le dos des consommateurs, les privant de pouvoir d\u2019achat. Heureusement plusieurs leviers existent pour lib\u00e9rer les R\u00e9unionnais de cette pr\u00e9dation financi\u00e8re. LA CONCURRENCE Pour activer la concurrence et r\u00e9tablir des prix raisonnables on peut : \u2013 [&hellip;]","og_url":"https:\/\/ericbeeharry.re\/index.php\/programme\/economie\/pouvoir-dachat\/","og_site_name":"Nouvelle R\u00e9union - \u00c9ric Beeharry","article_modified_time":"2022-05-30T17:06:04+00:00","og_image":[{"width":900,"height":480,"url":"https:\/\/ericbeeharry.re\/wp-content\/uploads\/2022\/05\/Galaxie-Photo-Bordure-General-Twitch-Banniere.png","type":"image\/png"}],"twitter_card":"summary_large_image","twitter_misc":{"Dur\u00e9e de lecture estim\u00e9e":"4 minutes"},"schema":{"@context":"https:\/\/schema.org","@graph":[{"@type":"WebSite","@id":"https:\/\/ericbeeharry.re\/#website","url":"https:\/\/ericbeeharry.re\/","name":"Nouvelle R\u00e9union - \u00c9ric Beeharry","description":"","potentialAction":[{"@type":"SearchAction","target":{"@type":"EntryPoint","urlTemplate":"https:\/\/ericbeeharry.re\/?s={search_term_string}"},"query-input":"required name=search_term_string"}],"inLanguage":"fr-FR"},{"@type":"ImageObject","@id":"https:\/\/ericbeeharry.re\/index.php\/programme\/economie\/pouvoir-dachat\/#primaryimage","inLanguage":"fr-FR","url":"https:\/\/ericbeeharry.re\/wp-content\/uploads\/2022\/05\/Galaxie-Photo-Bordure-General-Twitch-Banniere.png","contentUrl":"https:\/\/ericbeeharry.re\/wp-content\/uploads\/2022\/05\/Galaxie-Photo-Bordure-General-Twitch-Banniere.png","width":900,"height":480},{"@type":"WebPage","@id":"https:\/\/ericbeeharry.re\/index.php\/programme\/economie\/pouvoir-dachat\/#webpage","url":"https:\/\/ericbeeharry.re\/index.php\/programme\/economie\/pouvoir-dachat\/","name":"POUVOIR D\u2019ACHAT - Nouvelle R\u00e9union - \u00c9ric Beeharry","isPartOf":{"@id":"https:\/\/ericbeeharry.re\/#website"},"primaryImageOfPage":{"@id":"https:\/\/ericbeeharry.re\/index.php\/programme\/economie\/pouvoir-dachat\/#primaryimage"},"datePublished":"2022-05-30T12:41:48+00:00","dateModified":"2022-05-30T17:06:04+00:00","breadcrumb":{"@id":"https:\/\/ericbeeharry.re\/index.php\/programme\/economie\/pouvoir-dachat\/#breadcrumb"},"inLanguage":"fr-FR","potentialAction":[{"@type":"ReadAction","target":["https:\/\/ericbeeharry.re\/index.php\/programme\/economie\/pouvoir-dachat\/"]}]},{"@type":"BreadcrumbList","@id":"https:\/\/ericbeeharry.re\/index.php\/programme\/economie\/pouvoir-dachat\/#breadcrumb","itemListElement":[{"@type":"ListItem","position":1,"name":"Accueil","item":"https:\/\/ericbeeharry.re\/"},{"@type":"ListItem","position":2,"name":"PROGRAMME","item":"https:\/\/ericbeeharry.re\/index.php\/programme\/"},{"@type":"ListItem","position":3,"name":"\u00c9CONOMIE","item":"https:\/\/ericbeeharry.re\/index.php\/programme\/economie\/"},{"@type":"ListItem","position":4,"name":"POUVOIR D\u2019ACHAT"}]}]}},"_links":{"self":[{"href":"https:\/\/ericbeeharry.re\/index.php\/wp-json\/wp\/v2\/pages\/587"}],"collection":[{"href":"https:\/\/ericbeeharry.re\/index.php\/wp-json\/wp\/v2\/pages"}],"about":[{"href":"https:\/\/ericbeeharry.re\/index.php\/wp-json\/wp\/v2\/types\/page"}],"author":[{"embeddable":true,"href":"https:\/\/ericbeeharry.re\/index.php\/wp-json\/wp\/v2\/users\/1"}],"replies":[{"embeddable":true,"href":"https:\/\/ericbeeharry.re\/index.php\/wp-json\/wp\/v2\/comments?post=587"}],"version-history":[{"count":14,"href":"https:\/\/ericbeeharry.re\/index.php\/wp-json\/wp\/v2\/pages\/587\/revisions"}],"predecessor-version":[{"id":866,"href":"https:\/\/ericbeeharry.re\/index.php\/wp-json\/wp\/v2\/pages\/587\/revisions\/866"}],"up":[{"embeddable":true,"href":"https:\/\/ericbeeharry.re\/index.php\/wp-json\/wp\/v2\/pages\/450"}],"wp:featuredmedia":[{"embeddable":true,"href":"https:\/\/ericbeeharry.re\/index.php\/wp-json\/wp\/v2\/media\/418"}],"wp:attachment":[{"href":"https:\/\/ericbeeharry.re\/index.php\/wp-json\/wp\/v2\/media?parent=587"}],"curies":[{"name":"wp","href":"https:\/\/api.w.org\/{rel}","templated":true}]}}