{"id":592,"date":"2022-05-30T16:54:42","date_gmt":"2022-05-30T12:54:42","guid":{"rendered":"https:\/\/ericbeeharry.re\/?page_id=592"},"modified":"2022-06-03T15:52:18","modified_gmt":"2022-06-03T11:52:18","slug":"entreprises","status":"publish","type":"page","link":"https:\/\/ericbeeharry.re\/index.php\/contacts\/entreprises\/","title":{"rendered":"ENTREPRISES"},"content":{"rendered":"<p><img loading=\"lazy\" class=\"size-full wp-image-676 aligncenter\" src=\"https:\/\/ericbeeharry.re\/wp-content\/uploads\/2022\/05\/Become-a-sponsor-1.jpg\" alt=\"\" width=\"504\" height=\"342\" srcset=\"https:\/\/ericbeeharry.re\/wp-content\/uploads\/2022\/05\/Become-a-sponsor-1.jpg 504w, https:\/\/ericbeeharry.re\/wp-content\/uploads\/2022\/05\/Become-a-sponsor-1-300x204.jpg 300w\" sizes=\"(max-width: 504px) 100vw, 504px\" \/><\/p>\n<p><strong>Les chefs d&rsquo;entreprise en g\u00e9n\u00e9ral ont int\u00e9r\u00eat \u00e0 voir les id\u00e9es d&rsquo;\u00c9ric Beeharry appliqu\u00e9es. Car elles visent \u00e0 <a href=\"https:\/\/ericbeeharry.re\/index.php\/programme\/economie\" target=\"_blank\" rel=\"noopener\">cr\u00e9er un environnement plus favorable au d\u00e9veloppement \u00e9conomique.<\/a><\/strong><\/p>\n<p><strong>Mais aussi via une plus grande performance des services publics (la s\u00e9curit\u00e9 notamment), des collectivit\u00e9s et des infrastructures. Sans oublier le capital humain des R\u00e9unionnais (\u00e9ducation populaire, formation professionnelle, \u00e9tudes sup\u00e9rieures, etc.), enjeu incontournable pour l\u2019avenir de notre territoire et de nos entreprises.<\/strong><\/p>\n<p><strong><img loading=\"lazy\" class=\"aligncenter size-full wp-image-672\" src=\"https:\/\/ericbeeharry.re\/wp-content\/uploads\/2022\/05\/Megalopole-de-nuit-1.jpg\" alt=\"\" width=\"509\" height=\"340\" srcset=\"https:\/\/ericbeeharry.re\/wp-content\/uploads\/2022\/05\/Megalopole-de-nuit-1.jpg 509w, https:\/\/ericbeeharry.re\/wp-content\/uploads\/2022\/05\/Megalopole-de-nuit-1-300x200.jpg 300w\" sizes=\"(max-width: 509px) 100vw, 509px\" \/><\/strong><\/p>\n<p><strong><span style=\"color: #0000ff;\"><u>Sont entre autres concern\u00e9s<\/u> :<\/span><\/strong><\/p>\n<p><strong>\u2013 Les assurances, car <a href=\"https:\/\/ericbeeharry.re\/index.php\/programme\/economie\/allocation-universelle\" target=\"_blank\" rel=\"noopener noreferrer\">l\u2019allocation universelle<\/a> transf\u00e9rera aux assurances priv\u00e9es la protection sociale aujourd\u2019hui g\u00e9r\u00e9e par la S\u00e9curit\u00e9 Sociale, le RSI, la CAF, le Conseil D\u00e9partemental, les CCAS des mairies, etc.<\/strong><\/p>\n<p><strong>\u2013 La formation, qui conna\u00eetra un essor exponentiel, gr\u00e2ce \u00e0 l\u2019allocation universelle instaurant de fait le principe de flexis\u00e9curit\u00e9 qui donne le droit \u00e0 une formation financ\u00e9e et r\u00e9mun\u00e9r\u00e9e \u00e0 chaque demandeur d\u2019emploi.<\/strong><\/p>\n<p><strong>\u2013 Le tourisme, car nous envisageons <a href=\"http:\/\/www.economiematin.fr\/news-reunion-tourisme-chomage-taxes-pacte-creditrun-saintgilles-beeharry\" target=\"_blank\" rel=\"noopener noreferrer\">un pacte de mesures susceptible de sortir l\u2019\u00eele de son tourisme affinitaire et enfin l\u2019ouvrir au monde<\/a>. G\u00e9n\u00e9rant ainsi un boom du nombre de touristes \u00e0 la R\u00e9union et donc des revenus des entreprises li\u00e9es : agences de voyage, h\u00f4tels, restaurants, loisirs, \u00e9v\u00e9nementiel, transports, commerces, etc.<\/strong><\/p>\n<p><strong><img loading=\"lazy\" class=\"aligncenter size-full wp-image-673\" src=\"https:\/\/ericbeeharry.re\/wp-content\/uploads\/2022\/05\/Saint-Gilles-Port-2.jpg\" alt=\"\" width=\"960\" height=\"540\" srcset=\"https:\/\/ericbeeharry.re\/wp-content\/uploads\/2022\/05\/Saint-Gilles-Port-2.jpg 960w, https:\/\/ericbeeharry.re\/wp-content\/uploads\/2022\/05\/Saint-Gilles-Port-2-300x169.jpg 300w, https:\/\/ericbeeharry.re\/wp-content\/uploads\/2022\/05\/Saint-Gilles-Port-2-768x432.jpg 768w\" sizes=\"(max-width: 960px) 100vw, 960px\" \/><\/strong><\/p>\n<p><strong>\u2013 Les conseils et les services aux entreprises, car <a href=\"https:\/\/ericbeeharry.re\/index.php\/programme\/economie\/fonds-pour-la-creation-dentreprises\" target=\"_blank\" rel=\"noopener noreferrer\">notre programme dopera la cr\u00e9ation d\u2019entreprises<\/a> avec un capital assurant leur d\u00e9collage et g\u00e9n\u00e9rant ainsi de la demande B2B : publicit\u00e9, commercial, secr\u00e9tariat, comptabilit\u00e9, gestion, agences immobili\u00e8res, mobilier et \u00e9quipements, etc.<\/strong><\/p>\n<p><strong>\u2013 Le BTP et les agences immobili\u00e8res, par notre proposition de d\u00e9fiscalisation puissante et durable dans l\u2019immobilier qui dopera la construction, les ventes et les locations.<\/strong><\/p>\n<p><strong>\u2013 La restauration, l\u2019agroalimentaire et les artisans en g\u00e9n\u00e9ral, puisque nous voulons <a href=\"https:\/\/ericbeeharry.re\/index.php\/programme\/economie\/pouvoir-dachat\" target=\"_blank\" rel=\"noopener noreferrer\">stimuler la concurrence dans la distribution afin d\u2019abaisser les prix et diversifier l\u2019offre au public<\/a> via le commerce direct, la mutualisation des moyens des TPE et le num\u00e9rique.<\/strong><\/p>\n<p><strong>\u2013 Le num\u00e9rique et les NTIC, parce que nous voulons <a href=\"https:\/\/ericbeeharry.re\/index.php\/programme\/institutions\/modernisation\" target=\"_blank\" rel=\"noopener noreferrer\">digitaliser les administrations<\/a> et inciter les entreprises \u00e0 faire de m\u00eame, afin de fluidifier les relations entre le public et celles-ci.<\/strong><\/p>\n<p><strong><a href=\"https:\/\/ericbeeharry.re\/wp-content\/uploads\/2022\/05\/Numerique-2.jpe\"><img loading=\"lazy\" class=\"aligncenter size-full wp-image-674\" src=\"https:\/\/ericbeeharry.re\/wp-content\/uploads\/2022\/05\/Numerique-2.jpe\" alt=\"\" width=\"216\" height=\"152\" \/><\/a>Pour rappel : tout don est d\u00e9ductible de votre imp\u00f4t sur les revenus \u00e0 hauteur de 66%. Si int\u00e9ress\u00e9(e) \u00e0 mettre en place ce programme, vous pouvez nous \u00e9crire \u00e0 l\u2019adresse suivante :<\/strong><strong><span style=\"color: #0000ff;\"> ebeeharry@yahoo.fr<\/span><\/strong><\/p>\n","protected":false},"excerpt":{"rendered":"<p>Les chefs d&rsquo;entreprise en g\u00e9n\u00e9ral ont int\u00e9r\u00eat \u00e0 voir les id\u00e9es d&rsquo;\u00c9ric Beeharry appliqu\u00e9es. Car elles visent \u00e0 cr\u00e9er un environnement plus favorable au d\u00e9veloppement \u00e9conomique. Mais aussi via une plus grande performance des services publics (la s\u00e9curit\u00e9 notamment), des collectivit\u00e9s et des infrastructures. Sans oublier le capital humain des R\u00e9unionnais (\u00e9ducation populaire, formation professionnelle, [&hellip;]<\/p>\n","protected":false},"author":1,"featured_media":418,"parent":304,"menu_order":0,"comment_status":"closed","ping_status":"closed","template":"templates\/template-cover.php","meta":[],"yoast_head":"<!-- This site is optimized with the Yoast SEO plugin v17.8 - https:\/\/yoast.com\/wordpress\/plugins\/seo\/ -->\n<title>ENTREPRISES - Nouvelle R\u00e9union - \u00c9ric Beeharry<\/title>\n<meta name=\"robots\" content=\"index, follow, max-snippet:-1, max-image-preview:large, max-video-preview:-1\" \/>\n<link rel=\"canonical\" href=\"https:\/\/ericbeeharry.re\/index.php\/contacts\/entreprises\/\" \/>\n<meta property=\"og:locale\" content=\"fr_FR\" \/>\n<meta property=\"og:type\" content=\"article\" \/>\n<meta property=\"og:title\" content=\"ENTREPRISES - Nouvelle R\u00e9union - \u00c9ric Beeharry\" \/>\n<meta property=\"og:description\" content=\"Les chefs d&rsquo;entreprise en g\u00e9n\u00e9ral ont int\u00e9r\u00eat \u00e0 voir les id\u00e9es d&rsquo;\u00c9ric Beeharry appliqu\u00e9es. Car elles visent \u00e0 cr\u00e9er un environnement plus favorable au d\u00e9veloppement \u00e9conomique. Mais aussi via une plus grande performance des services publics (la s\u00e9curit\u00e9 notamment), des collectivit\u00e9s et des infrastructures. Sans oublier le capital humain des R\u00e9unionnais (\u00e9ducation populaire, formation professionnelle, [&hellip;]\" \/>\n<meta property=\"og:url\" content=\"https:\/\/ericbeeharry.re\/index.php\/contacts\/entreprises\/\" \/>\n<meta property=\"og:site_name\" content=\"Nouvelle R\u00e9union - \u00c9ric Beeharry\" \/>\n<meta property=\"article:modified_time\" content=\"2022-06-03T11:52:18+00:00\" \/>\n<meta property=\"og:image\" content=\"https:\/\/ericbeeharry.re\/wp-content\/uploads\/2022\/05\/Galaxie-Photo-Bordure-General-Twitch-Banniere.png\" \/>\n\t<meta property=\"og:image:width\" content=\"900\" \/>\n\t<meta property=\"og:image:height\" content=\"480\" \/>\n<meta name=\"twitter:card\" content=\"summary_large_image\" \/>\n<meta name=\"twitter:label1\" content=\"Dur\u00e9e de lecture estim\u00e9e\" \/>\n\t<meta name=\"twitter:data1\" content=\"3 minutes\" \/>\n<script type=\"application\/ld+json\" class=\"yoast-schema-graph\">{\"@context\":\"https:\/\/schema.org\",\"@graph\":[{\"@type\":\"WebSite\",\"@id\":\"https:\/\/ericbeeharry.re\/#website\",\"url\":\"https:\/\/ericbeeharry.re\/\",\"name\":\"Nouvelle R\\u00e9union - \\u00c9ric Beeharry\",\"description\":\"\",\"potentialAction\":[{\"@type\":\"SearchAction\",\"target\":{\"@type\":\"EntryPoint\",\"urlTemplate\":\"https:\/\/ericbeeharry.re\/?s={search_term_string}\"},\"query-input\":\"required name=search_term_string\"}],\"inLanguage\":\"fr-FR\"},{\"@type\":\"ImageObject\",\"@id\":\"https:\/\/ericbeeharry.re\/index.php\/contacts\/entreprises\/#primaryimage\",\"inLanguage\":\"fr-FR\",\"url\":\"https:\/\/ericbeeharry.re\/wp-content\/uploads\/2022\/05\/Galaxie-Photo-Bordure-General-Twitch-Banniere.png\",\"contentUrl\":\"https:\/\/ericbeeharry.re\/wp-content\/uploads\/2022\/05\/Galaxie-Photo-Bordure-General-Twitch-Banniere.png\",\"width\":900,\"height\":480},{\"@type\":\"WebPage\",\"@id\":\"https:\/\/ericbeeharry.re\/index.php\/contacts\/entreprises\/#webpage\",\"url\":\"https:\/\/ericbeeharry.re\/index.php\/contacts\/entreprises\/\",\"name\":\"ENTREPRISES - Nouvelle R\\u00e9union - \\u00c9ric Beeharry\",\"isPartOf\":{\"@id\":\"https:\/\/ericbeeharry.re\/#website\"},\"primaryImageOfPage\":{\"@id\":\"https:\/\/ericbeeharry.re\/index.php\/contacts\/entreprises\/#primaryimage\"},\"datePublished\":\"2022-05-30T12:54:42+00:00\",\"dateModified\":\"2022-06-03T11:52:18+00:00\",\"breadcrumb\":{\"@id\":\"https:\/\/ericbeeharry.re\/index.php\/contacts\/entreprises\/#breadcrumb\"},\"inLanguage\":\"fr-FR\",\"potentialAction\":[{\"@type\":\"ReadAction\",\"target\":[\"https:\/\/ericbeeharry.re\/index.php\/contacts\/entreprises\/\"]}]},{\"@type\":\"BreadcrumbList\",\"@id\":\"https:\/\/ericbeeharry.re\/index.php\/contacts\/entreprises\/#breadcrumb\",\"itemListElement\":[{\"@type\":\"ListItem\",\"position\":1,\"name\":\"Accueil\",\"item\":\"https:\/\/ericbeeharry.re\/\"},{\"@type\":\"ListItem\",\"position\":2,\"name\":\"CONTACTS\",\"item\":\"https:\/\/ericbeeharry.re\/index.php\/contacts\/\"},{\"@type\":\"ListItem\",\"position\":3,\"name\":\"ENTREPRISES\"}]}]}<\/script>\n<!-- \/ Yoast SEO plugin. -->","yoast_head_json":{"title":"ENTREPRISES - Nouvelle R\u00e9union - \u00c9ric Beeharry","robots":{"index":"index","follow":"follow","max-snippet":"max-snippet:-1","max-image-preview":"max-image-preview:large","max-video-preview":"max-video-preview:-1"},"canonical":"https:\/\/ericbeeharry.re\/index.php\/contacts\/entreprises\/","og_locale":"fr_FR","og_type":"article","og_title":"ENTREPRISES - Nouvelle R\u00e9union - \u00c9ric Beeharry","og_description":"Les chefs d&rsquo;entreprise en g\u00e9n\u00e9ral ont int\u00e9r\u00eat \u00e0 voir les id\u00e9es d&rsquo;\u00c9ric Beeharry appliqu\u00e9es. Car elles visent \u00e0 cr\u00e9er un environnement plus favorable au d\u00e9veloppement \u00e9conomique. Mais aussi via une plus grande performance des services publics (la s\u00e9curit\u00e9 notamment), des collectivit\u00e9s et des infrastructures. Sans oublier le capital humain des R\u00e9unionnais (\u00e9ducation populaire, formation professionnelle, [&hellip;]","og_url":"https:\/\/ericbeeharry.re\/index.php\/contacts\/entreprises\/","og_site_name":"Nouvelle R\u00e9union - \u00c9ric Beeharry","article_modified_time":"2022-06-03T11:52:18+00:00","og_image":[{"width":900,"height":480,"url":"https:\/\/ericbeeharry.re\/wp-content\/uploads\/2022\/05\/Galaxie-Photo-Bordure-General-Twitch-Banniere.png","type":"image\/png"}],"twitter_card":"summary_large_image","twitter_misc":{"Dur\u00e9e de lecture estim\u00e9e":"3 minutes"},"schema":{"@context":"https:\/\/schema.org","@graph":[{"@type":"WebSite","@id":"https:\/\/ericbeeharry.re\/#website","url":"https:\/\/ericbeeharry.re\/","name":"Nouvelle R\u00e9union - \u00c9ric Beeharry","description":"","potentialAction":[{"@type":"SearchAction","target":{"@type":"EntryPoint","urlTemplate":"https:\/\/ericbeeharry.re\/?s={search_term_string}"},"query-input":"required name=search_term_string"}],"inLanguage":"fr-FR"},{"@type":"ImageObject","@id":"https:\/\/ericbeeharry.re\/index.php\/contacts\/entreprises\/#primaryimage","inLanguage":"fr-FR","url":"https:\/\/ericbeeharry.re\/wp-content\/uploads\/2022\/05\/Galaxie-Photo-Bordure-General-Twitch-Banniere.png","contentUrl":"https:\/\/ericbeeharry.re\/wp-content\/uploads\/2022\/05\/Galaxie-Photo-Bordure-General-Twitch-Banniere.png","width":900,"height":480},{"@type":"WebPage","@id":"https:\/\/ericbeeharry.re\/index.php\/contacts\/entreprises\/#webpage","url":"https:\/\/ericbeeharry.re\/index.php\/contacts\/entreprises\/","name":"ENTREPRISES - Nouvelle R\u00e9union - \u00c9ric Beeharry","isPartOf":{"@id":"https:\/\/ericbeeharry.re\/#website"},"primaryImageOfPage":{"@id":"https:\/\/ericbeeharry.re\/index.php\/contacts\/entreprises\/#primaryimage"},"datePublished":"2022-05-30T12:54:42+00:00","dateModified":"2022-06-03T11:52:18+00:00","breadcrumb":{"@id":"https:\/\/ericbeeharry.re\/index.php\/contacts\/entreprises\/#breadcrumb"},"inLanguage":"fr-FR","potentialAction":[{"@type":"ReadAction","target":["https:\/\/ericbeeharry.re\/index.php\/contacts\/entreprises\/"]}]},{"@type":"BreadcrumbList","@id":"https:\/\/ericbeeharry.re\/index.php\/contacts\/entreprises\/#breadcrumb","itemListElement":[{"@type":"ListItem","position":1,"name":"Accueil","item":"https:\/\/ericbeeharry.re\/"},{"@type":"ListItem","position":2,"name":"CONTACTS","item":"https:\/\/ericbeeharry.re\/index.php\/contacts\/"},{"@type":"ListItem","position":3,"name":"ENTREPRISES"}]}]}},"_links":{"self":[{"href":"https:\/\/ericbeeharry.re\/index.php\/wp-json\/wp\/v2\/pages\/592"}],"collection":[{"href":"https:\/\/ericbeeharry.re\/index.php\/wp-json\/wp\/v2\/pages"}],"about":[{"href":"https:\/\/ericbeeharry.re\/index.php\/wp-json\/wp\/v2\/types\/page"}],"author":[{"embeddable":true,"href":"https:\/\/ericbeeharry.re\/index.php\/wp-json\/wp\/v2\/users\/1"}],"replies":[{"embeddable":true,"href":"https:\/\/ericbeeharry.re\/index.php\/wp-json\/wp\/v2\/comments?post=592"}],"version-history":[{"count":22,"href":"https:\/\/ericbeeharry.re\/index.php\/wp-json\/wp\/v2\/pages\/592\/revisions"}],"predecessor-version":[{"id":832,"href":"https:\/\/ericbeeharry.re\/index.php\/wp-json\/wp\/v2\/pages\/592\/revisions\/832"}],"up":[{"embeddable":true,"href":"https:\/\/ericbeeharry.re\/index.php\/wp-json\/wp\/v2\/pages\/304"}],"wp:featuredmedia":[{"embeddable":true,"href":"https:\/\/ericbeeharry.re\/index.php\/wp-json\/wp\/v2\/media\/418"}],"wp:attachment":[{"href":"https:\/\/ericbeeharry.re\/index.php\/wp-json\/wp\/v2\/media?parent=592"}],"curies":[{"name":"wp","href":"https:\/\/api.w.org\/{rel}","templated":true}]}}