{"id":595,"date":"2022-05-30T16:57:32","date_gmt":"2022-05-30T12:57:32","guid":{"rendered":"https:\/\/ericbeeharry.re\/?page_id=595"},"modified":"2022-05-30T21:15:40","modified_gmt":"2022-05-30T17:15:40","slug":"public","status":"publish","type":"page","link":"https:\/\/ericbeeharry.re\/index.php\/contacts\/public\/","title":{"rendered":"PUBLIC"},"content":{"rendered":"<p><strong><img loading=\"lazy\" class=\"aligncenter size-full wp-image-701\" src=\"https:\/\/ericbeeharry.re\/wp-content\/uploads\/2022\/05\/Etudiants-1.jpg\" alt=\"\" width=\"275\" height=\"183\" \/><\/strong><\/p>\n<p><b>\u2013 Novice en politique \u00e9c\u0153ur\u00e9(e) par les partis classiques ? Ex-militant(e) d\u00e9\u00e7u(e) ? Parlons-en ensemble, nous avons un regard neutre et innovant sur la politique r\u00e9unionnaise. \ud83d\ude09<\/b><\/p>\n<p><strong>\u2013 \u00c9tudiant(e) concern\u00e9(e) par l\u2019avenir de son \u00eele ? En qu\u00eate de stage dans le cadre de ses \u00e9tudes ? Enrichissez notre mouvement de votre dynamisme et vos savoirs. \ud83c\udf93<\/strong><\/p>\n<p><strong>\u2013 Associatif(ve), vous vous demandez comment faire avancer votre cause ? En manque de strat\u00e9gie ? Venez en parler avec nous, on a peut-\u00eatre les solutions ! \ud83d\udca1<\/strong><\/p>\n<p><strong><img loading=\"lazy\" class=\"aligncenter size-full wp-image-703\" src=\"https:\/\/ericbeeharry.re\/wp-content\/uploads\/2022\/05\/Team-1.jpg\" alt=\"\" width=\"259\" height=\"194\" \/><\/strong><\/p>\n<p><strong>\u2013 Syndicaliste, vous vous \u00e9puisez dans le malaise social ambiant ? Rejoignez-nous pour en discuter, nous disposons d\u2019un <a href=\"https:\/\/ericbeeharry.re\/index.php\/programme\/economie\/allocation-universelle\" target=\"_blank\" rel=\"noopener noreferrer\">projet r\u00e9volutionnaire.<\/a> \u262e<\/strong><\/p>\n<p><strong>\u2013 Artiste brid\u00e9(e) dans sa cr\u00e9ation, dans sa diffusion ? Naturellement int\u00e9ress\u00e9(e) par la chose publique ? Croisons nos moyens, nos convictions et nos talents. \ud83c\udfbc<\/strong><\/p>\n<p><strong>\u2013 Journaliste ind\u00e9pendant(e), lanceur(se) d\u2019alerte, vous avez l\u2019impression d\u2019\u00eatre seul(e) \u00e0 voir la R\u00e9union dans sa cruelle r\u00e9alit\u00e9 ? Non, vous n\u2019\u00eates pas seul(e) ! Echangeons nos v\u00e9rit\u00e9s. \ud83d\uddfd<\/strong><\/p>\n<p style=\"text-align: center;\"><span style=\"color: #0000ff;\"><span style=\"color: #0000ff;\"><b>Quelle que soit votre situation, \u00e9crivez-nous \u00e0 : ebeeharry@yahoo.fr<\/b><\/span><\/span><\/p>\n","protected":false},"excerpt":{"rendered":"<p>\u2013 Novice en politique \u00e9c\u0153ur\u00e9(e) par les partis classiques ? Ex-militant(e) d\u00e9\u00e7u(e) ? Parlons-en ensemble, nous avons un regard neutre et innovant sur la politique r\u00e9unionnaise. \ud83d\ude09 \u2013 \u00c9tudiant(e) concern\u00e9(e) par l\u2019avenir de son \u00eele ? En qu\u00eate de stage dans le cadre de ses \u00e9tudes ? Enrichissez notre mouvement de votre dynamisme et vos [&hellip;]<\/p>\n","protected":false},"author":1,"featured_media":418,"parent":304,"menu_order":0,"comment_status":"closed","ping_status":"closed","template":"templates\/template-cover.php","meta":[],"yoast_head":"<!-- This site is optimized with the Yoast SEO plugin v17.8 - https:\/\/yoast.com\/wordpress\/plugins\/seo\/ -->\n<title>PUBLIC - Nouvelle R\u00e9union - \u00c9ric Beeharry<\/title>\n<meta name=\"robots\" content=\"index, follow, max-snippet:-1, max-image-preview:large, max-video-preview:-1\" \/>\n<link rel=\"canonical\" href=\"https:\/\/ericbeeharry.re\/index.php\/contacts\/public\/\" \/>\n<meta property=\"og:locale\" content=\"fr_FR\" \/>\n<meta property=\"og:type\" content=\"article\" \/>\n<meta property=\"og:title\" content=\"PUBLIC - Nouvelle R\u00e9union - \u00c9ric Beeharry\" \/>\n<meta property=\"og:description\" content=\"\u2013 Novice en politique \u00e9c\u0153ur\u00e9(e) par les partis classiques ? Ex-militant(e) d\u00e9\u00e7u(e) ? Parlons-en ensemble, nous avons un regard neutre et innovant sur la politique r\u00e9unionnaise. \ud83d\ude09 \u2013 \u00c9tudiant(e) concern\u00e9(e) par l\u2019avenir de son \u00eele ? En qu\u00eate de stage dans le cadre de ses \u00e9tudes ? Enrichissez notre mouvement de votre dynamisme et vos [&hellip;]\" \/>\n<meta property=\"og:url\" content=\"https:\/\/ericbeeharry.re\/index.php\/contacts\/public\/\" \/>\n<meta property=\"og:site_name\" content=\"Nouvelle R\u00e9union - \u00c9ric Beeharry\" \/>\n<meta property=\"article:modified_time\" content=\"2022-05-30T17:15:40+00:00\" \/>\n<meta property=\"og:image\" content=\"https:\/\/ericbeeharry.re\/wp-content\/uploads\/2022\/05\/Galaxie-Photo-Bordure-General-Twitch-Banniere.png\" \/>\n\t<meta property=\"og:image:width\" content=\"900\" \/>\n\t<meta property=\"og:image:height\" content=\"480\" \/>\n<meta name=\"twitter:card\" content=\"summary_large_image\" \/>\n<meta name=\"twitter:label1\" content=\"Dur\u00e9e de lecture estim\u00e9e\" \/>\n\t<meta name=\"twitter:data1\" content=\"2 minutes\" \/>\n<script type=\"application\/ld+json\" class=\"yoast-schema-graph\">{\"@context\":\"https:\/\/schema.org\",\"@graph\":[{\"@type\":\"WebSite\",\"@id\":\"https:\/\/ericbeeharry.re\/#website\",\"url\":\"https:\/\/ericbeeharry.re\/\",\"name\":\"Nouvelle R\\u00e9union - \\u00c9ric Beeharry\",\"description\":\"\",\"potentialAction\":[{\"@type\":\"SearchAction\",\"target\":{\"@type\":\"EntryPoint\",\"urlTemplate\":\"https:\/\/ericbeeharry.re\/?s={search_term_string}\"},\"query-input\":\"required name=search_term_string\"}],\"inLanguage\":\"fr-FR\"},{\"@type\":\"ImageObject\",\"@id\":\"https:\/\/ericbeeharry.re\/index.php\/contacts\/public\/#primaryimage\",\"inLanguage\":\"fr-FR\",\"url\":\"https:\/\/ericbeeharry.re\/wp-content\/uploads\/2022\/05\/Galaxie-Photo-Bordure-General-Twitch-Banniere.png\",\"contentUrl\":\"https:\/\/ericbeeharry.re\/wp-content\/uploads\/2022\/05\/Galaxie-Photo-Bordure-General-Twitch-Banniere.png\",\"width\":900,\"height\":480},{\"@type\":\"WebPage\",\"@id\":\"https:\/\/ericbeeharry.re\/index.php\/contacts\/public\/#webpage\",\"url\":\"https:\/\/ericbeeharry.re\/index.php\/contacts\/public\/\",\"name\":\"PUBLIC - Nouvelle R\\u00e9union - \\u00c9ric Beeharry\",\"isPartOf\":{\"@id\":\"https:\/\/ericbeeharry.re\/#website\"},\"primaryImageOfPage\":{\"@id\":\"https:\/\/ericbeeharry.re\/index.php\/contacts\/public\/#primaryimage\"},\"datePublished\":\"2022-05-30T12:57:32+00:00\",\"dateModified\":\"2022-05-30T17:15:40+00:00\",\"breadcrumb\":{\"@id\":\"https:\/\/ericbeeharry.re\/index.php\/contacts\/public\/#breadcrumb\"},\"inLanguage\":\"fr-FR\",\"potentialAction\":[{\"@type\":\"ReadAction\",\"target\":[\"https:\/\/ericbeeharry.re\/index.php\/contacts\/public\/\"]}]},{\"@type\":\"BreadcrumbList\",\"@id\":\"https:\/\/ericbeeharry.re\/index.php\/contacts\/public\/#breadcrumb\",\"itemListElement\":[{\"@type\":\"ListItem\",\"position\":1,\"name\":\"Accueil\",\"item\":\"https:\/\/ericbeeharry.re\/\"},{\"@type\":\"ListItem\",\"position\":2,\"name\":\"CONTACTS\",\"item\":\"https:\/\/ericbeeharry.re\/index.php\/contacts\/\"},{\"@type\":\"ListItem\",\"position\":3,\"name\":\"PUBLIC\"}]}]}<\/script>\n<!-- \/ Yoast SEO plugin. -->","yoast_head_json":{"title":"PUBLIC - Nouvelle R\u00e9union - \u00c9ric Beeharry","robots":{"index":"index","follow":"follow","max-snippet":"max-snippet:-1","max-image-preview":"max-image-preview:large","max-video-preview":"max-video-preview:-1"},"canonical":"https:\/\/ericbeeharry.re\/index.php\/contacts\/public\/","og_locale":"fr_FR","og_type":"article","og_title":"PUBLIC - Nouvelle R\u00e9union - \u00c9ric Beeharry","og_description":"\u2013 Novice en politique \u00e9c\u0153ur\u00e9(e) par les partis classiques ? Ex-militant(e) d\u00e9\u00e7u(e) ? Parlons-en ensemble, nous avons un regard neutre et innovant sur la politique r\u00e9unionnaise. \ud83d\ude09 \u2013 \u00c9tudiant(e) concern\u00e9(e) par l\u2019avenir de son \u00eele ? En qu\u00eate de stage dans le cadre de ses \u00e9tudes ? Enrichissez notre mouvement de votre dynamisme et vos [&hellip;]","og_url":"https:\/\/ericbeeharry.re\/index.php\/contacts\/public\/","og_site_name":"Nouvelle R\u00e9union - \u00c9ric Beeharry","article_modified_time":"2022-05-30T17:15:40+00:00","og_image":[{"width":900,"height":480,"url":"https:\/\/ericbeeharry.re\/wp-content\/uploads\/2022\/05\/Galaxie-Photo-Bordure-General-Twitch-Banniere.png","type":"image\/png"}],"twitter_card":"summary_large_image","twitter_misc":{"Dur\u00e9e de lecture estim\u00e9e":"2 minutes"},"schema":{"@context":"https:\/\/schema.org","@graph":[{"@type":"WebSite","@id":"https:\/\/ericbeeharry.re\/#website","url":"https:\/\/ericbeeharry.re\/","name":"Nouvelle R\u00e9union - \u00c9ric Beeharry","description":"","potentialAction":[{"@type":"SearchAction","target":{"@type":"EntryPoint","urlTemplate":"https:\/\/ericbeeharry.re\/?s={search_term_string}"},"query-input":"required name=search_term_string"}],"inLanguage":"fr-FR"},{"@type":"ImageObject","@id":"https:\/\/ericbeeharry.re\/index.php\/contacts\/public\/#primaryimage","inLanguage":"fr-FR","url":"https:\/\/ericbeeharry.re\/wp-content\/uploads\/2022\/05\/Galaxie-Photo-Bordure-General-Twitch-Banniere.png","contentUrl":"https:\/\/ericbeeharry.re\/wp-content\/uploads\/2022\/05\/Galaxie-Photo-Bordure-General-Twitch-Banniere.png","width":900,"height":480},{"@type":"WebPage","@id":"https:\/\/ericbeeharry.re\/index.php\/contacts\/public\/#webpage","url":"https:\/\/ericbeeharry.re\/index.php\/contacts\/public\/","name":"PUBLIC - Nouvelle R\u00e9union - \u00c9ric Beeharry","isPartOf":{"@id":"https:\/\/ericbeeharry.re\/#website"},"primaryImageOfPage":{"@id":"https:\/\/ericbeeharry.re\/index.php\/contacts\/public\/#primaryimage"},"datePublished":"2022-05-30T12:57:32+00:00","dateModified":"2022-05-30T17:15:40+00:00","breadcrumb":{"@id":"https:\/\/ericbeeharry.re\/index.php\/contacts\/public\/#breadcrumb"},"inLanguage":"fr-FR","potentialAction":[{"@type":"ReadAction","target":["https:\/\/ericbeeharry.re\/index.php\/contacts\/public\/"]}]},{"@type":"BreadcrumbList","@id":"https:\/\/ericbeeharry.re\/index.php\/contacts\/public\/#breadcrumb","itemListElement":[{"@type":"ListItem","position":1,"name":"Accueil","item":"https:\/\/ericbeeharry.re\/"},{"@type":"ListItem","position":2,"name":"CONTACTS","item":"https:\/\/ericbeeharry.re\/index.php\/contacts\/"},{"@type":"ListItem","position":3,"name":"PUBLIC"}]}]}},"_links":{"self":[{"href":"https:\/\/ericbeeharry.re\/index.php\/wp-json\/wp\/v2\/pages\/595"}],"collection":[{"href":"https:\/\/ericbeeharry.re\/index.php\/wp-json\/wp\/v2\/pages"}],"about":[{"href":"https:\/\/ericbeeharry.re\/index.php\/wp-json\/wp\/v2\/types\/page"}],"author":[{"embeddable":true,"href":"https:\/\/ericbeeharry.re\/index.php\/wp-json\/wp\/v2\/users\/1"}],"replies":[{"embeddable":true,"href":"https:\/\/ericbeeharry.re\/index.php\/wp-json\/wp\/v2\/comments?post=595"}],"version-history":[{"count":8,"href":"https:\/\/ericbeeharry.re\/index.php\/wp-json\/wp\/v2\/pages\/595\/revisions"}],"predecessor-version":[{"id":708,"href":"https:\/\/ericbeeharry.re\/index.php\/wp-json\/wp\/v2\/pages\/595\/revisions\/708"}],"up":[{"embeddable":true,"href":"https:\/\/ericbeeharry.re\/index.php\/wp-json\/wp\/v2\/pages\/304"}],"wp:featuredmedia":[{"embeddable":true,"href":"https:\/\/ericbeeharry.re\/index.php\/wp-json\/wp\/v2\/media\/418"}],"wp:attachment":[{"href":"https:\/\/ericbeeharry.re\/index.php\/wp-json\/wp\/v2\/media?parent=595"}],"curies":[{"name":"wp","href":"https:\/\/api.w.org\/{rel}","templated":true}]}}