{"id":724,"date":"2022-05-31T12:16:59","date_gmt":"2022-05-31T08:16:59","guid":{"rendered":"https:\/\/ericbeeharry.re\/?page_id=724"},"modified":"2023-04-22T08:41:01","modified_gmt":"2023-04-22T04:41:01","slug":"reforme-electorale","status":"publish","type":"page","link":"https:\/\/ericbeeharry.re\/index.php\/programme\/institutions\/reforme-electorale\/","title":{"rendered":"R\u00c9FORME \u00c9LECTORALE"},"content":{"rendered":"<p><strong>Il va sans dire qu\u2019un candidat ayant obtenu 20% des suffrages de 30% des inscrits, soit 6% des \u00e9lecteurs au final, n\u2019est pas l\u00e9gitime pour repr\u00e9senter la population. Surtout qu\u2019il est souvent issu d\u2019un parti politique d\u00e9j\u00e0 au pouvoir et disposant donc de larges moyens pour acheter des milliers de voix.<\/strong><\/p>\n<p><strong><span style=\"color: #0000ff;\"><u>SOLUTIONS<\/u><\/span><\/strong><\/p>\n<p><strong>&#8211; La proportionnelle \u00e0 1 tour pour tous les scrutins. Les listes r\u00e9alisant plus de 5% auront des \u00e9lus et devront former une majorit\u00e9 sur un contrat de politique commune. En cas d\u2019impossibilit\u00e9 de d\u00e9gager une majorit\u00e9, de nouvelles \u00e9lections seront organis\u00e9es.<\/strong><\/p>\n<p><strong>&#8211; Le parrainage citoyen de chaque liste pour \u00e9viter un trop grand nombre de listes qui d\u00e9naturerait les d\u00e9bats, nombre de signatures variable selon l\u2019\u00e9lection (nombre d&rsquo;\u00e9lecteurs).<\/strong><\/p>\n<p><strong>&#8211; L\u2019obligation pour chaque liste de donner : 1 000 \u20ac \u00e0 5 000 \u20ac selon les scrutins.<\/strong><\/p>\n<p><strong>&#8211; L\u2019emploi de ces sommes par la commission de propagande pour financer de fa\u00e7on \u00e9gale les bulletins de vote, les clips de campagne et leur diffusion dans les m\u00e9dias.<\/strong><\/p>\n<p><strong>&#8211; La diffusion \u00e9gale des clips de campagne \u00e0 la TV et sur Internet.<\/strong><\/p>\n<p><strong>&#8211; L\u2019organisation de d\u00e9bats \u00e9quitables entre toutes les listes \u00e0 la TV et sur Internet.<\/strong><\/p>\n<p><strong>&#8211; L\u2019organisation de d\u00e9bats entre chaque liste et les \u00e9lecteurs \u00e0 la TV et sur Internet.<\/strong><\/p>\n<p><strong>&#8211; La rediffusion de ces clips de campagne et de ces d\u00e9bats dans des cin\u00e9mas, pour les personnes ne disposant pas de TV ni de PC connect\u00e9 \u00e0 Internet.<\/strong><\/p>\n<p><strong>&#8211; L\u2019interdiction de tout moyen de propagande autre que ceux mentionn\u00e9s ci-dessus.<\/strong><\/p>\n<p><strong>&#8211; <a href=\"https:\/\/ericbeeharry.re\/index.php\/programme\/institutions\/charte-de-moralisation-de-la-vie-politique\/\" rel=\"noopener\" target=\"_blank\">La Charte de moralisation de la vie politique<\/a> pour \u00e9viter la corruption des \u00e9lecteurs.<\/strong><\/p>\n<p><strong><span style=\"color: #0000ff;\"><u>D\u00c9MOCRATIE R\u00c9ELLE<\/u><\/span><\/strong><\/p>\n<p><strong>Cette r\u00e9forme \u00e9lectorale permettra \u00e0 la population de devenir actrice de la Politique, de se reconna\u00eetre dans ses \u00e9lus et ainsi la motivera \u00e0 participer davantage aux scrutins.<\/strong><\/p>\n","protected":false},"excerpt":{"rendered":"<p>Il va sans dire qu\u2019un candidat ayant obtenu 20% des suffrages de 30% des inscrits, soit 6% des \u00e9lecteurs au final, n\u2019est pas l\u00e9gitime pour repr\u00e9senter la population. Surtout qu\u2019il est souvent issu d\u2019un parti politique d\u00e9j\u00e0 au pouvoir et disposant donc de larges moyens pour acheter des milliers de voix. SOLUTIONS &#8211; La proportionnelle [&hellip;]<\/p>\n","protected":false},"author":1,"featured_media":418,"parent":494,"menu_order":0,"comment_status":"closed","ping_status":"closed","template":"templates\/template-cover.php","meta":[],"yoast_head":"<!-- This site is optimized with the Yoast SEO plugin v17.8 - https:\/\/yoast.com\/wordpress\/plugins\/seo\/ -->\n<title>R\u00c9FORME \u00c9LECTORALE - Nouvelle R\u00e9union - \u00c9ric Beeharry<\/title>\n<meta name=\"robots\" content=\"index, follow, max-snippet:-1, max-image-preview:large, max-video-preview:-1\" \/>\n<link rel=\"canonical\" href=\"https:\/\/ericbeeharry.re\/index.php\/programme\/institutions\/reforme-electorale\/\" \/>\n<meta property=\"og:locale\" content=\"fr_FR\" \/>\n<meta property=\"og:type\" content=\"article\" \/>\n<meta property=\"og:title\" content=\"R\u00c9FORME \u00c9LECTORALE - Nouvelle R\u00e9union - \u00c9ric Beeharry\" \/>\n<meta property=\"og:description\" content=\"Il va sans dire qu\u2019un candidat ayant obtenu 20% des suffrages de 30% des inscrits, soit 6% des \u00e9lecteurs au final, n\u2019est pas l\u00e9gitime pour repr\u00e9senter la population. Surtout qu\u2019il est souvent issu d\u2019un parti politique d\u00e9j\u00e0 au pouvoir et disposant donc de larges moyens pour acheter des milliers de voix. SOLUTIONS &#8211; La proportionnelle [&hellip;]\" \/>\n<meta property=\"og:url\" content=\"https:\/\/ericbeeharry.re\/index.php\/programme\/institutions\/reforme-electorale\/\" \/>\n<meta property=\"og:site_name\" content=\"Nouvelle R\u00e9union - \u00c9ric Beeharry\" \/>\n<meta property=\"article:modified_time\" content=\"2023-04-22T04:41:01+00:00\" \/>\n<meta property=\"og:image\" content=\"https:\/\/ericbeeharry.re\/wp-content\/uploads\/2022\/05\/Galaxie-Photo-Bordure-General-Twitch-Banniere.png\" \/>\n\t<meta property=\"og:image:width\" content=\"900\" \/>\n\t<meta property=\"og:image:height\" content=\"480\" \/>\n<meta name=\"twitter:card\" content=\"summary_large_image\" \/>\n<meta name=\"twitter:label1\" content=\"Dur\u00e9e de lecture estim\u00e9e\" \/>\n\t<meta name=\"twitter:data1\" content=\"2 minutes\" \/>\n<script type=\"application\/ld+json\" class=\"yoast-schema-graph\">{\"@context\":\"https:\/\/schema.org\",\"@graph\":[{\"@type\":\"WebSite\",\"@id\":\"https:\/\/ericbeeharry.re\/#website\",\"url\":\"https:\/\/ericbeeharry.re\/\",\"name\":\"Nouvelle R\\u00e9union - \\u00c9ric Beeharry\",\"description\":\"\",\"potentialAction\":[{\"@type\":\"SearchAction\",\"target\":{\"@type\":\"EntryPoint\",\"urlTemplate\":\"https:\/\/ericbeeharry.re\/?s={search_term_string}\"},\"query-input\":\"required name=search_term_string\"}],\"inLanguage\":\"fr-FR\"},{\"@type\":\"ImageObject\",\"@id\":\"https:\/\/ericbeeharry.re\/index.php\/programme\/institutions\/reforme-electorale\/#primaryimage\",\"inLanguage\":\"fr-FR\",\"url\":\"https:\/\/ericbeeharry.re\/wp-content\/uploads\/2022\/05\/Galaxie-Photo-Bordure-General-Twitch-Banniere.png\",\"contentUrl\":\"https:\/\/ericbeeharry.re\/wp-content\/uploads\/2022\/05\/Galaxie-Photo-Bordure-General-Twitch-Banniere.png\",\"width\":900,\"height\":480},{\"@type\":\"WebPage\",\"@id\":\"https:\/\/ericbeeharry.re\/index.php\/programme\/institutions\/reforme-electorale\/#webpage\",\"url\":\"https:\/\/ericbeeharry.re\/index.php\/programme\/institutions\/reforme-electorale\/\",\"name\":\"R\\u00c9FORME \\u00c9LECTORALE - Nouvelle R\\u00e9union - \\u00c9ric Beeharry\",\"isPartOf\":{\"@id\":\"https:\/\/ericbeeharry.re\/#website\"},\"primaryImageOfPage\":{\"@id\":\"https:\/\/ericbeeharry.re\/index.php\/programme\/institutions\/reforme-electorale\/#primaryimage\"},\"datePublished\":\"2022-05-31T08:16:59+00:00\",\"dateModified\":\"2023-04-22T04:41:01+00:00\",\"breadcrumb\":{\"@id\":\"https:\/\/ericbeeharry.re\/index.php\/programme\/institutions\/reforme-electorale\/#breadcrumb\"},\"inLanguage\":\"fr-FR\",\"potentialAction\":[{\"@type\":\"ReadAction\",\"target\":[\"https:\/\/ericbeeharry.re\/index.php\/programme\/institutions\/reforme-electorale\/\"]}]},{\"@type\":\"BreadcrumbList\",\"@id\":\"https:\/\/ericbeeharry.re\/index.php\/programme\/institutions\/reforme-electorale\/#breadcrumb\",\"itemListElement\":[{\"@type\":\"ListItem\",\"position\":1,\"name\":\"Accueil\",\"item\":\"https:\/\/ericbeeharry.re\/\"},{\"@type\":\"ListItem\",\"position\":2,\"name\":\"PROGRAMME\",\"item\":\"https:\/\/ericbeeharry.re\/index.php\/programme\/\"},{\"@type\":\"ListItem\",\"position\":3,\"name\":\"INSTITUTIONS\",\"item\":\"https:\/\/ericbeeharry.re\/index.php\/programme\/institutions\/\"},{\"@type\":\"ListItem\",\"position\":4,\"name\":\"R\\u00c9FORME \\u00c9LECTORALE\"}]}]}<\/script>\n<!-- \/ Yoast SEO plugin. -->","yoast_head_json":{"title":"R\u00c9FORME \u00c9LECTORALE - Nouvelle R\u00e9union - \u00c9ric Beeharry","robots":{"index":"index","follow":"follow","max-snippet":"max-snippet:-1","max-image-preview":"max-image-preview:large","max-video-preview":"max-video-preview:-1"},"canonical":"https:\/\/ericbeeharry.re\/index.php\/programme\/institutions\/reforme-electorale\/","og_locale":"fr_FR","og_type":"article","og_title":"R\u00c9FORME \u00c9LECTORALE - Nouvelle R\u00e9union - \u00c9ric Beeharry","og_description":"Il va sans dire qu\u2019un candidat ayant obtenu 20% des suffrages de 30% des inscrits, soit 6% des \u00e9lecteurs au final, n\u2019est pas l\u00e9gitime pour repr\u00e9senter la population. Surtout qu\u2019il est souvent issu d\u2019un parti politique d\u00e9j\u00e0 au pouvoir et disposant donc de larges moyens pour acheter des milliers de voix. SOLUTIONS &#8211; La proportionnelle [&hellip;]","og_url":"https:\/\/ericbeeharry.re\/index.php\/programme\/institutions\/reforme-electorale\/","og_site_name":"Nouvelle R\u00e9union - \u00c9ric Beeharry","article_modified_time":"2023-04-22T04:41:01+00:00","og_image":[{"width":900,"height":480,"url":"https:\/\/ericbeeharry.re\/wp-content\/uploads\/2022\/05\/Galaxie-Photo-Bordure-General-Twitch-Banniere.png","type":"image\/png"}],"twitter_card":"summary_large_image","twitter_misc":{"Dur\u00e9e de lecture estim\u00e9e":"2 minutes"},"schema":{"@context":"https:\/\/schema.org","@graph":[{"@type":"WebSite","@id":"https:\/\/ericbeeharry.re\/#website","url":"https:\/\/ericbeeharry.re\/","name":"Nouvelle R\u00e9union - \u00c9ric Beeharry","description":"","potentialAction":[{"@type":"SearchAction","target":{"@type":"EntryPoint","urlTemplate":"https:\/\/ericbeeharry.re\/?s={search_term_string}"},"query-input":"required name=search_term_string"}],"inLanguage":"fr-FR"},{"@type":"ImageObject","@id":"https:\/\/ericbeeharry.re\/index.php\/programme\/institutions\/reforme-electorale\/#primaryimage","inLanguage":"fr-FR","url":"https:\/\/ericbeeharry.re\/wp-content\/uploads\/2022\/05\/Galaxie-Photo-Bordure-General-Twitch-Banniere.png","contentUrl":"https:\/\/ericbeeharry.re\/wp-content\/uploads\/2022\/05\/Galaxie-Photo-Bordure-General-Twitch-Banniere.png","width":900,"height":480},{"@type":"WebPage","@id":"https:\/\/ericbeeharry.re\/index.php\/programme\/institutions\/reforme-electorale\/#webpage","url":"https:\/\/ericbeeharry.re\/index.php\/programme\/institutions\/reforme-electorale\/","name":"R\u00c9FORME \u00c9LECTORALE - Nouvelle R\u00e9union - \u00c9ric Beeharry","isPartOf":{"@id":"https:\/\/ericbeeharry.re\/#website"},"primaryImageOfPage":{"@id":"https:\/\/ericbeeharry.re\/index.php\/programme\/institutions\/reforme-electorale\/#primaryimage"},"datePublished":"2022-05-31T08:16:59+00:00","dateModified":"2023-04-22T04:41:01+00:00","breadcrumb":{"@id":"https:\/\/ericbeeharry.re\/index.php\/programme\/institutions\/reforme-electorale\/#breadcrumb"},"inLanguage":"fr-FR","potentialAction":[{"@type":"ReadAction","target":["https:\/\/ericbeeharry.re\/index.php\/programme\/institutions\/reforme-electorale\/"]}]},{"@type":"BreadcrumbList","@id":"https:\/\/ericbeeharry.re\/index.php\/programme\/institutions\/reforme-electorale\/#breadcrumb","itemListElement":[{"@type":"ListItem","position":1,"name":"Accueil","item":"https:\/\/ericbeeharry.re\/"},{"@type":"ListItem","position":2,"name":"PROGRAMME","item":"https:\/\/ericbeeharry.re\/index.php\/programme\/"},{"@type":"ListItem","position":3,"name":"INSTITUTIONS","item":"https:\/\/ericbeeharry.re\/index.php\/programme\/institutions\/"},{"@type":"ListItem","position":4,"name":"R\u00c9FORME \u00c9LECTORALE"}]}]}},"_links":{"self":[{"href":"https:\/\/ericbeeharry.re\/index.php\/wp-json\/wp\/v2\/pages\/724"}],"collection":[{"href":"https:\/\/ericbeeharry.re\/index.php\/wp-json\/wp\/v2\/pages"}],"about":[{"href":"https:\/\/ericbeeharry.re\/index.php\/wp-json\/wp\/v2\/types\/page"}],"author":[{"embeddable":true,"href":"https:\/\/ericbeeharry.re\/index.php\/wp-json\/wp\/v2\/users\/1"}],"replies":[{"embeddable":true,"href":"https:\/\/ericbeeharry.re\/index.php\/wp-json\/wp\/v2\/comments?post=724"}],"version-history":[{"count":7,"href":"https:\/\/ericbeeharry.re\/index.php\/wp-json\/wp\/v2\/pages\/724\/revisions"}],"predecessor-version":[{"id":874,"href":"https:\/\/ericbeeharry.re\/index.php\/wp-json\/wp\/v2\/pages\/724\/revisions\/874"}],"up":[{"embeddable":true,"href":"https:\/\/ericbeeharry.re\/index.php\/wp-json\/wp\/v2\/pages\/494"}],"wp:featuredmedia":[{"embeddable":true,"href":"https:\/\/ericbeeharry.re\/index.php\/wp-json\/wp\/v2\/media\/418"}],"wp:attachment":[{"href":"https:\/\/ericbeeharry.re\/index.php\/wp-json\/wp\/v2\/media?parent=724"}],"curies":[{"name":"wp","href":"https:\/\/api.w.org\/{rel}","templated":true}]}}