{"id":733,"date":"2022-05-31T12:26:39","date_gmt":"2022-05-31T08:26:39","guid":{"rendered":"https:\/\/ericbeeharry.re\/?page_id=733"},"modified":"2022-05-31T12:47:00","modified_gmt":"2022-05-31T08:47:00","slug":"charte-de-moralisation-de-la-vie-politique","status":"publish","type":"page","link":"https:\/\/ericbeeharry.re\/index.php\/programme\/institutions\/charte-de-moralisation-de-la-vie-politique\/","title":{"rendered":"CHARTE DE MORALISATION DE LA VIE POLITIQUE"},"content":{"rendered":"<p><strong><img loading=\"lazy\" class=\"aligncenter size-full wp-image-738\" src=\"https:\/\/ericbeeharry.re\/wp-content\/uploads\/2022\/05\/Lordre-et-la-morale-1.jpg\" alt=\"\" width=\"305\" height=\"165\" srcset=\"https:\/\/ericbeeharry.re\/wp-content\/uploads\/2022\/05\/Lordre-et-la-morale-1.jpg 305w, https:\/\/ericbeeharry.re\/wp-content\/uploads\/2022\/05\/Lordre-et-la-morale-1-300x162.jpg 300w\" sizes=\"(max-width: 305px) 100vw, 305px\" \/>La R\u00e9union, d\u00e9partement fran\u00e7ais, ressemble \u00e0 une R\u00e9publique banani\u00e8re. Pour la sortir de la corruption, facteur de non-d\u00e9veloppement et de pauvret\u00e9, voici la Charte de la moralisation de la vie politique :<\/strong><\/p>\n<p><strong>&#8211; Des observateurs de l\u2019Union Europ\u00e9enne, pour v\u00e9rifier la r\u00e9gularit\u00e9 des scrutins et les annuler le cas \u00e9ch\u00e9ant.<\/strong><\/p>\n<p><strong>&#8211; Des policiers aux rassemblements de campagne, pour \u00e9viter les achats de voix.<\/strong><\/p>\n<p><strong>&#8211; Un audit des besoins de travailleurs dans les intercommunalit\u00e9s, les SEM et toute la fonction publique territoriale. Ce qui d\u00e9cidera la titularisation des contractuels durables, \u00e9vitera les pressions politiciennes sur leurs renouvellements et mettra \u00e0 jour les emplois fictifs \u00e0 ne pas remplacer lors des d\u00e9parts en retraite.<\/strong><\/p>\n<p><strong>&#8211; La limitation des non-titulaires \u00e0 5% des effectifs pour autoriser les p\u00e9riodes d\u2019essai et les contrats en alternance, sans pour autant permettre le client\u00e9lisme de masse.<\/strong><\/p>\n<p><strong>&#8211; Un calendrier espa\u00e7ant les recrutements dans la fonction publique territoriale et les SEM, pour avoir une moyenne d\u2019embauche stable sur l\u2019ann\u00e9e. Et une interdiction de recrutement un mois avant et apr\u00e8s les \u00e9lections.<\/strong><\/p>\n<p><strong>&#8211; Idem pour les subventions et distributions de contrats aid\u00e9s aux associations.<\/strong><\/p>\n<p><strong>&#8211; Des brigades financi\u00e8res pour enqu\u00eater sur les d\u00e9penses \u00e9lectorales, les proc\u00e9dures de march\u00e9s publics, le train de vie des \u00e9lus et des journalistes. Ce qui r\u00e9duira le gaspillage d\u2019argent public, limitera la corruption et r\u00e9tablira l\u2019\u00e9quit\u00e9 dans les m\u00e9dias et aux \u00e9lections.<\/strong><\/p>\n<p><strong>&#8211; L\u2019engagement des partis politiques \u00e0 ne plus pr\u00e9senter des candidats condamn\u00e9s dans le cadre de l\u2019exercice d\u2019un mandat politique ou d\u2019une fonction publique. Ce qui assainira les collectivit\u00e9s.<\/strong><\/p>\n<p><strong>&#8211; L\u2019\u00e9galit\u00e9 de temps d\u2019audience et de publication dans les m\u00e9dias entre les candidats aux \u00e9lections et l\u2019organisation de d\u00e9bats, en particulier \u00e0 la t\u00e9l\u00e9vision.<\/strong><\/p>\n<p><em><strong>Nota bene : <a href=\"https:\/\/ericbeeharry.re\/index.php\/programme\/economie\/allocation-universelle\" target=\"_blank\" rel=\"noopener\">L\u2019allocation universelle<\/a> sera aussi un grand atout pour d\u00e9mocratiser notre \u00eele.<\/strong><\/em><\/p>\n","protected":false},"excerpt":{"rendered":"<p>La R\u00e9union, d\u00e9partement fran\u00e7ais, ressemble \u00e0 une R\u00e9publique banani\u00e8re. Pour la sortir de la corruption, facteur de non-d\u00e9veloppement et de pauvret\u00e9, voici la Charte de la moralisation de la vie politique : &#8211; Des observateurs de l\u2019Union Europ\u00e9enne, pour v\u00e9rifier la r\u00e9gularit\u00e9 des scrutins et les annuler le cas \u00e9ch\u00e9ant. &#8211; Des policiers aux rassemblements [&hellip;]<\/p>\n","protected":false},"author":1,"featured_media":418,"parent":494,"menu_order":0,"comment_status":"closed","ping_status":"closed","template":"templates\/template-cover.php","meta":[],"yoast_head":"<!-- This site is optimized with the Yoast SEO plugin v17.8 - https:\/\/yoast.com\/wordpress\/plugins\/seo\/ -->\n<title>CHARTE DE MORALISATION DE LA VIE POLITIQUE - Nouvelle R\u00e9union - \u00c9ric Beeharry<\/title>\n<meta name=\"robots\" content=\"index, follow, max-snippet:-1, max-image-preview:large, max-video-preview:-1\" \/>\n<link rel=\"canonical\" href=\"https:\/\/ericbeeharry.re\/index.php\/programme\/institutions\/charte-de-moralisation-de-la-vie-politique\/\" \/>\n<meta property=\"og:locale\" content=\"fr_FR\" \/>\n<meta property=\"og:type\" content=\"article\" \/>\n<meta property=\"og:title\" content=\"CHARTE DE MORALISATION DE LA VIE POLITIQUE - Nouvelle R\u00e9union - \u00c9ric Beeharry\" \/>\n<meta property=\"og:description\" content=\"La R\u00e9union, d\u00e9partement fran\u00e7ais, ressemble \u00e0 une R\u00e9publique banani\u00e8re. Pour la sortir de la corruption, facteur de non-d\u00e9veloppement et de pauvret\u00e9, voici la Charte de la moralisation de la vie politique : &#8211; Des observateurs de l\u2019Union Europ\u00e9enne, pour v\u00e9rifier la r\u00e9gularit\u00e9 des scrutins et les annuler le cas \u00e9ch\u00e9ant. &#8211; Des policiers aux rassemblements [&hellip;]\" \/>\n<meta property=\"og:url\" content=\"https:\/\/ericbeeharry.re\/index.php\/programme\/institutions\/charte-de-moralisation-de-la-vie-politique\/\" \/>\n<meta property=\"og:site_name\" content=\"Nouvelle R\u00e9union - \u00c9ric Beeharry\" \/>\n<meta property=\"article:modified_time\" content=\"2022-05-31T08:47:00+00:00\" \/>\n<meta property=\"og:image\" content=\"https:\/\/ericbeeharry.re\/wp-content\/uploads\/2022\/05\/Galaxie-Photo-Bordure-General-Twitch-Banniere.png\" \/>\n\t<meta property=\"og:image:width\" content=\"900\" \/>\n\t<meta property=\"og:image:height\" content=\"480\" \/>\n<meta name=\"twitter:card\" content=\"summary_large_image\" \/>\n<meta name=\"twitter:label1\" content=\"Dur\u00e9e de lecture estim\u00e9e\" \/>\n\t<meta name=\"twitter:data1\" content=\"2 minutes\" \/>\n<script type=\"application\/ld+json\" class=\"yoast-schema-graph\">{\"@context\":\"https:\/\/schema.org\",\"@graph\":[{\"@type\":\"WebSite\",\"@id\":\"https:\/\/ericbeeharry.re\/#website\",\"url\":\"https:\/\/ericbeeharry.re\/\",\"name\":\"Nouvelle R\\u00e9union - \\u00c9ric Beeharry\",\"description\":\"\",\"potentialAction\":[{\"@type\":\"SearchAction\",\"target\":{\"@type\":\"EntryPoint\",\"urlTemplate\":\"https:\/\/ericbeeharry.re\/?s={search_term_string}\"},\"query-input\":\"required name=search_term_string\"}],\"inLanguage\":\"fr-FR\"},{\"@type\":\"ImageObject\",\"@id\":\"https:\/\/ericbeeharry.re\/index.php\/programme\/institutions\/charte-de-moralisation-de-la-vie-politique\/#primaryimage\",\"inLanguage\":\"fr-FR\",\"url\":\"https:\/\/ericbeeharry.re\/wp-content\/uploads\/2022\/05\/Galaxie-Photo-Bordure-General-Twitch-Banniere.png\",\"contentUrl\":\"https:\/\/ericbeeharry.re\/wp-content\/uploads\/2022\/05\/Galaxie-Photo-Bordure-General-Twitch-Banniere.png\",\"width\":900,\"height\":480},{\"@type\":\"WebPage\",\"@id\":\"https:\/\/ericbeeharry.re\/index.php\/programme\/institutions\/charte-de-moralisation-de-la-vie-politique\/#webpage\",\"url\":\"https:\/\/ericbeeharry.re\/index.php\/programme\/institutions\/charte-de-moralisation-de-la-vie-politique\/\",\"name\":\"CHARTE DE MORALISATION DE LA VIE POLITIQUE - Nouvelle R\\u00e9union - \\u00c9ric Beeharry\",\"isPartOf\":{\"@id\":\"https:\/\/ericbeeharry.re\/#website\"},\"primaryImageOfPage\":{\"@id\":\"https:\/\/ericbeeharry.re\/index.php\/programme\/institutions\/charte-de-moralisation-de-la-vie-politique\/#primaryimage\"},\"datePublished\":\"2022-05-31T08:26:39+00:00\",\"dateModified\":\"2022-05-31T08:47:00+00:00\",\"breadcrumb\":{\"@id\":\"https:\/\/ericbeeharry.re\/index.php\/programme\/institutions\/charte-de-moralisation-de-la-vie-politique\/#breadcrumb\"},\"inLanguage\":\"fr-FR\",\"potentialAction\":[{\"@type\":\"ReadAction\",\"target\":[\"https:\/\/ericbeeharry.re\/index.php\/programme\/institutions\/charte-de-moralisation-de-la-vie-politique\/\"]}]},{\"@type\":\"BreadcrumbList\",\"@id\":\"https:\/\/ericbeeharry.re\/index.php\/programme\/institutions\/charte-de-moralisation-de-la-vie-politique\/#breadcrumb\",\"itemListElement\":[{\"@type\":\"ListItem\",\"position\":1,\"name\":\"Accueil\",\"item\":\"https:\/\/ericbeeharry.re\/\"},{\"@type\":\"ListItem\",\"position\":2,\"name\":\"PROGRAMME\",\"item\":\"https:\/\/ericbeeharry.re\/index.php\/programme\/\"},{\"@type\":\"ListItem\",\"position\":3,\"name\":\"INSTITUTIONS\",\"item\":\"https:\/\/ericbeeharry.re\/index.php\/programme\/institutions\/\"},{\"@type\":\"ListItem\",\"position\":4,\"name\":\"CHARTE DE MORALISATION DE LA VIE POLITIQUE\"}]}]}<\/script>\n<!-- \/ Yoast SEO plugin. -->","yoast_head_json":{"title":"CHARTE DE MORALISATION DE LA VIE POLITIQUE - Nouvelle R\u00e9union - \u00c9ric Beeharry","robots":{"index":"index","follow":"follow","max-snippet":"max-snippet:-1","max-image-preview":"max-image-preview:large","max-video-preview":"max-video-preview:-1"},"canonical":"https:\/\/ericbeeharry.re\/index.php\/programme\/institutions\/charte-de-moralisation-de-la-vie-politique\/","og_locale":"fr_FR","og_type":"article","og_title":"CHARTE DE MORALISATION DE LA VIE POLITIQUE - Nouvelle R\u00e9union - \u00c9ric Beeharry","og_description":"La R\u00e9union, d\u00e9partement fran\u00e7ais, ressemble \u00e0 une R\u00e9publique banani\u00e8re. Pour la sortir de la corruption, facteur de non-d\u00e9veloppement et de pauvret\u00e9, voici la Charte de la moralisation de la vie politique : &#8211; Des observateurs de l\u2019Union Europ\u00e9enne, pour v\u00e9rifier la r\u00e9gularit\u00e9 des scrutins et les annuler le cas \u00e9ch\u00e9ant. &#8211; Des policiers aux rassemblements [&hellip;]","og_url":"https:\/\/ericbeeharry.re\/index.php\/programme\/institutions\/charte-de-moralisation-de-la-vie-politique\/","og_site_name":"Nouvelle R\u00e9union - \u00c9ric Beeharry","article_modified_time":"2022-05-31T08:47:00+00:00","og_image":[{"width":900,"height":480,"url":"https:\/\/ericbeeharry.re\/wp-content\/uploads\/2022\/05\/Galaxie-Photo-Bordure-General-Twitch-Banniere.png","type":"image\/png"}],"twitter_card":"summary_large_image","twitter_misc":{"Dur\u00e9e de lecture estim\u00e9e":"2 minutes"},"schema":{"@context":"https:\/\/schema.org","@graph":[{"@type":"WebSite","@id":"https:\/\/ericbeeharry.re\/#website","url":"https:\/\/ericbeeharry.re\/","name":"Nouvelle R\u00e9union - \u00c9ric Beeharry","description":"","potentialAction":[{"@type":"SearchAction","target":{"@type":"EntryPoint","urlTemplate":"https:\/\/ericbeeharry.re\/?s={search_term_string}"},"query-input":"required name=search_term_string"}],"inLanguage":"fr-FR"},{"@type":"ImageObject","@id":"https:\/\/ericbeeharry.re\/index.php\/programme\/institutions\/charte-de-moralisation-de-la-vie-politique\/#primaryimage","inLanguage":"fr-FR","url":"https:\/\/ericbeeharry.re\/wp-content\/uploads\/2022\/05\/Galaxie-Photo-Bordure-General-Twitch-Banniere.png","contentUrl":"https:\/\/ericbeeharry.re\/wp-content\/uploads\/2022\/05\/Galaxie-Photo-Bordure-General-Twitch-Banniere.png","width":900,"height":480},{"@type":"WebPage","@id":"https:\/\/ericbeeharry.re\/index.php\/programme\/institutions\/charte-de-moralisation-de-la-vie-politique\/#webpage","url":"https:\/\/ericbeeharry.re\/index.php\/programme\/institutions\/charte-de-moralisation-de-la-vie-politique\/","name":"CHARTE DE MORALISATION DE LA VIE POLITIQUE - Nouvelle R\u00e9union - \u00c9ric Beeharry","isPartOf":{"@id":"https:\/\/ericbeeharry.re\/#website"},"primaryImageOfPage":{"@id":"https:\/\/ericbeeharry.re\/index.php\/programme\/institutions\/charte-de-moralisation-de-la-vie-politique\/#primaryimage"},"datePublished":"2022-05-31T08:26:39+00:00","dateModified":"2022-05-31T08:47:00+00:00","breadcrumb":{"@id":"https:\/\/ericbeeharry.re\/index.php\/programme\/institutions\/charte-de-moralisation-de-la-vie-politique\/#breadcrumb"},"inLanguage":"fr-FR","potentialAction":[{"@type":"ReadAction","target":["https:\/\/ericbeeharry.re\/index.php\/programme\/institutions\/charte-de-moralisation-de-la-vie-politique\/"]}]},{"@type":"BreadcrumbList","@id":"https:\/\/ericbeeharry.re\/index.php\/programme\/institutions\/charte-de-moralisation-de-la-vie-politique\/#breadcrumb","itemListElement":[{"@type":"ListItem","position":1,"name":"Accueil","item":"https:\/\/ericbeeharry.re\/"},{"@type":"ListItem","position":2,"name":"PROGRAMME","item":"https:\/\/ericbeeharry.re\/index.php\/programme\/"},{"@type":"ListItem","position":3,"name":"INSTITUTIONS","item":"https:\/\/ericbeeharry.re\/index.php\/programme\/institutions\/"},{"@type":"ListItem","position":4,"name":"CHARTE DE MORALISATION DE LA VIE POLITIQUE"}]}]}},"_links":{"self":[{"href":"https:\/\/ericbeeharry.re\/index.php\/wp-json\/wp\/v2\/pages\/733"}],"collection":[{"href":"https:\/\/ericbeeharry.re\/index.php\/wp-json\/wp\/v2\/pages"}],"about":[{"href":"https:\/\/ericbeeharry.re\/index.php\/wp-json\/wp\/v2\/types\/page"}],"author":[{"embeddable":true,"href":"https:\/\/ericbeeharry.re\/index.php\/wp-json\/wp\/v2\/users\/1"}],"replies":[{"embeddable":true,"href":"https:\/\/ericbeeharry.re\/index.php\/wp-json\/wp\/v2\/comments?post=733"}],"version-history":[{"count":10,"href":"https:\/\/ericbeeharry.re\/index.php\/wp-json\/wp\/v2\/pages\/733\/revisions"}],"predecessor-version":[{"id":746,"href":"https:\/\/ericbeeharry.re\/index.php\/wp-json\/wp\/v2\/pages\/733\/revisions\/746"}],"up":[{"embeddable":true,"href":"https:\/\/ericbeeharry.re\/index.php\/wp-json\/wp\/v2\/pages\/494"}],"wp:featuredmedia":[{"embeddable":true,"href":"https:\/\/ericbeeharry.re\/index.php\/wp-json\/wp\/v2\/media\/418"}],"wp:attachment":[{"href":"https:\/\/ericbeeharry.re\/index.php\/wp-json\/wp\/v2\/media?parent=733"}],"curies":[{"name":"wp","href":"https:\/\/api.w.org\/{rel}","templated":true}]}}