{"id":747,"date":"2022-05-31T13:24:01","date_gmt":"2022-05-31T09:24:01","guid":{"rendered":"https:\/\/ericbeeharry.re\/?page_id=747"},"modified":"2022-05-31T13:36:36","modified_gmt":"2022-05-31T09:36:36","slug":"decentralisation","status":"publish","type":"page","link":"https:\/\/ericbeeharry.re\/index.php\/programme\/institutions\/decentralisation\/","title":{"rendered":"D\u00c9CENTRALISATION"},"content":{"rendered":"<p><img loading=\"lazy\" src=\"https:\/\/ericbeeharry.re\/wp-content\/uploads\/2022\/05\/Decentralisation-1.jpg\" alt=\"\" width=\"300\" height=\"168\" class=\"aligncenter size-full wp-image-758\" \/><\/p>\n<p><strong>La R\u00e9union compte trop de strates administratives et politiques et en m\u00eame temps trop de supervisions par l&rsquo;\u00c9tat centralis\u00e9. Il est donc urgent de simplifier, afin de regagner en efficacit\u00e9.<\/strong><\/p>\n<p><strong><span style=\"color: #0000ff;\"><u>UNE R\u00c9GION FORTE<\/u><\/span><\/strong><\/p>\n<p><strong> &#8211; R\u00e9gion concentr\u00e9e sur l&rsquo;am\u00e9nagement du territoire et le d\u00e9veloppement \u00e9conomique<\/strong><br \/>\n<strong>&#8211; Renforcement des pouvoirs de la R\u00e9gion (attribution des lignes a\u00e9riennes, gestion des a\u00e9roports, n\u00e9gociation directe avec les pays \u00e9trangers, etc.)<\/strong><br \/>\n<strong>&#8211; Fusion de la CCI, de la CMA et des services \u00e9conomiques des mairies avec le service \u00e9conomique de la R\u00e9gion<\/strong><br \/>\n<strong>&#8211; R\u00e9cup\u00e9ration des comp\u00e9tences non-sociales du D\u00e9partement (coll\u00e8ges, routes d\u00e9partementales et transports)<\/strong><br \/>\n<strong>&#8211; R\u00e9cup\u00e9ration des services \u00e9conomiques du D\u00e9partement, des intercommunalit\u00e9s et des communes<\/strong><br \/>\n<strong>&#8211; Transfert des budgets sociaux, de formation et culturels \u00e0 l&rsquo;Autorit\u00e9 de l&rsquo;Allocation Universelle<\/strong><\/p>\n<p><strong><span style=\"color: #0000ff;\"><u>UNE AUTORIT\u00c9 DE L&rsquo;ALLOCATION UNIVERSELLE<\/u><\/span><\/strong><\/p>\n<p><strong>&#8211; Fusion du Conseil D\u00e9partemental, des CCAS des mairies, des CAF et de la S\u00e9curit\u00e9 Sociale<\/strong><br \/>\n<strong>&#8211; Instauration de <a href=\"https:\/\/ericbeeharry.re\/index.php\/programme\/economie\/allocation-universelle\" target=\"_blank\" rel=\"noopener\">l&rsquo;allocation universelle<\/a><\/strong><br \/>\n<strong>&#8211; Missions sociales restantes comme la Protection de l&rsquo;enfance transf\u00e9r\u00e9es aux communes ou intercommunalit\u00e9s<\/strong><\/p>\n<p><strong><span style=\"color: #0000ff;\"><u>UNE DIZAINE DE SUPER COMMUNES<\/u><\/span><\/strong><\/p>\n<p><strong>&#8211; Regroupement en une dizaine de Super communes des actuelles communes et intercommunalit\u00e9s, sur des crit\u00e8res de g\u00e9ographie et de d\u00e9mographie.<\/strong><br \/>\n<strong>&#8211; Parmi elles : 2 \u00e0 3 ZTS (Zones Touristiques Sp\u00e9ciales pour des comp\u00e9tences \u00e9largies), dont celle de l&rsquo;Ouest qui mettra fin \u00e0 la crise requins<\/strong><br \/>\n<strong>&#8211; Simplification administrative : \u00e9conomies de co\u00fbts de fonctionnement et acc\u00e9l\u00e9ration de l&rsquo;action politique<\/strong><\/p>\n<p><strong><span style=\"color: #0000ff;\"><u>SUPPRESSION DES DOUBLONS<\/u><\/span><\/strong><\/p>\n<p><strong>&#8211; Suppression des 5 intercommunalit\u00e9s et des 24 communes<\/strong><br \/>\n<strong>&#8211; Suppression du D\u00e9partement, de la S\u00e9curit\u00e9 Sociale, de la CAF et des CCAS des mairies<\/strong><\/p>\n<p><strong><span style=\"color: #0000ff;\"><u>RATIONALISATION<\/u><\/span><\/strong><\/p>\n<p><strong>&#8211; Audit g\u00e9n\u00e9ral de la fonction publique par des experts ind\u00e9pendants sans aucun lien avec la R\u00e9union, en particulier de la Police et de la Justice pour en finir avec la R\u00e9publique banani\u00e8re<\/strong><br \/>\n<strong>&#8211; <a href=\"https:\/\/ericbeeharry.re\/index.php\/programme\/institutions\/fonction-publique-territoriale\" target=\"_blank\" rel=\"noopener\">Titularisation des contrats pr\u00e9caires<\/a>, si utilit\u00e9 av\u00e9r\u00e9e<\/strong><br \/>\n<strong>&#8211; <a href=\"https:\/\/ericbeeharry.re\/index.php\/programme\/institutions\/reforme-electorale\" target=\"_blank\" rel=\"noopener\">R\u00e9forme \u00e9lectorale<\/a> avec un dispositif anti-fraudes, la g\u00e9n\u00e9ralisation du scrutin \u00e0 la proportionnelle et la num\u00e9risation totale de la propagande, afin de r\u00e9tablir l&rsquo;\u00e9quit\u00e9 entre candidats et la repr\u00e9sentativit\u00e9 des \u00e9lus<\/strong><\/p>\n","protected":false},"excerpt":{"rendered":"<p>La R\u00e9union compte trop de strates administratives et politiques et en m\u00eame temps trop de supervisions par l&rsquo;\u00c9tat centralis\u00e9. Il est donc urgent de simplifier, afin de regagner en efficacit\u00e9. UNE R\u00c9GION FORTE &#8211; R\u00e9gion concentr\u00e9e sur l&rsquo;am\u00e9nagement du territoire et le d\u00e9veloppement \u00e9conomique &#8211; Renforcement des pouvoirs de la R\u00e9gion (attribution des lignes a\u00e9riennes, [&hellip;]<\/p>\n","protected":false},"author":1,"featured_media":418,"parent":494,"menu_order":0,"comment_status":"closed","ping_status":"closed","template":"templates\/template-cover.php","meta":[],"yoast_head":"<!-- This site is optimized with the Yoast SEO plugin v17.8 - https:\/\/yoast.com\/wordpress\/plugins\/seo\/ -->\n<title>D\u00c9CENTRALISATION - Nouvelle R\u00e9union - \u00c9ric Beeharry<\/title>\n<meta name=\"robots\" content=\"index, follow, max-snippet:-1, max-image-preview:large, max-video-preview:-1\" \/>\n<link rel=\"canonical\" href=\"https:\/\/ericbeeharry.re\/index.php\/programme\/institutions\/decentralisation\/\" \/>\n<meta property=\"og:locale\" content=\"fr_FR\" \/>\n<meta property=\"og:type\" content=\"article\" \/>\n<meta property=\"og:title\" content=\"D\u00c9CENTRALISATION - Nouvelle R\u00e9union - \u00c9ric Beeharry\" \/>\n<meta property=\"og:description\" content=\"La R\u00e9union compte trop de strates administratives et politiques et en m\u00eame temps trop de supervisions par l&rsquo;\u00c9tat centralis\u00e9. Il est donc urgent de simplifier, afin de regagner en efficacit\u00e9. UNE R\u00c9GION FORTE &#8211; R\u00e9gion concentr\u00e9e sur l&rsquo;am\u00e9nagement du territoire et le d\u00e9veloppement \u00e9conomique &#8211; Renforcement des pouvoirs de la R\u00e9gion (attribution des lignes a\u00e9riennes, [&hellip;]\" \/>\n<meta property=\"og:url\" content=\"https:\/\/ericbeeharry.re\/index.php\/programme\/institutions\/decentralisation\/\" \/>\n<meta property=\"og:site_name\" content=\"Nouvelle R\u00e9union - \u00c9ric Beeharry\" \/>\n<meta property=\"article:modified_time\" content=\"2022-05-31T09:36:36+00:00\" \/>\n<meta property=\"og:image\" content=\"https:\/\/ericbeeharry.re\/wp-content\/uploads\/2022\/05\/Galaxie-Photo-Bordure-General-Twitch-Banniere.png\" \/>\n\t<meta property=\"og:image:width\" content=\"900\" \/>\n\t<meta property=\"og:image:height\" content=\"480\" \/>\n<meta name=\"twitter:card\" content=\"summary_large_image\" \/>\n<meta name=\"twitter:label1\" content=\"Dur\u00e9e de lecture estim\u00e9e\" \/>\n\t<meta name=\"twitter:data1\" content=\"2 minutes\" \/>\n<script type=\"application\/ld+json\" class=\"yoast-schema-graph\">{\"@context\":\"https:\/\/schema.org\",\"@graph\":[{\"@type\":\"WebSite\",\"@id\":\"https:\/\/ericbeeharry.re\/#website\",\"url\":\"https:\/\/ericbeeharry.re\/\",\"name\":\"Nouvelle R\\u00e9union - \\u00c9ric Beeharry\",\"description\":\"\",\"potentialAction\":[{\"@type\":\"SearchAction\",\"target\":{\"@type\":\"EntryPoint\",\"urlTemplate\":\"https:\/\/ericbeeharry.re\/?s={search_term_string}\"},\"query-input\":\"required name=search_term_string\"}],\"inLanguage\":\"fr-FR\"},{\"@type\":\"ImageObject\",\"@id\":\"https:\/\/ericbeeharry.re\/index.php\/programme\/institutions\/decentralisation\/#primaryimage\",\"inLanguage\":\"fr-FR\",\"url\":\"https:\/\/ericbeeharry.re\/wp-content\/uploads\/2022\/05\/Galaxie-Photo-Bordure-General-Twitch-Banniere.png\",\"contentUrl\":\"https:\/\/ericbeeharry.re\/wp-content\/uploads\/2022\/05\/Galaxie-Photo-Bordure-General-Twitch-Banniere.png\",\"width\":900,\"height\":480},{\"@type\":\"WebPage\",\"@id\":\"https:\/\/ericbeeharry.re\/index.php\/programme\/institutions\/decentralisation\/#webpage\",\"url\":\"https:\/\/ericbeeharry.re\/index.php\/programme\/institutions\/decentralisation\/\",\"name\":\"D\\u00c9CENTRALISATION - Nouvelle R\\u00e9union - \\u00c9ric Beeharry\",\"isPartOf\":{\"@id\":\"https:\/\/ericbeeharry.re\/#website\"},\"primaryImageOfPage\":{\"@id\":\"https:\/\/ericbeeharry.re\/index.php\/programme\/institutions\/decentralisation\/#primaryimage\"},\"datePublished\":\"2022-05-31T09:24:01+00:00\",\"dateModified\":\"2022-05-31T09:36:36+00:00\",\"breadcrumb\":{\"@id\":\"https:\/\/ericbeeharry.re\/index.php\/programme\/institutions\/decentralisation\/#breadcrumb\"},\"inLanguage\":\"fr-FR\",\"potentialAction\":[{\"@type\":\"ReadAction\",\"target\":[\"https:\/\/ericbeeharry.re\/index.php\/programme\/institutions\/decentralisation\/\"]}]},{\"@type\":\"BreadcrumbList\",\"@id\":\"https:\/\/ericbeeharry.re\/index.php\/programme\/institutions\/decentralisation\/#breadcrumb\",\"itemListElement\":[{\"@type\":\"ListItem\",\"position\":1,\"name\":\"Accueil\",\"item\":\"https:\/\/ericbeeharry.re\/\"},{\"@type\":\"ListItem\",\"position\":2,\"name\":\"PROGRAMME\",\"item\":\"https:\/\/ericbeeharry.re\/index.php\/programme\/\"},{\"@type\":\"ListItem\",\"position\":3,\"name\":\"INSTITUTIONS\",\"item\":\"https:\/\/ericbeeharry.re\/index.php\/programme\/institutions\/\"},{\"@type\":\"ListItem\",\"position\":4,\"name\":\"D\\u00c9CENTRALISATION\"}]}]}<\/script>\n<!-- \/ Yoast SEO plugin. -->","yoast_head_json":{"title":"D\u00c9CENTRALISATION - Nouvelle R\u00e9union - \u00c9ric Beeharry","robots":{"index":"index","follow":"follow","max-snippet":"max-snippet:-1","max-image-preview":"max-image-preview:large","max-video-preview":"max-video-preview:-1"},"canonical":"https:\/\/ericbeeharry.re\/index.php\/programme\/institutions\/decentralisation\/","og_locale":"fr_FR","og_type":"article","og_title":"D\u00c9CENTRALISATION - Nouvelle R\u00e9union - \u00c9ric Beeharry","og_description":"La R\u00e9union compte trop de strates administratives et politiques et en m\u00eame temps trop de supervisions par l&rsquo;\u00c9tat centralis\u00e9. Il est donc urgent de simplifier, afin de regagner en efficacit\u00e9. UNE R\u00c9GION FORTE &#8211; R\u00e9gion concentr\u00e9e sur l&rsquo;am\u00e9nagement du territoire et le d\u00e9veloppement \u00e9conomique &#8211; Renforcement des pouvoirs de la R\u00e9gion (attribution des lignes a\u00e9riennes, [&hellip;]","og_url":"https:\/\/ericbeeharry.re\/index.php\/programme\/institutions\/decentralisation\/","og_site_name":"Nouvelle R\u00e9union - \u00c9ric Beeharry","article_modified_time":"2022-05-31T09:36:36+00:00","og_image":[{"width":900,"height":480,"url":"https:\/\/ericbeeharry.re\/wp-content\/uploads\/2022\/05\/Galaxie-Photo-Bordure-General-Twitch-Banniere.png","type":"image\/png"}],"twitter_card":"summary_large_image","twitter_misc":{"Dur\u00e9e de lecture estim\u00e9e":"2 minutes"},"schema":{"@context":"https:\/\/schema.org","@graph":[{"@type":"WebSite","@id":"https:\/\/ericbeeharry.re\/#website","url":"https:\/\/ericbeeharry.re\/","name":"Nouvelle R\u00e9union - \u00c9ric Beeharry","description":"","potentialAction":[{"@type":"SearchAction","target":{"@type":"EntryPoint","urlTemplate":"https:\/\/ericbeeharry.re\/?s={search_term_string}"},"query-input":"required name=search_term_string"}],"inLanguage":"fr-FR"},{"@type":"ImageObject","@id":"https:\/\/ericbeeharry.re\/index.php\/programme\/institutions\/decentralisation\/#primaryimage","inLanguage":"fr-FR","url":"https:\/\/ericbeeharry.re\/wp-content\/uploads\/2022\/05\/Galaxie-Photo-Bordure-General-Twitch-Banniere.png","contentUrl":"https:\/\/ericbeeharry.re\/wp-content\/uploads\/2022\/05\/Galaxie-Photo-Bordure-General-Twitch-Banniere.png","width":900,"height":480},{"@type":"WebPage","@id":"https:\/\/ericbeeharry.re\/index.php\/programme\/institutions\/decentralisation\/#webpage","url":"https:\/\/ericbeeharry.re\/index.php\/programme\/institutions\/decentralisation\/","name":"D\u00c9CENTRALISATION - Nouvelle R\u00e9union - \u00c9ric Beeharry","isPartOf":{"@id":"https:\/\/ericbeeharry.re\/#website"},"primaryImageOfPage":{"@id":"https:\/\/ericbeeharry.re\/index.php\/programme\/institutions\/decentralisation\/#primaryimage"},"datePublished":"2022-05-31T09:24:01+00:00","dateModified":"2022-05-31T09:36:36+00:00","breadcrumb":{"@id":"https:\/\/ericbeeharry.re\/index.php\/programme\/institutions\/decentralisation\/#breadcrumb"},"inLanguage":"fr-FR","potentialAction":[{"@type":"ReadAction","target":["https:\/\/ericbeeharry.re\/index.php\/programme\/institutions\/decentralisation\/"]}]},{"@type":"BreadcrumbList","@id":"https:\/\/ericbeeharry.re\/index.php\/programme\/institutions\/decentralisation\/#breadcrumb","itemListElement":[{"@type":"ListItem","position":1,"name":"Accueil","item":"https:\/\/ericbeeharry.re\/"},{"@type":"ListItem","position":2,"name":"PROGRAMME","item":"https:\/\/ericbeeharry.re\/index.php\/programme\/"},{"@type":"ListItem","position":3,"name":"INSTITUTIONS","item":"https:\/\/ericbeeharry.re\/index.php\/programme\/institutions\/"},{"@type":"ListItem","position":4,"name":"D\u00c9CENTRALISATION"}]}]}},"_links":{"self":[{"href":"https:\/\/ericbeeharry.re\/index.php\/wp-json\/wp\/v2\/pages\/747"}],"collection":[{"href":"https:\/\/ericbeeharry.re\/index.php\/wp-json\/wp\/v2\/pages"}],"about":[{"href":"https:\/\/ericbeeharry.re\/index.php\/wp-json\/wp\/v2\/types\/page"}],"author":[{"embeddable":true,"href":"https:\/\/ericbeeharry.re\/index.php\/wp-json\/wp\/v2\/users\/1"}],"replies":[{"embeddable":true,"href":"https:\/\/ericbeeharry.re\/index.php\/wp-json\/wp\/v2\/comments?post=747"}],"version-history":[{"count":9,"href":"https:\/\/ericbeeharry.re\/index.php\/wp-json\/wp\/v2\/pages\/747\/revisions"}],"predecessor-version":[{"id":759,"href":"https:\/\/ericbeeharry.re\/index.php\/wp-json\/wp\/v2\/pages\/747\/revisions\/759"}],"up":[{"embeddable":true,"href":"https:\/\/ericbeeharry.re\/index.php\/wp-json\/wp\/v2\/pages\/494"}],"wp:featuredmedia":[{"embeddable":true,"href":"https:\/\/ericbeeharry.re\/index.php\/wp-json\/wp\/v2\/media\/418"}],"wp:attachment":[{"href":"https:\/\/ericbeeharry.re\/index.php\/wp-json\/wp\/v2\/media?parent=747"}],"curies":[{"name":"wp","href":"https:\/\/api.w.org\/{rel}","templated":true}]}}