{"id":773,"date":"2022-05-31T14:17:48","date_gmt":"2022-05-31T10:17:48","guid":{"rendered":"https:\/\/ericbeeharry.re\/?page_id=773"},"modified":"2022-06-03T16:00:53","modified_gmt":"2022-06-03T12:00:53","slug":"modele-economique-et-social","status":"publish","type":"page","link":"https:\/\/ericbeeharry.re\/index.php\/programme\/economie\/modele-economique-et-social\/","title":{"rendered":"MOD\u00c8LE \u00c9CONOMIQUE ET SOCIAL"},"content":{"rendered":"<p><img loading=\"lazy\" class=\"aligncenter wp-image-834 size-full\" src=\"https:\/\/ericbeeharry.re\/wp-content\/uploads\/2022\/06\/Travail-et-bien-etre-2.jpg\" alt=\"\" width=\"539\" height=\"318\" srcset=\"https:\/\/ericbeeharry.re\/wp-content\/uploads\/2022\/06\/Travail-et-bien-etre-2.jpg 539w, https:\/\/ericbeeharry.re\/wp-content\/uploads\/2022\/06\/Travail-et-bien-etre-2-300x177.jpg 300w\" sizes=\"(max-width: 539px) 100vw, 539px\" \/><\/p>\n<p><strong>Pour le bien-\u00eatre de tous, le mod\u00e8le \u00e9conomique et social d&rsquo;un territoire est primordial. C&rsquo;est pourquoi nous en proposons un propre \u00e0 la R\u00e9union, qui pourrait ensuite servir d&rsquo;inspiration r\u00e9formiste \u00e0 la France.<\/strong><\/p>\n<p><strong><span style=\"color: #0000ff;\"><u>R\u00c9FORMES \u00c9CONOMIQUES ET SOCIALES<\/u><\/span><\/strong><\/p>\n<p><strong>&#8211; Contrat de travail unique<\/strong><\/p>\n<p><strong>&#8211; Flexis\u00e9curit\u00e9 donnant une formation r\u00e9mun\u00e9r\u00e9e \u00e0 tous en p\u00e9riode sans emploi, <a href=\"https:\/\/ericbeeharry.re\/index.php\/programme\/economie\/allocation-universelle\" target=\"_blank\" rel=\"noopener\">gr\u00e2ce \u00e0 l&rsquo;allocation universelle<\/a><\/strong><\/p>\n<p><strong>&#8211; Remplacement de P\u00f4le Emploi par des cabinets de recrutement pay\u00e9s au r\u00e9sultat<\/strong><\/p>\n<p><strong>&#8211; <a href=\"https:\/\/ericbeeharry.re\/index.php\/programme\/economie\/impot-unique-de-10\" target=\"_blank\" rel=\"noopener\">Imp\u00f4t unique de 10%<\/a><\/strong><\/p>\n<p><strong>&#8211; <a href=\"https:\/\/ericbeeharry.re\/index.php\/programme\/economie\/allocation-universelle\" target=\"_blank\" rel=\"noopener\">Allocation universelle de 1 200 \u20ac\/mois<\/a><\/strong><\/p>\n<p><strong>&#8211; <a href=\"https:\/\/ericbeeharry.re\/index.php\/programme\/economie\/garantie-universelle\" target=\"_blank\" rel=\"noopener\">Garantie universelle<\/a><\/strong><\/p>\n<p><strong>&#8211; Retraite au niveau de l&rsquo;allocation universelle, davantage pour ceux qui ont cotis\u00e9 \u00e0 une assurance priv\u00e9e<\/strong><\/p>\n","protected":false},"excerpt":{"rendered":"<p>Pour le bien-\u00eatre de tous, le mod\u00e8le \u00e9conomique et social d&rsquo;un territoire est primordial. C&rsquo;est pourquoi nous en proposons un propre \u00e0 la R\u00e9union, qui pourrait ensuite servir d&rsquo;inspiration r\u00e9formiste \u00e0 la France. R\u00c9FORMES \u00c9CONOMIQUES ET SOCIALES &#8211; Contrat de travail unique &#8211; Flexis\u00e9curit\u00e9 donnant une formation r\u00e9mun\u00e9r\u00e9e \u00e0 tous en p\u00e9riode sans emploi, gr\u00e2ce [&hellip;]<\/p>\n","protected":false},"author":1,"featured_media":418,"parent":450,"menu_order":0,"comment_status":"closed","ping_status":"closed","template":"templates\/template-cover.php","meta":[],"yoast_head":"<!-- This site is optimized with the Yoast SEO plugin v17.8 - https:\/\/yoast.com\/wordpress\/plugins\/seo\/ -->\n<title>MOD\u00c8LE \u00c9CONOMIQUE ET SOCIAL - Nouvelle R\u00e9union - \u00c9ric Beeharry<\/title>\n<meta name=\"robots\" content=\"index, follow, max-snippet:-1, max-image-preview:large, max-video-preview:-1\" \/>\n<link rel=\"canonical\" href=\"https:\/\/ericbeeharry.re\/index.php\/programme\/economie\/modele-economique-et-social\/\" \/>\n<meta property=\"og:locale\" content=\"fr_FR\" \/>\n<meta property=\"og:type\" content=\"article\" \/>\n<meta property=\"og:title\" content=\"MOD\u00c8LE \u00c9CONOMIQUE ET SOCIAL - Nouvelle R\u00e9union - \u00c9ric Beeharry\" \/>\n<meta property=\"og:description\" content=\"Pour le bien-\u00eatre de tous, le mod\u00e8le \u00e9conomique et social d&rsquo;un territoire est primordial. C&rsquo;est pourquoi nous en proposons un propre \u00e0 la R\u00e9union, qui pourrait ensuite servir d&rsquo;inspiration r\u00e9formiste \u00e0 la France. R\u00c9FORMES \u00c9CONOMIQUES ET SOCIALES &#8211; Contrat de travail unique &#8211; Flexis\u00e9curit\u00e9 donnant une formation r\u00e9mun\u00e9r\u00e9e \u00e0 tous en p\u00e9riode sans emploi, gr\u00e2ce [&hellip;]\" \/>\n<meta property=\"og:url\" content=\"https:\/\/ericbeeharry.re\/index.php\/programme\/economie\/modele-economique-et-social\/\" \/>\n<meta property=\"og:site_name\" content=\"Nouvelle R\u00e9union - \u00c9ric Beeharry\" \/>\n<meta property=\"article:modified_time\" content=\"2022-06-03T12:00:53+00:00\" \/>\n<meta property=\"og:image\" content=\"https:\/\/ericbeeharry.re\/wp-content\/uploads\/2022\/05\/Galaxie-Photo-Bordure-General-Twitch-Banniere.png\" \/>\n\t<meta property=\"og:image:width\" content=\"900\" \/>\n\t<meta property=\"og:image:height\" content=\"480\" \/>\n<meta name=\"twitter:card\" content=\"summary_large_image\" \/>\n<meta name=\"twitter:label1\" content=\"Dur\u00e9e de lecture estim\u00e9e\" \/>\n\t<meta name=\"twitter:data1\" content=\"1 minute\" \/>\n<script type=\"application\/ld+json\" class=\"yoast-schema-graph\">{\"@context\":\"https:\/\/schema.org\",\"@graph\":[{\"@type\":\"WebSite\",\"@id\":\"https:\/\/ericbeeharry.re\/#website\",\"url\":\"https:\/\/ericbeeharry.re\/\",\"name\":\"Nouvelle R\\u00e9union - \\u00c9ric Beeharry\",\"description\":\"\",\"potentialAction\":[{\"@type\":\"SearchAction\",\"target\":{\"@type\":\"EntryPoint\",\"urlTemplate\":\"https:\/\/ericbeeharry.re\/?s={search_term_string}\"},\"query-input\":\"required name=search_term_string\"}],\"inLanguage\":\"fr-FR\"},{\"@type\":\"ImageObject\",\"@id\":\"https:\/\/ericbeeharry.re\/index.php\/programme\/economie\/modele-economique-et-social\/#primaryimage\",\"inLanguage\":\"fr-FR\",\"url\":\"https:\/\/ericbeeharry.re\/wp-content\/uploads\/2022\/05\/Galaxie-Photo-Bordure-General-Twitch-Banniere.png\",\"contentUrl\":\"https:\/\/ericbeeharry.re\/wp-content\/uploads\/2022\/05\/Galaxie-Photo-Bordure-General-Twitch-Banniere.png\",\"width\":900,\"height\":480},{\"@type\":\"WebPage\",\"@id\":\"https:\/\/ericbeeharry.re\/index.php\/programme\/economie\/modele-economique-et-social\/#webpage\",\"url\":\"https:\/\/ericbeeharry.re\/index.php\/programme\/economie\/modele-economique-et-social\/\",\"name\":\"MOD\\u00c8LE \\u00c9CONOMIQUE ET SOCIAL - Nouvelle R\\u00e9union - \\u00c9ric Beeharry\",\"isPartOf\":{\"@id\":\"https:\/\/ericbeeharry.re\/#website\"},\"primaryImageOfPage\":{\"@id\":\"https:\/\/ericbeeharry.re\/index.php\/programme\/economie\/modele-economique-et-social\/#primaryimage\"},\"datePublished\":\"2022-05-31T10:17:48+00:00\",\"dateModified\":\"2022-06-03T12:00:53+00:00\",\"breadcrumb\":{\"@id\":\"https:\/\/ericbeeharry.re\/index.php\/programme\/economie\/modele-economique-et-social\/#breadcrumb\"},\"inLanguage\":\"fr-FR\",\"potentialAction\":[{\"@type\":\"ReadAction\",\"target\":[\"https:\/\/ericbeeharry.re\/index.php\/programme\/economie\/modele-economique-et-social\/\"]}]},{\"@type\":\"BreadcrumbList\",\"@id\":\"https:\/\/ericbeeharry.re\/index.php\/programme\/economie\/modele-economique-et-social\/#breadcrumb\",\"itemListElement\":[{\"@type\":\"ListItem\",\"position\":1,\"name\":\"Accueil\",\"item\":\"https:\/\/ericbeeharry.re\/\"},{\"@type\":\"ListItem\",\"position\":2,\"name\":\"PROGRAMME\",\"item\":\"https:\/\/ericbeeharry.re\/index.php\/programme\/\"},{\"@type\":\"ListItem\",\"position\":3,\"name\":\"\\u00c9CONOMIE\",\"item\":\"https:\/\/ericbeeharry.re\/index.php\/programme\/economie\/\"},{\"@type\":\"ListItem\",\"position\":4,\"name\":\"MOD\\u00c8LE \\u00c9CONOMIQUE ET SOCIAL\"}]}]}<\/script>\n<!-- \/ Yoast SEO plugin. -->","yoast_head_json":{"title":"MOD\u00c8LE \u00c9CONOMIQUE ET SOCIAL - Nouvelle R\u00e9union - \u00c9ric Beeharry","robots":{"index":"index","follow":"follow","max-snippet":"max-snippet:-1","max-image-preview":"max-image-preview:large","max-video-preview":"max-video-preview:-1"},"canonical":"https:\/\/ericbeeharry.re\/index.php\/programme\/economie\/modele-economique-et-social\/","og_locale":"fr_FR","og_type":"article","og_title":"MOD\u00c8LE \u00c9CONOMIQUE ET SOCIAL - Nouvelle R\u00e9union - \u00c9ric Beeharry","og_description":"Pour le bien-\u00eatre de tous, le mod\u00e8le \u00e9conomique et social d&rsquo;un territoire est primordial. C&rsquo;est pourquoi nous en proposons un propre \u00e0 la R\u00e9union, qui pourrait ensuite servir d&rsquo;inspiration r\u00e9formiste \u00e0 la France. R\u00c9FORMES \u00c9CONOMIQUES ET SOCIALES &#8211; Contrat de travail unique &#8211; Flexis\u00e9curit\u00e9 donnant une formation r\u00e9mun\u00e9r\u00e9e \u00e0 tous en p\u00e9riode sans emploi, gr\u00e2ce [&hellip;]","og_url":"https:\/\/ericbeeharry.re\/index.php\/programme\/economie\/modele-economique-et-social\/","og_site_name":"Nouvelle R\u00e9union - \u00c9ric Beeharry","article_modified_time":"2022-06-03T12:00:53+00:00","og_image":[{"width":900,"height":480,"url":"https:\/\/ericbeeharry.re\/wp-content\/uploads\/2022\/05\/Galaxie-Photo-Bordure-General-Twitch-Banniere.png","type":"image\/png"}],"twitter_card":"summary_large_image","twitter_misc":{"Dur\u00e9e de lecture estim\u00e9e":"1 minute"},"schema":{"@context":"https:\/\/schema.org","@graph":[{"@type":"WebSite","@id":"https:\/\/ericbeeharry.re\/#website","url":"https:\/\/ericbeeharry.re\/","name":"Nouvelle R\u00e9union - \u00c9ric Beeharry","description":"","potentialAction":[{"@type":"SearchAction","target":{"@type":"EntryPoint","urlTemplate":"https:\/\/ericbeeharry.re\/?s={search_term_string}"},"query-input":"required name=search_term_string"}],"inLanguage":"fr-FR"},{"@type":"ImageObject","@id":"https:\/\/ericbeeharry.re\/index.php\/programme\/economie\/modele-economique-et-social\/#primaryimage","inLanguage":"fr-FR","url":"https:\/\/ericbeeharry.re\/wp-content\/uploads\/2022\/05\/Galaxie-Photo-Bordure-General-Twitch-Banniere.png","contentUrl":"https:\/\/ericbeeharry.re\/wp-content\/uploads\/2022\/05\/Galaxie-Photo-Bordure-General-Twitch-Banniere.png","width":900,"height":480},{"@type":"WebPage","@id":"https:\/\/ericbeeharry.re\/index.php\/programme\/economie\/modele-economique-et-social\/#webpage","url":"https:\/\/ericbeeharry.re\/index.php\/programme\/economie\/modele-economique-et-social\/","name":"MOD\u00c8LE \u00c9CONOMIQUE ET SOCIAL - Nouvelle R\u00e9union - \u00c9ric Beeharry","isPartOf":{"@id":"https:\/\/ericbeeharry.re\/#website"},"primaryImageOfPage":{"@id":"https:\/\/ericbeeharry.re\/index.php\/programme\/economie\/modele-economique-et-social\/#primaryimage"},"datePublished":"2022-05-31T10:17:48+00:00","dateModified":"2022-06-03T12:00:53+00:00","breadcrumb":{"@id":"https:\/\/ericbeeharry.re\/index.php\/programme\/economie\/modele-economique-et-social\/#breadcrumb"},"inLanguage":"fr-FR","potentialAction":[{"@type":"ReadAction","target":["https:\/\/ericbeeharry.re\/index.php\/programme\/economie\/modele-economique-et-social\/"]}]},{"@type":"BreadcrumbList","@id":"https:\/\/ericbeeharry.re\/index.php\/programme\/economie\/modele-economique-et-social\/#breadcrumb","itemListElement":[{"@type":"ListItem","position":1,"name":"Accueil","item":"https:\/\/ericbeeharry.re\/"},{"@type":"ListItem","position":2,"name":"PROGRAMME","item":"https:\/\/ericbeeharry.re\/index.php\/programme\/"},{"@type":"ListItem","position":3,"name":"\u00c9CONOMIE","item":"https:\/\/ericbeeharry.re\/index.php\/programme\/economie\/"},{"@type":"ListItem","position":4,"name":"MOD\u00c8LE \u00c9CONOMIQUE ET SOCIAL"}]}]}},"_links":{"self":[{"href":"https:\/\/ericbeeharry.re\/index.php\/wp-json\/wp\/v2\/pages\/773"}],"collection":[{"href":"https:\/\/ericbeeharry.re\/index.php\/wp-json\/wp\/v2\/pages"}],"about":[{"href":"https:\/\/ericbeeharry.re\/index.php\/wp-json\/wp\/v2\/types\/page"}],"author":[{"embeddable":true,"href":"https:\/\/ericbeeharry.re\/index.php\/wp-json\/wp\/v2\/users\/1"}],"replies":[{"embeddable":true,"href":"https:\/\/ericbeeharry.re\/index.php\/wp-json\/wp\/v2\/comments?post=773"}],"version-history":[{"count":9,"href":"https:\/\/ericbeeharry.re\/index.php\/wp-json\/wp\/v2\/pages\/773\/revisions"}],"predecessor-version":[{"id":864,"href":"https:\/\/ericbeeharry.re\/index.php\/wp-json\/wp\/v2\/pages\/773\/revisions\/864"}],"up":[{"embeddable":true,"href":"https:\/\/ericbeeharry.re\/index.php\/wp-json\/wp\/v2\/pages\/450"}],"wp:featuredmedia":[{"embeddable":true,"href":"https:\/\/ericbeeharry.re\/index.php\/wp-json\/wp\/v2\/media\/418"}],"wp:attachment":[{"href":"https:\/\/ericbeeharry.re\/index.php\/wp-json\/wp\/v2\/media?parent=773"}],"curies":[{"name":"wp","href":"https:\/\/api.w.org\/{rel}","templated":true}]}}