{"id":787,"date":"2022-06-02T12:31:55","date_gmt":"2022-06-02T08:31:55","guid":{"rendered":"https:\/\/ericbeeharry.re\/?page_id=787"},"modified":"2022-06-03T14:57:03","modified_gmt":"2022-06-03T10:57:03","slug":"pacte-pour-le-tourisme","status":"publish","type":"page","link":"https:\/\/ericbeeharry.re\/index.php\/programme\/economie\/pacte-pour-le-tourisme\/","title":{"rendered":"PACTE POUR LE TOURISME"},"content":{"rendered":"<h3><strong><img loading=\"lazy\" class=\"aligncenter wp-image-424 size-full\" src=\"https:\/\/ericbeeharry.re\/wp-content\/uploads\/2022\/05\/pacte-pour-le-tourisme.jpg\" alt=\"\" width=\"847\" height=\"625\" srcset=\"https:\/\/ericbeeharry.re\/wp-content\/uploads\/2022\/05\/pacte-pour-le-tourisme.jpg 847w, https:\/\/ericbeeharry.re\/wp-content\/uploads\/2022\/05\/pacte-pour-le-tourisme-300x221.jpg 300w, https:\/\/ericbeeharry.re\/wp-content\/uploads\/2022\/05\/pacte-pour-le-tourisme-768x567.jpg 768w\" sizes=\"(max-width: 847px) 100vw, 847px\" \/><\/strong><\/h3>\n<p><strong>La R\u00e9union souffre d\u2019une concurrence intenable avec ses pays voisins (Maurice, les Seychelles et Madagascar, pour ne citer qu&rsquo;eux). Comment redonner \u00e0 notre \u00eele de la comp\u00e9titivit\u00e9 et donc de l&rsquo;attractivit\u00e9 ? \u00c0 travers un Pacte Pour le Tourisme, innovant et ambitieux, cr\u00e9dible et r\u00e9alisable.<\/strong><\/p>\n<p><strong><span style=\"color: #0000ff;\"><u>Le prix du s\u00e9jour et le Cr\u00e9diRun : une monnaie pour les touristes<\/u><\/span><\/strong><\/p>\n<p><strong>Afin de faire chuter le co\u00fbt des vacances \u00e0 la R\u00e9union, cr\u00e9ons une monnaie d\u00e9di\u00e9e aux touristes : le Cr\u00e9diRun.<\/strong><\/p>\n<p><strong><u>Fonctionnement<\/u><\/strong><\/p>\n<p><strong>&#8211; Cr\u00e9ation d&rsquo;une \u00ab\u00a0mini-banque centrale\u00a0\u00bb pour battre cette monnaie, la distribuer (guichets bancaires), permettre le paiement en ligne (cartes bancaires), la r\u00e9cup\u00e9rer et la convertir (syst\u00e8mes informatiques)<br \/>\n&#8211; Monnaie utilisable que dans le circuit \u00e9conomique r\u00e9unionnais<br \/>\n&#8211; Conversion au guichet de 1 \u20ac en 2 Cr\u00e9diRuns, pour les touristes<\/strong><br \/>\n<strong>&#8211; Valeur de 1 Cr\u00e9diRun \u00e9gale \u00e0 1 \u20ac, lors d&rsquo;achats aupr\u00e8s des entreprises r\u00e9unionnaises<\/strong><br \/>\n<strong>&#8211; Conversion de 1 Cr\u00e9diRun pour 1 \u20ac, pour la tr\u00e9sorerie des entreprises r\u00e9unionnaises<\/strong><\/p>\n<p><strong><u>Effets attendus<\/u><\/strong><\/p>\n<p><strong>&#8211; Doublement du pouvoir d&rsquo;achat des touristes<\/strong><br \/>\n<strong>&#8211; Doublement des recettes pour les entreprises par rapport aux recettes habituelles<\/strong><br \/>\n<strong>&#8211; Croissance exponentielle du chiffre d&rsquo;affaires, avec ce nouvel afflux extraordinaire de touristes, pour les entreprises r\u00e9unionnaises : agences de voyage, compagnies a\u00e9riennes, h\u00f4tels, restaurants, agroalimentaire, taxis, VTC, loisirs, boutiques, leurs fournisseurs divers, etc.<\/strong><br \/>\n<strong>&#8211; Cr\u00e9ation de milliers d&#8217;emplois dans ces entreprises et leurs partenaires<\/strong><br \/>\n<strong>&#8211; Croissance \u00e9conomique forte par ces nouvelles finances entrant dans le circuit \u00e9conomique r\u00e9unionnais<\/strong><\/p>\n<p><strong><u>Pas d&rsquo;inconv\u00e9nient<\/u><\/strong><\/p>\n<p><strong>&#8211; Aucune inflation, puisque correspondant \u00e0 une cr\u00e9ation r\u00e9elle de biens et services<\/strong><br \/>\n<strong>&#8211; Co\u00fbt de fonctionnement tr\u00e8s faible, les structures utiles existant d\u00e9j\u00e0 : IEDOM (Banque de France), r\u00e9seau bancaire et syst\u00e8mes informatiques habituels<\/strong><br \/>\n<strong>&#8211; Co\u00fbt d&rsquo;investissement bas au regard du puissant d\u00e9veloppement \u00e9conomique induit<\/strong><\/p>\n<p><strong><span style=\"color: #0000ff;\"><u>Les handicaps structurels \u00e0 lever<\/u><\/span><\/strong><\/p>\n<p><strong>Parall\u00e8lement des probl\u00e8mes durables emp\u00eachant le boom du tourisme doivent trouver des solutions durables.<\/strong><\/p>\n<p><strong><u>Ouverture du ciel<\/u><\/strong><\/p>\n<p><strong>Dans le cadre d&rsquo;une <a href=\"https:\/\/ericbeeharry.re\/index.php\/programme\/institutions\/decentralisation\" target=\"_blank\" rel=\"noopener\">r\u00e9forme territoriale<\/a>, le transfert de la comp\u00e9tence des autorisations des compagnies a\u00e9riennes du monde, de l\u2019\u00c9tat Fran\u00e7ais (DGAC) \u00e0 la R\u00e9gion R\u00e9union, entra\u00eenera deux effets :<\/strong><\/p>\n<p><strong>&#8211; Concurrence et baisse du prix des billets d\u2019avion<\/strong><br \/>\n<strong>&#8211; Facilitation de la venue de touristes du monde<\/strong><\/p>\n<p><strong><u>Formation des personnels<\/u><\/strong><\/p>\n<p><strong>Que ce soit dans l\u2019h\u00f4tellerie, la restauration, les loisirs, les transports et tous les secteurs recevant des touristes, nous savons que des comp\u00e9tences doivent \u00eatre am\u00e9lior\u00e9es :<\/strong><\/p>\n<p><strong>&#8211; Accueil, empathie et service<\/strong><br \/>\n<strong>&#8211; Pratique des langues \u00e9trang\u00e8res<\/strong><br \/>\n<strong>&#8211; Rigueur et savoir-\u00eatre professionnel<\/strong><\/p>\n<p><strong><a href=\"https:\/\/ericbeeharry.re\/index.php\/programme\/economie\/allocation-universelle\" target=\"_blank\" rel=\"noopener\">L&rsquo;allocation universelle<\/a> augmente grandement le capital humain des professionnels du tourisme, parce qu&rsquo;elle donne le droit \u00e0 une formation bien r\u00e9mun\u00e9r\u00e9e \u00e0 tous.\u00a0<\/strong><\/p>\n<p><strong><u>La taxe a\u00e9roportuaire<\/u><\/strong><\/p>\n<p><strong>La taxe a\u00e9roportuaire correspond \u00e0 une part importante du prix du billet d\u2019avion, il faut donc la r\u00e9duire.<\/strong><\/p>\n<p><strong>&#8211; <a href=\"https:\/\/ericbeeharry.re\/index.php\/programme\/institutions\/decentralisation\" target=\"_blank\" rel=\"noopener\">Fusion des services de la CCI avec le service \u00e9conomique du Conseil R\u00e9gional<\/a><br \/>\n&#8211; R\u00e9cup\u00e9ration par la R\u00e9gion de la comp\u00e9tence de gestion de l\u2019a\u00e9roport<br \/>\n&#8211; Doublons de poste supprim\u00e9s et synergies g\u00e9n\u00e9r\u00e9es, diminuant les d\u00e9penses de fonctionnement<br \/>\n&#8211; R\u00e9duction de la taxe a\u00e9roportuaire et donc du prix du billet d\u2019avion<\/strong><\/p>\n<p><strong><span style=\"color: #0000ff;\"><u>La Zone Touristique Sp\u00e9ciale des plages<\/u><\/span><\/strong><\/p>\n<p><b>Saint-Gilles et la zone baln\u00e9aire sont compris dans des communes rurales. On a donc une zone baln\u00e9aire, vitrine de l\u2019\u00eele, g\u00e9r\u00e9e par des communes dont la majeure partie est constitu\u00e9e de villages ruraux. L&rsquo;h\u00e9t\u00e9rog\u00e9n\u00e9it\u00e9 de ces territoires et les int\u00e9r\u00eats trop disparates de leurs mairies emp\u00eachent donc une action publique efficace.<\/b><\/p>\n<p><strong>&#8211; Cr\u00e9ation d&rsquo;une Super-commune \u00e0 part enti\u00e8re, avec des comp\u00e9tences \u00e9largies pour la d\u00e9velopper v\u00e9ritablement<br \/>\n&#8211; Sa d\u00e9limitation allant de Boucan Canot \u00e0 l&rsquo;\u00c9tang-Sal\u00e9<br \/>\n&#8211; G\u00e9ographie politique homog\u00e8ne et calqu\u00e9e sur la g\u00e9ographie \u00e9conomique de la zone baln\u00e9aire<br \/>\n<\/strong><strong>&#8211; Am\u00e9nagement du territoire am\u00e9lior\u00e9 et acc\u00e9l\u00e9r\u00e9 : port de Saint-Gilles-les-Bains, routes et parkings, transports en commun, autorisations d\u2019animations (concerts, balades en poneys, \u2026), relations avec les entreprises, etc.<br \/>\n&#8211; Financement par la quote-part des budgets municipaux des communes amput\u00e9es g\u00e9ographiquement (Saint-Paul, Trois-Bassins, Saint-Leu et l&rsquo;\u00c9tang-Sal\u00e9), celle du Conseil R\u00e9gional d\u00e9di\u00e9e au tourisme, celle de la CCI d\u00e9di\u00e9e \u00e0 la gestion du port de Saint-Gilles et par le budget de la R\u00e9serve Marine fusionn\u00e9e dans la ZTS<\/strong><\/p>\n<p style=\"text-align: center;\"><a href=\"http:\/\/www.economiematin.fr\/news-reunion-tourisme-chomage-taxes-pacte-creditrun-saintgilles-beeharry\" target=\"_blank\" rel=\"noopener\">Article sur \u00c9conomie Matin<\/a><\/p>\n","protected":false},"excerpt":{"rendered":"<p>La R\u00e9union souffre d\u2019une concurrence intenable avec ses pays voisins (Maurice, les Seychelles et Madagascar, pour ne citer qu&rsquo;eux). Comment redonner \u00e0 notre \u00eele de la comp\u00e9titivit\u00e9 et donc de l&rsquo;attractivit\u00e9 ? \u00c0 travers un Pacte Pour le Tourisme, innovant et ambitieux, cr\u00e9dible et r\u00e9alisable. Le prix du s\u00e9jour et le Cr\u00e9diRun : une monnaie [&hellip;]<\/p>\n","protected":false},"author":1,"featured_media":418,"parent":450,"menu_order":0,"comment_status":"closed","ping_status":"closed","template":"templates\/template-cover.php","meta":[],"yoast_head":"<!-- This site is optimized with the Yoast SEO plugin v17.8 - https:\/\/yoast.com\/wordpress\/plugins\/seo\/ -->\n<title>PACTE POUR LE TOURISME - Nouvelle R\u00e9union - \u00c9ric Beeharry<\/title>\n<meta name=\"robots\" content=\"index, follow, max-snippet:-1, max-image-preview:large, max-video-preview:-1\" \/>\n<link rel=\"canonical\" href=\"https:\/\/ericbeeharry.re\/index.php\/programme\/economie\/pacte-pour-le-tourisme\/\" \/>\n<meta property=\"og:locale\" content=\"fr_FR\" \/>\n<meta property=\"og:type\" content=\"article\" \/>\n<meta property=\"og:title\" content=\"PACTE POUR LE TOURISME - Nouvelle R\u00e9union - \u00c9ric Beeharry\" \/>\n<meta property=\"og:description\" content=\"La R\u00e9union souffre d\u2019une concurrence intenable avec ses pays voisins (Maurice, les Seychelles et Madagascar, pour ne citer qu&rsquo;eux). Comment redonner \u00e0 notre \u00eele de la comp\u00e9titivit\u00e9 et donc de l&rsquo;attractivit\u00e9 ? \u00c0 travers un Pacte Pour le Tourisme, innovant et ambitieux, cr\u00e9dible et r\u00e9alisable. Le prix du s\u00e9jour et le Cr\u00e9diRun : une monnaie [&hellip;]\" \/>\n<meta property=\"og:url\" content=\"https:\/\/ericbeeharry.re\/index.php\/programme\/economie\/pacte-pour-le-tourisme\/\" \/>\n<meta property=\"og:site_name\" content=\"Nouvelle R\u00e9union - \u00c9ric Beeharry\" \/>\n<meta property=\"article:modified_time\" content=\"2022-06-03T10:57:03+00:00\" \/>\n<meta property=\"og:image\" content=\"https:\/\/ericbeeharry.re\/wp-content\/uploads\/2022\/05\/Galaxie-Photo-Bordure-General-Twitch-Banniere.png\" \/>\n\t<meta property=\"og:image:width\" content=\"900\" \/>\n\t<meta property=\"og:image:height\" content=\"480\" \/>\n<meta name=\"twitter:card\" content=\"summary_large_image\" \/>\n<meta name=\"twitter:label1\" content=\"Dur\u00e9e de lecture estim\u00e9e\" \/>\n\t<meta name=\"twitter:data1\" content=\"4 minutes\" \/>\n<script type=\"application\/ld+json\" class=\"yoast-schema-graph\">{\"@context\":\"https:\/\/schema.org\",\"@graph\":[{\"@type\":\"WebSite\",\"@id\":\"https:\/\/ericbeeharry.re\/#website\",\"url\":\"https:\/\/ericbeeharry.re\/\",\"name\":\"Nouvelle R\\u00e9union - \\u00c9ric Beeharry\",\"description\":\"\",\"potentialAction\":[{\"@type\":\"SearchAction\",\"target\":{\"@type\":\"EntryPoint\",\"urlTemplate\":\"https:\/\/ericbeeharry.re\/?s={search_term_string}\"},\"query-input\":\"required name=search_term_string\"}],\"inLanguage\":\"fr-FR\"},{\"@type\":\"ImageObject\",\"@id\":\"https:\/\/ericbeeharry.re\/index.php\/programme\/economie\/pacte-pour-le-tourisme\/#primaryimage\",\"inLanguage\":\"fr-FR\",\"url\":\"https:\/\/ericbeeharry.re\/wp-content\/uploads\/2022\/05\/Galaxie-Photo-Bordure-General-Twitch-Banniere.png\",\"contentUrl\":\"https:\/\/ericbeeharry.re\/wp-content\/uploads\/2022\/05\/Galaxie-Photo-Bordure-General-Twitch-Banniere.png\",\"width\":900,\"height\":480},{\"@type\":\"WebPage\",\"@id\":\"https:\/\/ericbeeharry.re\/index.php\/programme\/economie\/pacte-pour-le-tourisme\/#webpage\",\"url\":\"https:\/\/ericbeeharry.re\/index.php\/programme\/economie\/pacte-pour-le-tourisme\/\",\"name\":\"PACTE POUR LE TOURISME - Nouvelle R\\u00e9union - \\u00c9ric Beeharry\",\"isPartOf\":{\"@id\":\"https:\/\/ericbeeharry.re\/#website\"},\"primaryImageOfPage\":{\"@id\":\"https:\/\/ericbeeharry.re\/index.php\/programme\/economie\/pacte-pour-le-tourisme\/#primaryimage\"},\"datePublished\":\"2022-06-02T08:31:55+00:00\",\"dateModified\":\"2022-06-03T10:57:03+00:00\",\"breadcrumb\":{\"@id\":\"https:\/\/ericbeeharry.re\/index.php\/programme\/economie\/pacte-pour-le-tourisme\/#breadcrumb\"},\"inLanguage\":\"fr-FR\",\"potentialAction\":[{\"@type\":\"ReadAction\",\"target\":[\"https:\/\/ericbeeharry.re\/index.php\/programme\/economie\/pacte-pour-le-tourisme\/\"]}]},{\"@type\":\"BreadcrumbList\",\"@id\":\"https:\/\/ericbeeharry.re\/index.php\/programme\/economie\/pacte-pour-le-tourisme\/#breadcrumb\",\"itemListElement\":[{\"@type\":\"ListItem\",\"position\":1,\"name\":\"Accueil\",\"item\":\"https:\/\/ericbeeharry.re\/\"},{\"@type\":\"ListItem\",\"position\":2,\"name\":\"PROGRAMME\",\"item\":\"https:\/\/ericbeeharry.re\/index.php\/programme\/\"},{\"@type\":\"ListItem\",\"position\":3,\"name\":\"\\u00c9CONOMIE\",\"item\":\"https:\/\/ericbeeharry.re\/index.php\/programme\/economie\/\"},{\"@type\":\"ListItem\",\"position\":4,\"name\":\"PACTE POUR LE TOURISME\"}]}]}<\/script>\n<!-- \/ Yoast SEO plugin. -->","yoast_head_json":{"title":"PACTE POUR LE TOURISME - Nouvelle R\u00e9union - \u00c9ric Beeharry","robots":{"index":"index","follow":"follow","max-snippet":"max-snippet:-1","max-image-preview":"max-image-preview:large","max-video-preview":"max-video-preview:-1"},"canonical":"https:\/\/ericbeeharry.re\/index.php\/programme\/economie\/pacte-pour-le-tourisme\/","og_locale":"fr_FR","og_type":"article","og_title":"PACTE POUR LE TOURISME - Nouvelle R\u00e9union - \u00c9ric Beeharry","og_description":"La R\u00e9union souffre d\u2019une concurrence intenable avec ses pays voisins (Maurice, les Seychelles et Madagascar, pour ne citer qu&rsquo;eux). Comment redonner \u00e0 notre \u00eele de la comp\u00e9titivit\u00e9 et donc de l&rsquo;attractivit\u00e9 ? \u00c0 travers un Pacte Pour le Tourisme, innovant et ambitieux, cr\u00e9dible et r\u00e9alisable. Le prix du s\u00e9jour et le Cr\u00e9diRun : une monnaie [&hellip;]","og_url":"https:\/\/ericbeeharry.re\/index.php\/programme\/economie\/pacte-pour-le-tourisme\/","og_site_name":"Nouvelle R\u00e9union - \u00c9ric Beeharry","article_modified_time":"2022-06-03T10:57:03+00:00","og_image":[{"width":900,"height":480,"url":"https:\/\/ericbeeharry.re\/wp-content\/uploads\/2022\/05\/Galaxie-Photo-Bordure-General-Twitch-Banniere.png","type":"image\/png"}],"twitter_card":"summary_large_image","twitter_misc":{"Dur\u00e9e de lecture estim\u00e9e":"4 minutes"},"schema":{"@context":"https:\/\/schema.org","@graph":[{"@type":"WebSite","@id":"https:\/\/ericbeeharry.re\/#website","url":"https:\/\/ericbeeharry.re\/","name":"Nouvelle R\u00e9union - \u00c9ric Beeharry","description":"","potentialAction":[{"@type":"SearchAction","target":{"@type":"EntryPoint","urlTemplate":"https:\/\/ericbeeharry.re\/?s={search_term_string}"},"query-input":"required name=search_term_string"}],"inLanguage":"fr-FR"},{"@type":"ImageObject","@id":"https:\/\/ericbeeharry.re\/index.php\/programme\/economie\/pacte-pour-le-tourisme\/#primaryimage","inLanguage":"fr-FR","url":"https:\/\/ericbeeharry.re\/wp-content\/uploads\/2022\/05\/Galaxie-Photo-Bordure-General-Twitch-Banniere.png","contentUrl":"https:\/\/ericbeeharry.re\/wp-content\/uploads\/2022\/05\/Galaxie-Photo-Bordure-General-Twitch-Banniere.png","width":900,"height":480},{"@type":"WebPage","@id":"https:\/\/ericbeeharry.re\/index.php\/programme\/economie\/pacte-pour-le-tourisme\/#webpage","url":"https:\/\/ericbeeharry.re\/index.php\/programme\/economie\/pacte-pour-le-tourisme\/","name":"PACTE POUR LE TOURISME - Nouvelle R\u00e9union - \u00c9ric Beeharry","isPartOf":{"@id":"https:\/\/ericbeeharry.re\/#website"},"primaryImageOfPage":{"@id":"https:\/\/ericbeeharry.re\/index.php\/programme\/economie\/pacte-pour-le-tourisme\/#primaryimage"},"datePublished":"2022-06-02T08:31:55+00:00","dateModified":"2022-06-03T10:57:03+00:00","breadcrumb":{"@id":"https:\/\/ericbeeharry.re\/index.php\/programme\/economie\/pacte-pour-le-tourisme\/#breadcrumb"},"inLanguage":"fr-FR","potentialAction":[{"@type":"ReadAction","target":["https:\/\/ericbeeharry.re\/index.php\/programme\/economie\/pacte-pour-le-tourisme\/"]}]},{"@type":"BreadcrumbList","@id":"https:\/\/ericbeeharry.re\/index.php\/programme\/economie\/pacte-pour-le-tourisme\/#breadcrumb","itemListElement":[{"@type":"ListItem","position":1,"name":"Accueil","item":"https:\/\/ericbeeharry.re\/"},{"@type":"ListItem","position":2,"name":"PROGRAMME","item":"https:\/\/ericbeeharry.re\/index.php\/programme\/"},{"@type":"ListItem","position":3,"name":"\u00c9CONOMIE","item":"https:\/\/ericbeeharry.re\/index.php\/programme\/economie\/"},{"@type":"ListItem","position":4,"name":"PACTE POUR LE TOURISME"}]}]}},"_links":{"self":[{"href":"https:\/\/ericbeeharry.re\/index.php\/wp-json\/wp\/v2\/pages\/787"}],"collection":[{"href":"https:\/\/ericbeeharry.re\/index.php\/wp-json\/wp\/v2\/pages"}],"about":[{"href":"https:\/\/ericbeeharry.re\/index.php\/wp-json\/wp\/v2\/types\/page"}],"author":[{"embeddable":true,"href":"https:\/\/ericbeeharry.re\/index.php\/wp-json\/wp\/v2\/users\/1"}],"replies":[{"embeddable":true,"href":"https:\/\/ericbeeharry.re\/index.php\/wp-json\/wp\/v2\/comments?post=787"}],"version-history":[{"count":30,"href":"https:\/\/ericbeeharry.re\/index.php\/wp-json\/wp\/v2\/pages\/787\/revisions"}],"predecessor-version":[{"id":865,"href":"https:\/\/ericbeeharry.re\/index.php\/wp-json\/wp\/v2\/pages\/787\/revisions\/865"}],"up":[{"embeddable":true,"href":"https:\/\/ericbeeharry.re\/index.php\/wp-json\/wp\/v2\/pages\/450"}],"wp:featuredmedia":[{"embeddable":true,"href":"https:\/\/ericbeeharry.re\/index.php\/wp-json\/wp\/v2\/media\/418"}],"wp:attachment":[{"href":"https:\/\/ericbeeharry.re\/index.php\/wp-json\/wp\/v2\/media?parent=787"}],"curies":[{"name":"wp","href":"https:\/\/api.w.org\/{rel}","templated":true}]}}